{"id":88,"date":"2020-01-18T09:41:37","date_gmt":"2020-01-18T08:41:37","guid":{"rendered":"https:\/\/www.spnborek.ostnet.pl\/?page_id=88"},"modified":"2020-09-10T06:01:58","modified_gmt":"2020-09-10T04:01:58","slug":"samorzad-uczniowski","status":"publish","type":"page","link":"https:\/\/www.spnborek.ostnet.pl\/index.php\/samorzad-uczniowski\/","title":{"rendered":"Samorz\u0105d Uczniowski"},"content":{"rendered":"<p style=\"text-align: center;\"><span style=\"color: #1e73be;\"><strong>Samorz\u0105d Uczniowski w roku 2020\/2021<\/strong><\/span><\/p>\n<p><a href=\"https:\/\/www.spnborek.ostnet.pl\/wp-content\/uploads\/2020\/09\/Regulamin-Samorz\u0105du-Uczniowskiego.pdf\">Regulamin Samorz\u0105du Uczniowskiego<\/a><\/p>\n<p><a href=\"https:\/\/www.spnborek.ostnet.pl\/wp-content\/uploads\/2020\/09\/Ordynacja-wyborcza-do-Samorz\u0105du-Uczniowskiego.pdf\">Ordynacja wyborcza Samorz\u0105du Uczniowskiego<\/a><\/p>\n<hr>\n<p style=\"text-align: center;\"><span style=\"color: #1e73be;\"><strong>Samorz\u0105d Uczniowski w roku 2019\/2020<\/strong><\/span><\/p>\n<p style=\"text-align: center;\">przewodnicz\u0105cy:<strong> Magdalena Nieczaj<br \/>\n<\/strong>zast\u0119pca:<strong> Liwia S\u0142owik<\/strong><\/p>\n<p style=\"text-align: center;\"><strong><span style=\"color: #1e73be;\">Sekcja sportowa<\/span><br \/>\n<\/strong>Patryk Brydak, Wiktor Kalita, Dawid Nazimek, Mateusz Stankowski, Hubert Wania<\/p>\n<p style=\"text-align: center;\"><strong><span style=\"color: #1e73be;\">Sekcja porz\u0105dkowa<\/span><br \/>\n<\/strong>Kamil Filip, Patryk Ha\u0142o\u0144, Szymon Kowtun, Oskar Paluch, Kacper Wybraniec<\/p>\n<p style=\"text-align: center;\"><strong><span style=\"color: #1e73be;\">Sekcja dekoracyjna<\/span><br \/>\n<\/strong>Magdalena Kowal, Jagoda Litwin, Liliana Litwin,&nbsp;Kinga Ma\u0107kowicz,&nbsp;Wiktoria Najda<\/p>\n","protected":false},"excerpt":{"rendered":"<p>Samorz\u0105d Uczniowski w roku 2020\/2021 Regulamin Samorz\u0105du Uczniowskiego Ordynacja wyborcza Samorz\u0105du Uczniowskiego Samorz\u0105d Uczniowski w roku 2019\/2020 przewodnicz\u0105cy: Magdalena Nieczaj zast\u0119pca: Liwia S\u0142owik Sekcja sportowa Patryk Brydak, Wiktor Kalita, Dawid Nazimek, Mateusz Stankowski, Hubert Wania Sekcja porz\u0105dkowa Kamil Filip, Patryk Ha\u0142o\u0144, Szymon Kowtun, Oskar Paluch, Kacper Wybraniec Sekcja dekoracyjna Magdalena Kowal, Jagoda Litwin, Liliana Litwin,&nbsp;Kinga [&hellip;]<\/p>\n","protected":false},"author":1,"featured_media":0,"parent":0,"menu_order":0,"comment_status":"closed","ping_status":"closed","template":"","meta":{"ngg_post_thumbnail":0,"footnotes":""},"class_list":["post-88","page","type-page","status-publish","hentry"],"yoast_head":"<!-- This site is optimized with the Yoast SEO plugin v22.5 - https:\/\/yoast.com\/wordpress\/plugins\/seo\/ -->\n<title>Samorz\u0105d Uczniowski - Szko\u0142a Podstawowa w Nowym Borku<\/title>\n<meta name=\"robots\" content=\"index, follow, max-snippet:-1, max-image-preview:large, max-video-preview:-1\" \/>\n<link rel=\"canonical\" href=\"https:\/\/www.spnborek.ostnet.pl\/index.php\/samorzad-uczniowski\/\" \/>\n<meta property=\"og:locale\" content=\"pl_PL\" \/>\n<meta property=\"og:type\" content=\"article\" \/>\n<meta property=\"og:title\" content=\"Samorz\u0105d Uczniowski - Szko\u0142a Podstawowa w Nowym Borku\" \/>\n<meta property=\"og:description\" content=\"Samorz\u0105d Uczniowski w roku 2020\/2021 Regulamin Samorz\u0105du Uczniowskiego Ordynacja wyborcza Samorz\u0105du Uczniowskiego Samorz\u0105d Uczniowski w roku 2019\/2020 przewodnicz\u0105cy: Magdalena Nieczaj zast\u0119pca: Liwia S\u0142owik Sekcja sportowa Patryk Brydak, Wiktor Kalita, Dawid Nazimek, Mateusz Stankowski, Hubert Wania Sekcja porz\u0105dkowa Kamil Filip, Patryk Ha\u0142o\u0144, Szymon Kowtun, Oskar Paluch, Kacper Wybraniec Sekcja dekoracyjna Magdalena Kowal, Jagoda Litwin, Liliana Litwin,&nbsp;Kinga [&hellip;]\" \/>\n<meta property=\"og:url\" content=\"https:\/\/www.spnborek.ostnet.pl\/index.php\/samorzad-uczniowski\/\" \/>\n<meta property=\"og:site_name\" content=\"Szko\u0142a Podstawowa w Nowym Borku\" \/>\n<meta property=\"article:publisher\" content=\"https:\/\/www.facebook.com\/SzkolaPodstawowawNowymBorku\/\" \/>\n<meta property=\"article:modified_time\" content=\"2020-09-10T04:01:58+00:00\" \/>\n<meta name=\"twitter:card\" content=\"summary_large_image\" \/>\n<script type=\"application\/ld+json\" class=\"yoast-schema-graph\">{\"@context\":\"https:\/\/schema.org\",\"@graph\":[{\"@type\":\"WebPage\",\"@id\":\"https:\/\/www.spnborek.ostnet.pl\/index.php\/samorzad-uczniowski\/\",\"url\":\"https:\/\/www.spnborek.ostnet.pl\/index.php\/samorzad-uczniowski\/\",\"name\":\"Samorz\u0105d Uczniowski - Szko\u0142a Podstawowa w Nowym Borku\",\"isPartOf\":{\"@id\":\"https:\/\/www.spnborek.ostnet.pl\/#website\"},\"datePublished\":\"2020-01-18T08:41:37+00:00\",\"dateModified\":\"2020-09-10T04:01:58+00:00\",\"breadcrumb\":{\"@id\":\"https:\/\/www.spnborek.ostnet.pl\/index.php\/samorzad-uczniowski\/#breadcrumb\"},\"inLanguage\":\"pl-PL\",\"potentialAction\":[{\"@type\":\"ReadAction\",\"target\":[\"https:\/\/www.spnborek.ostnet.pl\/index.php\/samorzad-uczniowski\/\"]}]},{\"@type\":\"BreadcrumbList\",\"@id\":\"https:\/\/www.spnborek.ostnet.pl\/index.php\/samorzad-uczniowski\/#breadcrumb\",\"itemListElement\":[{\"@type\":\"ListItem\",\"position\":1,\"name\":\"Strona g\u0142\u00f3wna\",\"item\":\"https:\/\/www.spnborek.ostnet.pl\/\"},{\"@type\":\"ListItem\",\"position\":2,\"name\":\"Samorz\u0105d Uczniowski\"}]},{\"@type\":\"WebSite\",\"@id\":\"https:\/\/www.spnborek.ostnet.pl\/#website\",\"url\":\"https:\/\/www.spnborek.ostnet.pl\/\",\"name\":\"Szko\u0142a Podstawowa w Nowym Borku\",\"description\":\"Szko\u0142a Podstawowa w Nowym Borku im. gen. bryg. Mieczys\u0142awa Boruty-Spiechowicza\",\"publisher\":{\"@id\":\"https:\/\/www.spnborek.ostnet.pl\/#organization\"},\"potentialAction\":[{\"@type\":\"SearchAction\",\"target\":{\"@type\":\"EntryPoint\",\"urlTemplate\":\"https:\/\/www.spnborek.ostnet.pl\/?s={search_term_string}\"},\"query-input\":\"required name=search_term_string\"}],\"inLanguage\":\"pl-PL\"},{\"@type\":\"Organization\",\"@id\":\"https:\/\/www.spnborek.ostnet.pl\/#organization\",\"name\":\"Szko\u0142a Podstawowa w Nowym Borku\",\"url\":\"https:\/\/www.spnborek.ostnet.pl\/\",\"logo\":{\"@type\":\"ImageObject\",\"inLanguage\":\"pl-PL\",\"@id\":\"https:\/\/www.spnborek.ostnet.pl\/#\/schema\/logo\/image\/\",\"url\":\"https:\/\/www.spnborek.ostnet.pl\/wp-content\/uploads\/2020\/01\/logo-2-e1579378838968.png\",\"contentUrl\":\"https:\/\/www.spnborek.ostnet.pl\/wp-content\/uploads\/2020\/01\/logo-2-e1579378838968.png\",\"width\":80,\"height\":75,\"caption\":\"Szko\u0142a Podstawowa w Nowym Borku\"},\"image\":{\"@id\":\"https:\/\/www.spnborek.ostnet.pl\/#\/schema\/logo\/image\/\"},\"sameAs\":[\"https:\/\/www.facebook.com\/SzkolaPodstawowawNowymBorku\/\"]}]}<\/script>\n<!-- \/ Yoast SEO plugin. -->","yoast_head_json":{"title":"Samorz\u0105d Uczniowski - Szko\u0142a Podstawowa w Nowym Borku","robots":{"index":"index","follow":"follow","max-snippet":"max-snippet:-1","max-image-preview":"max-image-preview:large","max-video-preview":"max-video-preview:-1"},"canonical":"https:\/\/www.spnborek.ostnet.pl\/index.php\/samorzad-uczniowski\/","og_locale":"pl_PL","og_type":"article","og_title":"Samorz\u0105d Uczniowski - Szko\u0142a Podstawowa w Nowym Borku","og_description":"Samorz\u0105d Uczniowski w roku 2020\/2021 Regulamin Samorz\u0105du Uczniowskiego Ordynacja wyborcza Samorz\u0105du Uczniowskiego Samorz\u0105d Uczniowski w roku 2019\/2020 przewodnicz\u0105cy: Magdalena Nieczaj zast\u0119pca: Liwia S\u0142owik Sekcja sportowa Patryk Brydak, Wiktor Kalita, Dawid Nazimek, Mateusz Stankowski, Hubert Wania Sekcja porz\u0105dkowa Kamil Filip, Patryk Ha\u0142o\u0144, Szymon Kowtun, Oskar Paluch, Kacper Wybraniec Sekcja dekoracyjna Magdalena Kowal, Jagoda Litwin, Liliana Litwin,&nbsp;Kinga [&hellip;]","og_url":"https:\/\/www.spnborek.ostnet.pl\/index.php\/samorzad-uczniowski\/","og_site_name":"Szko\u0142a Podstawowa w Nowym Borku","article_publisher":"https:\/\/www.facebook.com\/SzkolaPodstawowawNowymBorku\/","article_modified_time":"2020-09-10T04:01:58+00:00","twitter_card":"summary_large_image","schema":{"@context":"https:\/\/schema.org","@graph":[{"@type":"WebPage","@id":"https:\/\/www.spnborek.ostnet.pl\/index.php\/samorzad-uczniowski\/","url":"https:\/\/www.spnborek.ostnet.pl\/index.php\/samorzad-uczniowski\/","name":"Samorz\u0105d Uczniowski - Szko\u0142a Podstawowa w Nowym Borku","isPartOf":{"@id":"https:\/\/www.spnborek.ostnet.pl\/#website"},"datePublished":"2020-01-18T08:41:37+00:00","dateModified":"2020-09-10T04:01:58+00:00","breadcrumb":{"@id":"https:\/\/www.spnborek.ostnet.pl\/index.php\/samorzad-uczniowski\/#breadcrumb"},"inLanguage":"pl-PL","potentialAction":[{"@type":"ReadAction","target":["https:\/\/www.spnborek.ostnet.pl\/index.php\/samorzad-uczniowski\/"]}]},{"@type":"BreadcrumbList","@id":"https:\/\/www.spnborek.ostnet.pl\/index.php\/samorzad-uczniowski\/#breadcrumb","itemListElement":[{"@type":"ListItem","position":1,"name":"Strona g\u0142\u00f3wna","item":"https:\/\/www.spnborek.ostnet.pl\/"},{"@type":"ListItem","position":2,"name":"Samorz\u0105d Uczniowski"}]},{"@type":"WebSite","@id":"https:\/\/www.spnborek.ostnet.pl\/#website","url":"https:\/\/www.spnborek.ostnet.pl\/","name":"Szko\u0142a Podstawowa w Nowym Borku","description":"Szko\u0142a Podstawowa w Nowym Borku im. gen. bryg. Mieczys\u0142awa Boruty-Spiechowicza","publisher":{"@id":"https:\/\/www.spnborek.ostnet.pl\/#organization"},"potentialAction":[{"@type":"SearchAction","target":{"@type":"EntryPoint","urlTemplate":"https:\/\/www.spnborek.ostnet.pl\/?s={search_term_string}"},"query-input":"required name=search_term_string"}],"inLanguage":"pl-PL"},{"@type":"Organization","@id":"https:\/\/www.spnborek.ostnet.pl\/#organization","name":"Szko\u0142a Podstawowa w Nowym Borku","url":"https:\/\/www.spnborek.ostnet.pl\/","logo":{"@type":"ImageObject","inLanguage":"pl-PL","@id":"https:\/\/www.spnborek.ostnet.pl\/#\/schema\/logo\/image\/","url":"https:\/\/www.spnborek.ostnet.pl\/wp-content\/uploads\/2020\/01\/logo-2-e1579378838968.png","contentUrl":"https:\/\/www.spnborek.ostnet.pl\/wp-content\/uploads\/2020\/01\/logo-2-e1579378838968.png","width":80,"height":75,"caption":"Szko\u0142a Podstawowa w Nowym Borku"},"image":{"@id":"https:\/\/www.spnborek.ostnet.pl\/#\/schema\/logo\/image\/"},"sameAs":["https:\/\/www.facebook.com\/SzkolaPodstawowawNowymBorku\/"]}]}},"_links":{"self":[{"href":"https:\/\/www.spnborek.ostnet.pl\/index.php\/wp-json\/wp\/v2\/pages\/88","targetHints":{"allow":["GET"]}}],"collection":[{"href":"https:\/\/www.spnborek.ostnet.pl\/index.php\/wp-json\/wp\/v2\/pages"}],"about":[{"href":"https:\/\/www.spnborek.ostnet.pl\/index.php\/wp-json\/wp\/v2\/types\/page"}],"author":[{"embeddable":true,"href":"https:\/\/www.spnborek.ostnet.pl\/index.php\/wp-json\/wp\/v2\/users\/1"}],"replies":[{"embeddable":true,"href":"https:\/\/www.spnborek.ostnet.pl\/index.php\/wp-json\/wp\/v2\/comments?post=88"}],"version-history":[{"count":8,"href":"https:\/\/www.spnborek.ostnet.pl\/index.php\/wp-json\/wp\/v2\/pages\/88\/revisions"}],"predecessor-version":[{"id":1309,"href":"https:\/\/www.spnborek.ostnet.pl\/index.php\/wp-json\/wp\/v2\/pages\/88\/revisions\/1309"}],"wp:attachment":[{"href":"https:\/\/www.spnborek.ostnet.pl\/index.php\/wp-json\/wp\/v2\/media?parent=88"}],"curies":[{"name":"wp","href":"https:\/\/api.w.org\/{rel}","templated":true}]}}