{"id":834,"date":"2020-04-15T07:49:01","date_gmt":"2020-04-15T05:49:01","guid":{"rendered":"https:\/\/www.spnborek.ostnet.pl\/?page_id=834"},"modified":"2020-06-01T13:32:22","modified_gmt":"2020-06-01T11:32:22","slug":"informacje","status":"publish","type":"page","link":"https:\/\/www.spnborek.ostnet.pl\/index.php\/informacje\/","title":{"rendered":"Informacje"},"content":{"rendered":"<ul>\n<li><a href=\"https:\/\/www.spnborek.ostnet.pl\/wp-content\/uploads\/2020\/06\/jak-sie-uczy\u0107.pdf\">Jak si\u0119 uczy\u0107<\/a><\/li>\n<li><a href=\"https:\/\/www.spnborek.ostnet.pl\/wp-content\/uploads\/2020\/05\/s\u0142\u00f3w-kilka-o-emocjach.pdf\">S\u0142\u00f3w kilka o emocjach<\/a><\/li>\n<li><a href=\"https:\/\/www.spnborek.ostnet.pl\/wp-content\/uploads\/2020\/05\/Nasze-emocje.pptx\">Nasze emocje<\/a><\/li>\n<li><a href=\"https:\/\/www.spnborek.ostnet.pl\/index.php\/2020\/03\/28\/jak-pomoc-dziecku-radzic-sobie-z-lekiem-zwiazanym-z-sytuacja-zagrozenia-koronawirusem\/\">Jak pom\u00f3c dziecku radzi\u0107 sobie z l\u0119kiem zwi\u0105zanym z sytuacj\u0105 zagro\u017cenia koronawirusem?<\/a><\/li>\n<li><a href=\"https:\/\/www.spnborek.ostnet.pl\/wp-content\/uploads\/2020\/04\/jak_rozmawaic.pdf\">Jak rozmawia\u0107 z dzieckiem o koronawirusie?<\/a><\/li>\n<li><a href=\"https:\/\/www.spnborek.ostnet.pl\/index.php\/2020\/04\/05\/wykaz-instytucji-wspierajacych\/\">Wykaz instytucji wspieraj\u0105cych<\/a><\/li>\n<li><a href=\"https:\/\/www.spnborek.ostnet.pl\/wp-content\/uploads\/2020\/05\/Dlaczego-trzeba-my\u0107-r\u0119ce-\u0107wiczenie2029.pdf\">Dlaczego trzeba my\u0107 r\u0119ce &#8211; \u0107wiczenie<\/a><\/li>\n<\/ul>\n","protected":false},"excerpt":{"rendered":"<p>Jak si\u0119 uczy\u0107 S\u0142\u00f3w kilka o emocjach Nasze emocje Jak pom\u00f3c dziecku radzi\u0107 sobie z l\u0119kiem zwi\u0105zanym z sytuacj\u0105 zagro\u017cenia koronawirusem? Jak rozmawia\u0107 z dzieckiem o koronawirusie? Wykaz instytucji wspieraj\u0105cych Dlaczego trzeba my\u0107 r\u0119ce &#8211; \u0107wiczenie<\/p>\n","protected":false},"author":1,"featured_media":0,"parent":0,"menu_order":0,"comment_status":"closed","ping_status":"closed","template":"","meta":{"ngg_post_thumbnail":0,"footnotes":""},"class_list":["post-834","page","type-page","status-publish","hentry"],"yoast_head":"<!-- This site is optimized with the Yoast SEO plugin v22.5 - https:\/\/yoast.com\/wordpress\/plugins\/seo\/ -->\n<title>Informacje - Szko\u0142a Podstawowa w Nowym Borku<\/title>\n<meta name=\"robots\" content=\"index, follow, max-snippet:-1, max-image-preview:large, max-video-preview:-1\" \/>\n<link rel=\"canonical\" href=\"https:\/\/www.spnborek.ostnet.pl\/index.php\/informacje\/\" \/>\n<meta property=\"og:locale\" content=\"pl_PL\" \/>\n<meta property=\"og:type\" content=\"article\" \/>\n<meta property=\"og:title\" content=\"Informacje - Szko\u0142a Podstawowa w Nowym Borku\" \/>\n<meta property=\"og:description\" content=\"Jak si\u0119 uczy\u0107 S\u0142\u00f3w kilka o emocjach Nasze emocje Jak pom\u00f3c dziecku radzi\u0107 sobie z l\u0119kiem zwi\u0105zanym z sytuacj\u0105 zagro\u017cenia koronawirusem? Jak rozmawia\u0107 z dzieckiem o koronawirusie? Wykaz instytucji wspieraj\u0105cych Dlaczego trzeba my\u0107 r\u0119ce &#8211; \u0107wiczenie\" \/>\n<meta property=\"og:url\" content=\"https:\/\/www.spnborek.ostnet.pl\/index.php\/informacje\/\" \/>\n<meta property=\"og:site_name\" content=\"Szko\u0142a Podstawowa w Nowym Borku\" \/>\n<meta property=\"article:publisher\" content=\"https:\/\/www.facebook.com\/SzkolaPodstawowawNowymBorku\/\" \/>\n<meta property=\"article:modified_time\" content=\"2020-06-01T11:32:22+00:00\" \/>\n<meta name=\"twitter:card\" content=\"summary_large_image\" \/>\n<script type=\"application\/ld+json\" class=\"yoast-schema-graph\">{\"@context\":\"https:\/\/schema.org\",\"@graph\":[{\"@type\":\"WebPage\",\"@id\":\"https:\/\/www.spnborek.ostnet.pl\/index.php\/informacje\/\",\"url\":\"https:\/\/www.spnborek.ostnet.pl\/index.php\/informacje\/\",\"name\":\"Informacje - Szko\u0142a Podstawowa w Nowym Borku\",\"isPartOf\":{\"@id\":\"https:\/\/www.spnborek.ostnet.pl\/#website\"},\"datePublished\":\"2020-04-15T05:49:01+00:00\",\"dateModified\":\"2020-06-01T11:32:22+00:00\",\"breadcrumb\":{\"@id\":\"https:\/\/www.spnborek.ostnet.pl\/index.php\/informacje\/#breadcrumb\"},\"inLanguage\":\"pl-PL\",\"potentialAction\":[{\"@type\":\"ReadAction\",\"target\":[\"https:\/\/www.spnborek.ostnet.pl\/index.php\/informacje\/\"]}]},{\"@type\":\"BreadcrumbList\",\"@id\":\"https:\/\/www.spnborek.ostnet.pl\/index.php\/informacje\/#breadcrumb\",\"itemListElement\":[{\"@type\":\"ListItem\",\"position\":1,\"name\":\"Strona g\u0142\u00f3wna\",\"item\":\"https:\/\/www.spnborek.ostnet.pl\/\"},{\"@type\":\"ListItem\",\"position\":2,\"name\":\"Informacje\"}]},{\"@type\":\"WebSite\",\"@id\":\"https:\/\/www.spnborek.ostnet.pl\/#website\",\"url\":\"https:\/\/www.spnborek.ostnet.pl\/\",\"name\":\"Szko\u0142a Podstawowa w Nowym Borku\",\"description\":\"Szko\u0142a Podstawowa w Nowym Borku im. gen. bryg. Mieczys\u0142awa Boruty-Spiechowicza\",\"publisher\":{\"@id\":\"https:\/\/www.spnborek.ostnet.pl\/#organization\"},\"potentialAction\":[{\"@type\":\"SearchAction\",\"target\":{\"@type\":\"EntryPoint\",\"urlTemplate\":\"https:\/\/www.spnborek.ostnet.pl\/?s={search_term_string}\"},\"query-input\":\"required name=search_term_string\"}],\"inLanguage\":\"pl-PL\"},{\"@type\":\"Organization\",\"@id\":\"https:\/\/www.spnborek.ostnet.pl\/#organization\",\"name\":\"Szko\u0142a Podstawowa w Nowym Borku\",\"url\":\"https:\/\/www.spnborek.ostnet.pl\/\",\"logo\":{\"@type\":\"ImageObject\",\"inLanguage\":\"pl-PL\",\"@id\":\"https:\/\/www.spnborek.ostnet.pl\/#\/schema\/logo\/image\/\",\"url\":\"https:\/\/www.spnborek.ostnet.pl\/wp-content\/uploads\/2020\/01\/logo-2-e1579378838968.png\",\"contentUrl\":\"https:\/\/www.spnborek.ostnet.pl\/wp-content\/uploads\/2020\/01\/logo-2-e1579378838968.png\",\"width\":80,\"height\":75,\"caption\":\"Szko\u0142a Podstawowa w Nowym Borku\"},\"image\":{\"@id\":\"https:\/\/www.spnborek.ostnet.pl\/#\/schema\/logo\/image\/\"},\"sameAs\":[\"https:\/\/www.facebook.com\/SzkolaPodstawowawNowymBorku\/\"]}]}<\/script>\n<!-- \/ Yoast SEO plugin. -->","yoast_head_json":{"title":"Informacje - Szko\u0142a Podstawowa w Nowym Borku","robots":{"index":"index","follow":"follow","max-snippet":"max-snippet:-1","max-image-preview":"max-image-preview:large","max-video-preview":"max-video-preview:-1"},"canonical":"https:\/\/www.spnborek.ostnet.pl\/index.php\/informacje\/","og_locale":"pl_PL","og_type":"article","og_title":"Informacje - Szko\u0142a Podstawowa w Nowym Borku","og_description":"Jak si\u0119 uczy\u0107 S\u0142\u00f3w kilka o emocjach Nasze emocje Jak pom\u00f3c dziecku radzi\u0107 sobie z l\u0119kiem zwi\u0105zanym z sytuacj\u0105 zagro\u017cenia koronawirusem? Jak rozmawia\u0107 z dzieckiem o koronawirusie? Wykaz instytucji wspieraj\u0105cych Dlaczego trzeba my\u0107 r\u0119ce &#8211; \u0107wiczenie","og_url":"https:\/\/www.spnborek.ostnet.pl\/index.php\/informacje\/","og_site_name":"Szko\u0142a Podstawowa w Nowym Borku","article_publisher":"https:\/\/www.facebook.com\/SzkolaPodstawowawNowymBorku\/","article_modified_time":"2020-06-01T11:32:22+00:00","twitter_card":"summary_large_image","schema":{"@context":"https:\/\/schema.org","@graph":[{"@type":"WebPage","@id":"https:\/\/www.spnborek.ostnet.pl\/index.php\/informacje\/","url":"https:\/\/www.spnborek.ostnet.pl\/index.php\/informacje\/","name":"Informacje - Szko\u0142a Podstawowa w Nowym Borku","isPartOf":{"@id":"https:\/\/www.spnborek.ostnet.pl\/#website"},"datePublished":"2020-04-15T05:49:01+00:00","dateModified":"2020-06-01T11:32:22+00:00","breadcrumb":{"@id":"https:\/\/www.spnborek.ostnet.pl\/index.php\/informacje\/#breadcrumb"},"inLanguage":"pl-PL","potentialAction":[{"@type":"ReadAction","target":["https:\/\/www.spnborek.ostnet.pl\/index.php\/informacje\/"]}]},{"@type":"BreadcrumbList","@id":"https:\/\/www.spnborek.ostnet.pl\/index.php\/informacje\/#breadcrumb","itemListElement":[{"@type":"ListItem","position":1,"name":"Strona g\u0142\u00f3wna","item":"https:\/\/www.spnborek.ostnet.pl\/"},{"@type":"ListItem","position":2,"name":"Informacje"}]},{"@type":"WebSite","@id":"https:\/\/www.spnborek.ostnet.pl\/#website","url":"https:\/\/www.spnborek.ostnet.pl\/","name":"Szko\u0142a Podstawowa w Nowym Borku","description":"Szko\u0142a Podstawowa w Nowym Borku im. gen. bryg. Mieczys\u0142awa Boruty-Spiechowicza","publisher":{"@id":"https:\/\/www.spnborek.ostnet.pl\/#organization"},"potentialAction":[{"@type":"SearchAction","target":{"@type":"EntryPoint","urlTemplate":"https:\/\/www.spnborek.ostnet.pl\/?s={search_term_string}"},"query-input":"required name=search_term_string"}],"inLanguage":"pl-PL"},{"@type":"Organization","@id":"https:\/\/www.spnborek.ostnet.pl\/#organization","name":"Szko\u0142a Podstawowa w Nowym Borku","url":"https:\/\/www.spnborek.ostnet.pl\/","logo":{"@type":"ImageObject","inLanguage":"pl-PL","@id":"https:\/\/www.spnborek.ostnet.pl\/#\/schema\/logo\/image\/","url":"https:\/\/www.spnborek.ostnet.pl\/wp-content\/uploads\/2020\/01\/logo-2-e1579378838968.png","contentUrl":"https:\/\/www.spnborek.ostnet.pl\/wp-content\/uploads\/2020\/01\/logo-2-e1579378838968.png","width":80,"height":75,"caption":"Szko\u0142a Podstawowa w Nowym Borku"},"image":{"@id":"https:\/\/www.spnborek.ostnet.pl\/#\/schema\/logo\/image\/"},"sameAs":["https:\/\/www.facebook.com\/SzkolaPodstawowawNowymBorku\/"]}]}},"_links":{"self":[{"href":"https:\/\/www.spnborek.ostnet.pl\/index.php\/wp-json\/wp\/v2\/pages\/834","targetHints":{"allow":["GET"]}}],"collection":[{"href":"https:\/\/www.spnborek.ostnet.pl\/index.php\/wp-json\/wp\/v2\/pages"}],"about":[{"href":"https:\/\/www.spnborek.ostnet.pl\/index.php\/wp-json\/wp\/v2\/types\/page"}],"author":[{"embeddable":true,"href":"https:\/\/www.spnborek.ostnet.pl\/index.php\/wp-json\/wp\/v2\/users\/1"}],"replies":[{"embeddable":true,"href":"https:\/\/www.spnborek.ostnet.pl\/index.php\/wp-json\/wp\/v2\/comments?post=834"}],"version-history":[{"count":7,"href":"https:\/\/www.spnborek.ostnet.pl\/index.php\/wp-json\/wp\/v2\/pages\/834\/revisions"}],"predecessor-version":[{"id":1175,"href":"https:\/\/www.spnborek.ostnet.pl\/index.php\/wp-json\/wp\/v2\/pages\/834\/revisions\/1175"}],"wp:attachment":[{"href":"https:\/\/www.spnborek.ostnet.pl\/index.php\/wp-json\/wp\/v2\/media?parent=834"}],"curies":[{"name":"wp","href":"https:\/\/api.w.org\/{rel}","templated":true}]}}