{"id":756,"date":"2020-03-17T11:28:52","date_gmt":"2020-03-17T10:28:52","guid":{"rendered":"https:\/\/www.spnborek.ostnet.pl\/?page_id=756"},"modified":"2022-12-10T20:21:19","modified_gmt":"2022-12-10T19:21:19","slug":"biblioteka","status":"publish","type":"page","link":"https:\/\/www.spnborek.ostnet.pl\/index.php\/biblioteka\/","title":{"rendered":"Biblioteka"},"content":{"rendered":"<ul>\n<li><a href=\"https:\/\/embed.wakelet.com\/wakes\/MIfe0d7O8bgs6QD7FIHO3\/list?border=1\"><strong>\u015apiewniczek kol\u0119dniczek<\/strong><\/a><strong>&nbsp;<\/strong><\/li>\n<\/ul>\n<div>&nbsp;<\/div>\n<div><strong><a href=\"https:\/\/padlet.com\/ag_pietrucha\/13mqv904w3ci\">English On-Line<\/a><\/strong>: Na tym padlecie zebrane s\u0105 linki do \u0107wicze\u0144, gier, zagadek, od kt\u00f3rych zaczynali\u015bmy kwarantann\u0119. Znajdziesz tu tak\u017ce pierwsze wskaz\u00f3wki do notatek. Przypominam zasady wsp\u00f3\u0142pracy:<\/div>\n<div>\n<ol>\n<li>B\u0105d\u017a systematyczna\/y<\/li>\n<li>Prowad\u017a notatki z dat\u0105, aby gdy si\u0119 spotkamy mie\u0107 dowody na samodzieln\u0105 i systematyczn\u0105 prac\u0119. Notatki pomog\u0105 Ci szybko&nbsp;&nbsp;wr\u00f3ci\u0107 pami\u0119ci\u0105 do tego czego uczyli\u015bmy si\u0119 wcze\u015bniej<\/li>\n<li>Nie odpuszczaj, my\u015bl\u0105c, \u017ce nikt nie widzi. Twoja wewn\u0119trzna motywacja jest kluczowa i doprowadzi Ci\u0119 do sukcesu<\/li>\n<li>Kiedy si\u0119 zm\u0119czysz ci\u0119\u017ck\u0105 prac\u0105 &#8211; odpocznij, zrelaksuj, pobaw si\u0119, po\u015bmiej<\/li>\n<li>Mo\u017cesz uczy\u0107 si\u0119 w dowolnym czasie, ale postaraj si\u0119 do\u0142\u0105czy\u0107 do gry, gdy otrzymasz kod \ud83d\ude09&nbsp;<\/li>\n<li>DO ZOBACZENIA WKR\u00d3TCE<\/li>\n<\/ol>\n<\/div>\n<div dir=\"ltr\">&nbsp;<\/div>\n<ul>\n<li><a href=\"https:\/\/padlet.com\/ag_pietrucha\/c40yhuutc1ps\">BiblioSfera<\/a><\/li>\n<\/ul>\n<p><img loading=\"lazy\" decoding=\"async\" class=\"alignleft wp-image-757\" src=\"https:\/\/www.spnborek.ostnet.pl\/wp-content\/uploads\/2020\/03\/BiblioStrefa-300x300.png\" alt=\"\" width=\"138\" height=\"138\" srcset=\"https:\/\/www.spnborek.ostnet.pl\/wp-content\/uploads\/2020\/03\/BiblioStrefa-300x300.png 300w, https:\/\/www.spnborek.ostnet.pl\/wp-content\/uploads\/2020\/03\/BiblioStrefa-1024x1024.png 1024w, https:\/\/www.spnborek.ostnet.pl\/wp-content\/uploads\/2020\/03\/BiblioStrefa-150x150.png 150w, https:\/\/www.spnborek.ostnet.pl\/wp-content\/uploads\/2020\/03\/BiblioStrefa-768x768.png 768w, https:\/\/www.spnborek.ostnet.pl\/wp-content\/uploads\/2020\/03\/BiblioStrefa-103x103.png 103w, https:\/\/www.spnborek.ostnet.pl\/wp-content\/uploads\/2020\/03\/BiblioStrefa-100x100.png 100w, https:\/\/www.spnborek.ostnet.pl\/wp-content\/uploads\/2020\/03\/BiblioStrefa-385x385.png 385w, https:\/\/www.spnborek.ostnet.pl\/wp-content\/uploads\/2020\/03\/BiblioStrefa-204x204.png 204w, https:\/\/www.spnborek.ostnet.pl\/wp-content\/uploads\/2020\/03\/BiblioStrefa.png 1280w\" sizes=\"auto, (max-width: 138px) 100vw, 138px\" \/><\/p>\n<p>&nbsp;<\/p>\n<p>&nbsp;<\/p>\n<p>&nbsp;<\/p>\n<p>&nbsp;<\/p>\n<p><a href=\"https:\/\/wke.lt\/w\/s\/B2Ye6B\"><img loading=\"lazy\" decoding=\"async\" class=\"alignnone wp-image-1546\" src=\"https:\/\/www.spnborek.ostnet.pl\/wp-content\/uploads\/2021\/03\/mozg-300x86.jpg\" alt=\"\" width=\"481\" height=\"138\" srcset=\"https:\/\/www.spnborek.ostnet.pl\/wp-content\/uploads\/2021\/03\/mozg-300x86.jpg 300w, https:\/\/www.spnborek.ostnet.pl\/wp-content\/uploads\/2021\/03\/mozg-768x219.jpg 768w, https:\/\/www.spnborek.ostnet.pl\/wp-content\/uploads\/2021\/03\/mozg-800x228.jpg 800w, https:\/\/www.spnborek.ostnet.pl\/wp-content\/uploads\/2021\/03\/mozg-285x81.jpg 285w, https:\/\/www.spnborek.ostnet.pl\/wp-content\/uploads\/2021\/03\/mozg.jpg 876w\" sizes=\"auto, (max-width: 481px) 100vw, 481px\" \/><\/a><\/p>\n","protected":false},"excerpt":{"rendered":"<p>\u015apiewniczek kol\u0119dniczek&nbsp; &nbsp; English On-Line: Na tym padlecie zebrane s\u0105 linki do \u0107wicze\u0144, gier, zagadek, od kt\u00f3rych zaczynali\u015bmy kwarantann\u0119. Znajdziesz tu tak\u017ce pierwsze wskaz\u00f3wki do notatek. Przypominam zasady wsp\u00f3\u0142pracy: B\u0105d\u017a systematyczna\/y Prowad\u017a notatki z dat\u0105, aby gdy si\u0119 spotkamy mie\u0107 dowody na samodzieln\u0105 i systematyczn\u0105 prac\u0119. Notatki pomog\u0105 Ci szybko&nbsp;&nbsp;wr\u00f3ci\u0107 pami\u0119ci\u0105 do tego czego uczyli\u015bmy [&hellip;]<\/p>\n","protected":false},"author":1,"featured_media":1168,"parent":0,"menu_order":0,"comment_status":"closed","ping_status":"closed","template":"","meta":{"ngg_post_thumbnail":0,"footnotes":""},"class_list":["post-756","page","type-page","status-publish","has-post-thumbnail","hentry"],"yoast_head":"<!-- This site is optimized with the Yoast SEO plugin v22.5 - https:\/\/yoast.com\/wordpress\/plugins\/seo\/ -->\n<title>Biblioteka - Szko\u0142a Podstawowa w Nowym Borku<\/title>\n<meta name=\"robots\" content=\"index, follow, max-snippet:-1, max-image-preview:large, max-video-preview:-1\" \/>\n<link rel=\"canonical\" href=\"https:\/\/www.spnborek.ostnet.pl\/index.php\/biblioteka\/\" \/>\n<meta property=\"og:locale\" content=\"pl_PL\" \/>\n<meta property=\"og:type\" content=\"article\" \/>\n<meta property=\"og:title\" content=\"Biblioteka - Szko\u0142a Podstawowa w Nowym Borku\" \/>\n<meta property=\"og:description\" content=\"\u015apiewniczek kol\u0119dniczek&nbsp; &nbsp; English On-Line: Na tym padlecie zebrane s\u0105 linki do \u0107wicze\u0144, gier, zagadek, od kt\u00f3rych zaczynali\u015bmy kwarantann\u0119. Znajdziesz tu tak\u017ce pierwsze wskaz\u00f3wki do notatek. Przypominam zasady wsp\u00f3\u0142pracy: B\u0105d\u017a systematyczna\/y Prowad\u017a notatki z dat\u0105, aby gdy si\u0119 spotkamy mie\u0107 dowody na samodzieln\u0105 i systematyczn\u0105 prac\u0119. Notatki pomog\u0105 Ci szybko&nbsp;&nbsp;wr\u00f3ci\u0107 pami\u0119ci\u0105 do tego czego uczyli\u015bmy [&hellip;]\" \/>\n<meta property=\"og:url\" content=\"https:\/\/www.spnborek.ostnet.pl\/index.php\/biblioteka\/\" \/>\n<meta property=\"og:site_name\" content=\"Szko\u0142a Podstawowa w Nowym Borku\" \/>\n<meta property=\"article:publisher\" content=\"https:\/\/www.facebook.com\/SzkolaPodstawowawNowymBorku\/\" \/>\n<meta property=\"article:modified_time\" content=\"2022-12-10T19:21:19+00:00\" \/>\n<meta property=\"og:image\" content=\"https:\/\/www.spnborek.ostnet.pl\/wp-content\/uploads\/2020\/05\/books-1.jpg\" \/>\n\t<meta property=\"og:image:width\" content=\"973\" \/>\n\t<meta property=\"og:image:height\" content=\"506\" \/>\n\t<meta property=\"og:image:type\" content=\"image\/jpeg\" \/>\n<meta name=\"twitter:card\" content=\"summary_large_image\" \/>\n<meta name=\"twitter:label1\" content=\"Szacowany czas czytania\" \/>\n\t<meta name=\"twitter:data1\" content=\"1 minuta\" \/>\n<script type=\"application\/ld+json\" class=\"yoast-schema-graph\">{\"@context\":\"https:\/\/schema.org\",\"@graph\":[{\"@type\":\"WebPage\",\"@id\":\"https:\/\/www.spnborek.ostnet.pl\/index.php\/biblioteka\/\",\"url\":\"https:\/\/www.spnborek.ostnet.pl\/index.php\/biblioteka\/\",\"name\":\"Biblioteka - Szko\u0142a Podstawowa w Nowym Borku\",\"isPartOf\":{\"@id\":\"https:\/\/www.spnborek.ostnet.pl\/#website\"},\"primaryImageOfPage\":{\"@id\":\"https:\/\/www.spnborek.ostnet.pl\/index.php\/biblioteka\/#primaryimage\"},\"image\":{\"@id\":\"https:\/\/www.spnborek.ostnet.pl\/index.php\/biblioteka\/#primaryimage\"},\"thumbnailUrl\":\"https:\/\/www.spnborek.ostnet.pl\/wp-content\/uploads\/2020\/05\/books-1.jpg\",\"datePublished\":\"2020-03-17T10:28:52+00:00\",\"dateModified\":\"2022-12-10T19:21:19+00:00\",\"breadcrumb\":{\"@id\":\"https:\/\/www.spnborek.ostnet.pl\/index.php\/biblioteka\/#breadcrumb\"},\"inLanguage\":\"pl-PL\",\"potentialAction\":[{\"@type\":\"ReadAction\",\"target\":[\"https:\/\/www.spnborek.ostnet.pl\/index.php\/biblioteka\/\"]}]},{\"@type\":\"ImageObject\",\"inLanguage\":\"pl-PL\",\"@id\":\"https:\/\/www.spnborek.ostnet.pl\/index.php\/biblioteka\/#primaryimage\",\"url\":\"https:\/\/www.spnborek.ostnet.pl\/wp-content\/uploads\/2020\/05\/books-1.jpg\",\"contentUrl\":\"https:\/\/www.spnborek.ostnet.pl\/wp-content\/uploads\/2020\/05\/books-1.jpg\",\"width\":973,\"height\":506},{\"@type\":\"BreadcrumbList\",\"@id\":\"https:\/\/www.spnborek.ostnet.pl\/index.php\/biblioteka\/#breadcrumb\",\"itemListElement\":[{\"@type\":\"ListItem\",\"position\":1,\"name\":\"Strona g\u0142\u00f3wna\",\"item\":\"https:\/\/www.spnborek.ostnet.pl\/\"},{\"@type\":\"ListItem\",\"position\":2,\"name\":\"Biblioteka\"}]},{\"@type\":\"WebSite\",\"@id\":\"https:\/\/www.spnborek.ostnet.pl\/#website\",\"url\":\"https:\/\/www.spnborek.ostnet.pl\/\",\"name\":\"Szko\u0142a Podstawowa w Nowym Borku\",\"description\":\"Szko\u0142a Podstawowa w Nowym Borku im. gen. bryg. Mieczys\u0142awa Boruty-Spiechowicza\",\"publisher\":{\"@id\":\"https:\/\/www.spnborek.ostnet.pl\/#organization\"},\"potentialAction\":[{\"@type\":\"SearchAction\",\"target\":{\"@type\":\"EntryPoint\",\"urlTemplate\":\"https:\/\/www.spnborek.ostnet.pl\/?s={search_term_string}\"},\"query-input\":\"required name=search_term_string\"}],\"inLanguage\":\"pl-PL\"},{\"@type\":\"Organization\",\"@id\":\"https:\/\/www.spnborek.ostnet.pl\/#organization\",\"name\":\"Szko\u0142a Podstawowa w Nowym Borku\",\"url\":\"https:\/\/www.spnborek.ostnet.pl\/\",\"logo\":{\"@type\":\"ImageObject\",\"inLanguage\":\"pl-PL\",\"@id\":\"https:\/\/www.spnborek.ostnet.pl\/#\/schema\/logo\/image\/\",\"url\":\"https:\/\/www.spnborek.ostnet.pl\/wp-content\/uploads\/2020\/01\/logo-2-e1579378838968.png\",\"contentUrl\":\"https:\/\/www.spnborek.ostnet.pl\/wp-content\/uploads\/2020\/01\/logo-2-e1579378838968.png\",\"width\":80,\"height\":75,\"caption\":\"Szko\u0142a Podstawowa w Nowym Borku\"},\"image\":{\"@id\":\"https:\/\/www.spnborek.ostnet.pl\/#\/schema\/logo\/image\/\"},\"sameAs\":[\"https:\/\/www.facebook.com\/SzkolaPodstawowawNowymBorku\/\"]}]}<\/script>\n<!-- \/ Yoast SEO plugin. -->","yoast_head_json":{"title":"Biblioteka - Szko\u0142a Podstawowa w Nowym Borku","robots":{"index":"index","follow":"follow","max-snippet":"max-snippet:-1","max-image-preview":"max-image-preview:large","max-video-preview":"max-video-preview:-1"},"canonical":"https:\/\/www.spnborek.ostnet.pl\/index.php\/biblioteka\/","og_locale":"pl_PL","og_type":"article","og_title":"Biblioteka - Szko\u0142a Podstawowa w Nowym Borku","og_description":"\u015apiewniczek kol\u0119dniczek&nbsp; &nbsp; English On-Line: Na tym padlecie zebrane s\u0105 linki do \u0107wicze\u0144, gier, zagadek, od kt\u00f3rych zaczynali\u015bmy kwarantann\u0119. Znajdziesz tu tak\u017ce pierwsze wskaz\u00f3wki do notatek. Przypominam zasady wsp\u00f3\u0142pracy: B\u0105d\u017a systematyczna\/y Prowad\u017a notatki z dat\u0105, aby gdy si\u0119 spotkamy mie\u0107 dowody na samodzieln\u0105 i systematyczn\u0105 prac\u0119. Notatki pomog\u0105 Ci szybko&nbsp;&nbsp;wr\u00f3ci\u0107 pami\u0119ci\u0105 do tego czego uczyli\u015bmy [&hellip;]","og_url":"https:\/\/www.spnborek.ostnet.pl\/index.php\/biblioteka\/","og_site_name":"Szko\u0142a Podstawowa w Nowym Borku","article_publisher":"https:\/\/www.facebook.com\/SzkolaPodstawowawNowymBorku\/","article_modified_time":"2022-12-10T19:21:19+00:00","og_image":[{"width":973,"height":506,"url":"https:\/\/www.spnborek.ostnet.pl\/wp-content\/uploads\/2020\/05\/books-1.jpg","type":"image\/jpeg"}],"twitter_card":"summary_large_image","twitter_misc":{"Szacowany czas czytania":"1 minuta"},"schema":{"@context":"https:\/\/schema.org","@graph":[{"@type":"WebPage","@id":"https:\/\/www.spnborek.ostnet.pl\/index.php\/biblioteka\/","url":"https:\/\/www.spnborek.ostnet.pl\/index.php\/biblioteka\/","name":"Biblioteka - Szko\u0142a Podstawowa w Nowym Borku","isPartOf":{"@id":"https:\/\/www.spnborek.ostnet.pl\/#website"},"primaryImageOfPage":{"@id":"https:\/\/www.spnborek.ostnet.pl\/index.php\/biblioteka\/#primaryimage"},"image":{"@id":"https:\/\/www.spnborek.ostnet.pl\/index.php\/biblioteka\/#primaryimage"},"thumbnailUrl":"https:\/\/www.spnborek.ostnet.pl\/wp-content\/uploads\/2020\/05\/books-1.jpg","datePublished":"2020-03-17T10:28:52+00:00","dateModified":"2022-12-10T19:21:19+00:00","breadcrumb":{"@id":"https:\/\/www.spnborek.ostnet.pl\/index.php\/biblioteka\/#breadcrumb"},"inLanguage":"pl-PL","potentialAction":[{"@type":"ReadAction","target":["https:\/\/www.spnborek.ostnet.pl\/index.php\/biblioteka\/"]}]},{"@type":"ImageObject","inLanguage":"pl-PL","@id":"https:\/\/www.spnborek.ostnet.pl\/index.php\/biblioteka\/#primaryimage","url":"https:\/\/www.spnborek.ostnet.pl\/wp-content\/uploads\/2020\/05\/books-1.jpg","contentUrl":"https:\/\/www.spnborek.ostnet.pl\/wp-content\/uploads\/2020\/05\/books-1.jpg","width":973,"height":506},{"@type":"BreadcrumbList","@id":"https:\/\/www.spnborek.ostnet.pl\/index.php\/biblioteka\/#breadcrumb","itemListElement":[{"@type":"ListItem","position":1,"name":"Strona g\u0142\u00f3wna","item":"https:\/\/www.spnborek.ostnet.pl\/"},{"@type":"ListItem","position":2,"name":"Biblioteka"}]},{"@type":"WebSite","@id":"https:\/\/www.spnborek.ostnet.pl\/#website","url":"https:\/\/www.spnborek.ostnet.pl\/","name":"Szko\u0142a Podstawowa w Nowym Borku","description":"Szko\u0142a Podstawowa w Nowym Borku im. gen. bryg. Mieczys\u0142awa Boruty-Spiechowicza","publisher":{"@id":"https:\/\/www.spnborek.ostnet.pl\/#organization"},"potentialAction":[{"@type":"SearchAction","target":{"@type":"EntryPoint","urlTemplate":"https:\/\/www.spnborek.ostnet.pl\/?s={search_term_string}"},"query-input":"required name=search_term_string"}],"inLanguage":"pl-PL"},{"@type":"Organization","@id":"https:\/\/www.spnborek.ostnet.pl\/#organization","name":"Szko\u0142a Podstawowa w Nowym Borku","url":"https:\/\/www.spnborek.ostnet.pl\/","logo":{"@type":"ImageObject","inLanguage":"pl-PL","@id":"https:\/\/www.spnborek.ostnet.pl\/#\/schema\/logo\/image\/","url":"https:\/\/www.spnborek.ostnet.pl\/wp-content\/uploads\/2020\/01\/logo-2-e1579378838968.png","contentUrl":"https:\/\/www.spnborek.ostnet.pl\/wp-content\/uploads\/2020\/01\/logo-2-e1579378838968.png","width":80,"height":75,"caption":"Szko\u0142a Podstawowa w Nowym Borku"},"image":{"@id":"https:\/\/www.spnborek.ostnet.pl\/#\/schema\/logo\/image\/"},"sameAs":["https:\/\/www.facebook.com\/SzkolaPodstawowawNowymBorku\/"]}]}},"_links":{"self":[{"href":"https:\/\/www.spnborek.ostnet.pl\/index.php\/wp-json\/wp\/v2\/pages\/756","targetHints":{"allow":["GET"]}}],"collection":[{"href":"https:\/\/www.spnborek.ostnet.pl\/index.php\/wp-json\/wp\/v2\/pages"}],"about":[{"href":"https:\/\/www.spnborek.ostnet.pl\/index.php\/wp-json\/wp\/v2\/types\/page"}],"author":[{"embeddable":true,"href":"https:\/\/www.spnborek.ostnet.pl\/index.php\/wp-json\/wp\/v2\/users\/1"}],"replies":[{"embeddable":true,"href":"https:\/\/www.spnborek.ostnet.pl\/index.php\/wp-json\/wp\/v2\/comments?post=756"}],"version-history":[{"count":12,"href":"https:\/\/www.spnborek.ostnet.pl\/index.php\/wp-json\/wp\/v2\/pages\/756\/revisions"}],"predecessor-version":[{"id":2007,"href":"https:\/\/www.spnborek.ostnet.pl\/index.php\/wp-json\/wp\/v2\/pages\/756\/revisions\/2007"}],"wp:featuredmedia":[{"embeddable":true,"href":"https:\/\/www.spnborek.ostnet.pl\/index.php\/wp-json\/wp\/v2\/media\/1168"}],"wp:attachment":[{"href":"https:\/\/www.spnborek.ostnet.pl\/index.php\/wp-json\/wp\/v2\/media?parent=756"}],"curies":[{"name":"wp","href":"https:\/\/api.w.org\/{rel}","templated":true}]}}