{"id":363,"date":"2020-01-30T10:25:54","date_gmt":"2020-01-30T09:25:54","guid":{"rendered":"https:\/\/www.spnborek.ostnet.pl\/?page_id=363"},"modified":"2024-10-26T09:59:45","modified_gmt":"2024-10-26T07:59:45","slug":"pedagog-szkolny-psycholog-szkolny-w-sp-nowy-borek","status":"publish","type":"page","link":"https:\/\/www.spnborek.ostnet.pl\/index.php\/pedagog-szkolny-psycholog-szkolny-w-sp-nowy-borek\/","title":{"rendered":"Pomoc psychologiczno-pedagogiczna"},"content":{"rendered":"<p style=\"text-align: center;\"><span style=\"color: #1e73be;\"><strong><img loading=\"lazy\" decoding=\"async\" class=\"size-full wp-image-546 aligncenter\" src=\"https:\/\/www.spnborek.ostnet.pl\/wp-content\/uploads\/2020\/02\/pedag.png\" alt=\"\" width=\"185\" height=\"122\">Pedagog szkolny<br \/>\n<\/strong><\/span><\/p>\n<p style=\"text-align: center;\"><span style=\"color: #1e73be;\"><strong><strong style=\"color: #333333;\">mgr Aleksandra Flis<\/strong><\/strong><\/span><\/p>\n<p style=\"text-align: center;\"><strong>mgr Lucyna Baj<\/strong><\/p>\n<p style=\"text-align: center;\"><img loading=\"lazy\" decoding=\"async\" class=\"wp-image-559 aligncenter\" src=\"https:\/\/www.spnborek.ostnet.pl\/wp-content\/uploads\/2020\/02\/psycholog.png\" alt=\"\" width=\"155\" height=\"141\" srcset=\"https:\/\/www.spnborek.ostnet.pl\/wp-content\/uploads\/2020\/02\/psycholog.png 164w, https:\/\/www.spnborek.ostnet.pl\/wp-content\/uploads\/2020\/02\/psycholog-49x46.png 49w\" sizes=\"auto, (max-width: 155px) 100vw, 155px\" \/><span style=\"color: #1e73be;\"><strong>Psycholog szkolny<br \/>\n<strong style=\"color: #333333;\">mgr Rafa\u0142 Gajor<br \/>\ncodziennie<\/strong><\/strong><\/span><\/p>\n<hr>\n<p>&nbsp;<\/p>\n<p><strong><img loading=\"lazy\" decoding=\"async\" class=\"alignleft size-full wp-image-564\" src=\"https:\/\/www.spnborek.ostnet.pl\/wp-content\/uploads\/2020\/02\/uczniowie-1.png\" alt=\"\" width=\"203\" height=\"156\"><span style=\"color: #1e73be;\">Drogi Uczniu!<\/span><\/strong><br \/>\n<em>Zwr\u00f3\u0107 si\u0119 do pedagoga szkolnego lub psychologa gdy:<\/em><\/p>\n<ul>\n<li>Czujesz, \u017ce nikt Ci\u0119 nie rozumie, jeste\u015b samotny.<\/li>\n<li>Nie potrafisz porozumie\u0107 si\u0119 z nauczycielem.<\/li>\n<li>Masz problemy rodzinne, znajdujesz si\u0119 w trudnej sytuacji materialnej.<\/li>\n<li>Masz problem i nie wiesz, jak go rozwi\u0105za\u0107.<\/li>\n<li>Chcia\u0142by\u015b z kim\u015b porozmawia\u0107.<\/li>\n<li>Chcia\u0142by\u015b pom\u00f3c innym, nie wiesz w jaki spos\u00f3b<\/li>\n<li>Mo\u017ce zainteresuje Ci\u0119 wolontariat?<\/li>\n<li>Masz ciekawe pomys\u0142y, kt\u00f3rymi chcesz si\u0119 podzieli\u0107.<\/li>\n<li>Przyjd\u017a tak\u017ce z ka\u017cd\u0105 spraw\u0105, z kt\u00f3r\u0105 sam nie potrafisz sobie poradzi\u0107.<\/li>\n<\/ul>\n<p style=\"text-align: center;\"><strong><u>Pami\u0119taj!!!<br \/>\n<\/u><\/strong><strong><em>Wys\u0142uchamy Ci\u0119 \u017cyczliwie i z uwag\u0105.<br \/>\n<\/em><\/strong><strong><em>Zapewnimy dyskrecj\u0119 i anonimowo\u015b\u0107.<br \/>\n<\/em><\/strong><strong><em>Pomo\u017cemy znale\u017a\u0107 wyj\u015bcie z trudnej sytuacji.<\/em><\/strong><\/p>\n<hr>\n<p>&nbsp;<\/p>\n<p><strong><u><img loading=\"lazy\" decoding=\"async\" class=\"alignleft wp-image-573\" src=\"https:\/\/www.spnborek.ostnet.pl\/wp-content\/uploads\/2020\/02\/rodzina.png\" alt=\"\" width=\"250\" height=\"192\"><\/u><\/strong><\/p>\n<p><strong><span style=\"color: #1e73be;\">Drogi Rodzicu!<\/span><u><br \/>\n<\/u><\/strong><em>Zwr\u00f3\u0107 si\u0119 do pedagoga lub psychologa szkolnego, gdy:<\/em><\/p>\n<ul>\n<li>Niepokoi Ci\u0119 zachowanie dziecka.<\/li>\n<li>Chcesz porozmawia\u0107 o dziecku i Twoich relacjach z nim.<\/li>\n<li>Masz pytanie dotycz\u0105ce wynik\u00f3w w nauce dziecka i jego funkcjonowania<br \/>\nw szkole<\/li>\n<li>Potrzebujesz wsparcia w procesie wychowania.<\/li>\n<li>Masz pytania i nie wiesz do kogo si\u0119 z nimi zwr\u00f3ci\u0107.&nbsp;<\/li>\n<li>Szukasz pomocy w trudnych sytuacjach \u017cyciowych.&nbsp;&nbsp;<\/li>\n<\/ul>\n<hr>\n<p>&nbsp;<\/p>\n<p style=\"text-align: center;\"><strong><u><img decoding=\"async\" class=\"aligncenter\" src=\"https:\/\/scontent-waw2-1.xx.fbcdn.net\/v\/t39.30808-6\/460034512_1005103744746368_1946654682995214985_n.jpg?stp=dst-jpg_s720x720&amp;_nc_cat=109&amp;ccb=1-7&amp;_nc_sid=127cfc&amp;_nc_ohc=9Ot-ap7r5PEQ7kNvgEjdwBd&amp;_nc_ht=scontent-waw2-1.xx&amp;_nc_gid=AOvE_FBpdTzLOJdIQwbxDJR&amp;oh=00_AYCouL_xHtj4AIf7bo0Hx3SWdSWFkaJhN-NtMFC3wo3FlA&amp;oe=67226657\" alt=\"Mo\u017ce by\u0107 zdj\u0119ciem przedstawiaj\u0105cym telefon i tekst \u201e\u0392\u0391\u03c1\u03a9\u03c4\u03a5\u03a3\u0399\u039f\u03c2 . \u0395\u03a1E\u0396\u0391 FUNDACJA \u305d\u304d\u308a 3 POTRZEBUJESZ POMOCY? SKONTAKTUJ SI\u0118 z NAMI! Telefon wsparcia Fundacji Lepsza Przysz\u0142o\u015b\u0107- 792 202 029 nasi konsultanci dy\u017curuj\u0105 od poniedzia\u0142ku do pi\u0105tku w godzinach od 15.00 do 19.00 Punkt konsultacyjny- Plac ks. Kowala 1, 36-030 B\u0142a\u017cowa (budynek Publicznej Szko\u0142y Podstawowej) czynny w poniedzia\u0142ki i czwartki w godzinach od 15.00 do 19.00 OSRODEK POLITYKI \u1791\u179a\u17bb\u179f ROPS RZESZOW w Zadanie &quot;Telefon wsparcia pierwsza pomoc w kryzysie&quot; dofinansowano z bud\u017cetu Wojew\u00f3dztwa Podkarpackiego Regionalnego O\u015brodka Polityki Spo\u0142ecznej w Rzeszowie.\u201d\"><\/u><span style=\"color: #1e73be;\">Formy pomocy psychologiczno-pedagogicznej organizowane na terenie szko\u0142y<\/span><\/strong><\/p>\n<p style=\"text-align: justify;\">Zgodnie z r Rozporz\u0105dzeniem Ministra Edukacji Narodowej z dnia 9 sierpnia 2017 r. w sprawie zasad organizacji i udzielania pomocy psychologiczno-pedagogicznej w publicznych przedszkolach, szko\u0142ach i plac\u00f3wkach nasza szko\u0142a organizuje nast\u0119puj\u0105ce formy pomocy psychologiczno-pedagogicznej dla uczni\u00f3w:<\/p>\n<ul>\n<li><strong>Zaj\u0119cia rozwijaj\u0105ce uzdolnienia<\/strong> s\u0105 organizowane dla uczni\u00f3w szczeg\u00f3lnie uzdolnionych.<\/li>\n<li><strong>Zaj\u0119cia rozwijaj\u0105ce umiej\u0119tno\u015bci uczenia si\u0119<\/strong> s\u0105 wsparciem dla uczni\u00f3w w celu podnoszenia efektywno\u015bci uczenia si\u0119.<\/li>\n<li><strong>Zaj\u0119cia dydaktyczno-wyr\u00f3wnawcze<\/strong> obejmuj\u0105 pomoc\u0105 uczni\u00f3w maj\u0105cych trudno\u015bci w nauce,<br \/>\nw szczeg\u00f3lno\u015bci w spe\u0142nianiu wymaga\u0144 edukacyjnych wynikaj\u0105cych z podstawy programowej kszta\u0142cenia og\u00f3lnego dla danego etapu edukacyjnego.<\/li>\n<li><strong>Zaj\u0119cia korekcyjno-kompensacyjne<\/strong> wspomagaj\u0105 uczni\u00f3w z zaburzeniami i odchyleniami rozwojowymi<br \/>\nw tym specyficznymi trudno\u015bciami w uczeniu si\u0119.<\/li>\n<li><strong>Zaj\u0119cia logopedyczne<\/strong> s\u0105 kierowane do uczni\u00f3w z deficytami kompetencji i zaburzeniami sprawno\u015bci j\u0119zykowych.<\/li>\n<li><strong>Zaj\u0119cia rozwijaj\u0105ce kompetencje emocjonalno-spo\u0142eczne<\/strong> s\u0105 organizowane dla uczni\u00f3w przejawiaj\u0105cych trudno\u015bci w funkcjonowaniu spo\u0142ecznym.<\/li>\n<li><strong>Inne zaj\u0119cia o charakterze terapeutycznym<\/strong> wspieraj\u0105 uczni\u00f3w z zaburzeniami i odchyleniami rozwojowymi maj\u0105cych problemy w funkcjonowaniu w szkole oraz z aktywnym i pe\u0142nym uczestnictwem w \u017cyciu szko\u0142y lub plac\u00f3wki.<\/li>\n<li><strong>Zaj\u0119cia zwi\u0105zane z wyborem kierunku kszta\u0142cenia i zawodu<\/strong> oraz z planowaniem kszta\u0142cenia &nbsp;i kariery zawodowej s\u0105 organizowane w celu wspomagania odpowiednio uczni\u00f3w w podejmowaniu decyzji edukacyjnych i zawodowych, przy wykorzystaniu aktywnych metod pracy.<\/li>\n<li><strong>Nauczyciel wsp\u00f3\u0142organizuj\u0105cy kszta\u0142cenie<\/strong> jest zatrudniony w oddzia\u0142ach og\u00f3lnodost\u0119pnych, w kt\u00f3rych ucz\u0105 si\u0119 dzieci z autyzmem, zespo\u0142em Aspergera, niepe\u0142nosprawno\u015bci\u0105 sprz\u0119\u017con\u0105, niedostosowaniem spo\u0142ecznym, zagro\u017cone niedostosowaniem spo\u0142ecznym oraz w przypadku innych niepe\u0142nosprawno\u015bci.<\/li>\n<li><strong>Porady, konsultacje dla uczni\u00f3w <\/strong>maj\u0105 wspiera\u0107 dzieci i m\u0142odzie\u017c w trudnych dla nich sytuacjach<\/li>\n<li><strong>Porady, konsultacje dla rodzic\u00f3w i nauczycieli<\/strong> maj\u0105 wspiera\u0107 rodzic\u00f3w i nauczycieli w rozwi\u0105zywaniu problem\u00f3w wychowawczych i dydaktycznych oraz rozwijaniu ich umiej\u0119tno\u015bci wychowawczych w celu zwi\u0119kszenia efektywno\u015bci pomocy udzielanej uczniom.<\/li>\n<\/ul>\n<p><strong>Pomoc psychologiczno-pedagogiczna jest organizowana i udzielana we wsp\u00f3\u0142pracy z:<\/strong><\/p>\n<ul>\n<li>rodzicami uczni\u00f3w;<\/li>\n<li>poradniami psychologiczno-pedagogicznymi, w tym poradniami specjalistycznymi;<\/li>\n<li>plac\u00f3wkami doskonalenia nauczycieli;<\/li>\n<li>innymi szko\u0142ami i plac\u00f3wkami;<\/li>\n<li>organizacjami pozarz\u0105dowymi oraz innymi instytucjami i podmiotami dzia\u0142aj\u0105cymi na rzecz rodziny, dzieci i m\u0142odzie\u017cy.<\/li>\n<\/ul>\n<p>____________________________________________________________________________________________<\/p>\n<p>Gdzie i w jaki spos\u00f3b szuka\u0107 pomocy w przypadku wyst\u0119powania <strong>przemocy w rodzinie<\/strong>?<\/p>\n<p>Jeste\u015b \u015bwiadkiem przemocy w rodzinie &#8211; co robi\u0107? <a href=\"https:\/\/www.spnborek.ostnet.pl\/wp-content\/uploads\/2021\/04\/jestem-swiadkiem.pdf\">ULOTKA<\/a><\/p>\n<p>O przemocy w rodzinie &#8211; <a href=\"https:\/\/www.spnborek.ostnet.pl\/wp-content\/uploads\/2021\/04\/dziecko-do-12-lat.pdf\">materia\u0142y edukacyjne dla dzieci do 12 lat<\/a><\/p>\n<p>O przemocy w rodzinie &#8211; <a href=\"https:\/\/www.spnborek.ostnet.pl\/wp-content\/uploads\/2021\/04\/dziecko-po-12-lat.pdf\">materia\u0142y edukacyjne dla dzieci powy\u017cej 12 lat<\/a><\/p>\n<p>Niebieska Karta <a href=\"https:\/\/www.spnborek.ostnet.pl\/wp-content\/uploads\/2021\/04\/plakat_NK.pdf\">PLAKAT<\/a><\/p>\n<p>____________________________________________________________________________________________<\/p>\n<p><a href=\"http:\/\/www.ppp1-rzeszow.edu.pl\/czytelnia\/\">Czytelnia Poradni Psychologiczno &#8211; Pedagogicznej Nr 1 w Rzeszowie&nbsp;<\/a><\/p>\n","protected":false},"excerpt":{"rendered":"<p>Pedagog szkolny mgr Aleksandra Flis mgr Lucyna Baj Psycholog szkolny mgr Rafa\u0142 Gajor codziennie &nbsp; Drogi Uczniu! Zwr\u00f3\u0107 si\u0119 do pedagoga szkolnego lub psychologa gdy: Czujesz, \u017ce nikt Ci\u0119 nie rozumie, jeste\u015b samotny. Nie potrafisz porozumie\u0107 si\u0119 z nauczycielem. Masz problemy rodzinne, znajdujesz si\u0119 w trudnej sytuacji materialnej. Masz problem i nie wiesz, jak go [&hellip;]<\/p>\n","protected":false},"author":1,"featured_media":0,"parent":0,"menu_order":0,"comment_status":"closed","ping_status":"closed","template":"","meta":{"ngg_post_thumbnail":0,"footnotes":""},"class_list":["post-363","page","type-page","status-publish","hentry"],"yoast_head":"<!-- This site is optimized with the Yoast SEO plugin v22.5 - https:\/\/yoast.com\/wordpress\/plugins\/seo\/ -->\n<title>Pomoc psychologiczno-pedagogiczna - Szko\u0142a Podstawowa w Nowym Borku<\/title>\n<meta name=\"description\" content=\"Pedagog szkolny, psycholog szkolny w Szkole Podstawowej w Nowym Borku\" \/>\n<meta name=\"robots\" content=\"index, follow, max-snippet:-1, max-image-preview:large, max-video-preview:-1\" \/>\n<link rel=\"canonical\" href=\"https:\/\/www.spnborek.ostnet.pl\/index.php\/pedagog-szkolny-psycholog-szkolny-w-sp-nowy-borek\/\" \/>\n<meta property=\"og:locale\" content=\"pl_PL\" \/>\n<meta property=\"og:type\" content=\"article\" \/>\n<meta property=\"og:title\" content=\"Pomoc psychologiczno-pedagogiczna - Szko\u0142a Podstawowa w Nowym Borku\" \/>\n<meta property=\"og:description\" content=\"Pedagog szkolny, psycholog szkolny w Szkole Podstawowej w Nowym Borku\" \/>\n<meta property=\"og:url\" content=\"https:\/\/www.spnborek.ostnet.pl\/index.php\/pedagog-szkolny-psycholog-szkolny-w-sp-nowy-borek\/\" \/>\n<meta property=\"og:site_name\" content=\"Szko\u0142a Podstawowa w Nowym Borku\" \/>\n<meta property=\"article:publisher\" content=\"https:\/\/www.facebook.com\/SzkolaPodstawowawNowymBorku\/\" \/>\n<meta property=\"article:modified_time\" content=\"2024-10-26T07:59:45+00:00\" \/>\n<meta property=\"og:image\" content=\"https:\/\/www.spnborek.ostnet.pl\/wp-content\/uploads\/2020\/02\/pedag.png\" \/>\n<meta name=\"twitter:card\" content=\"summary_large_image\" \/>\n<meta name=\"twitter:label1\" content=\"Szacowany czas czytania\" \/>\n\t<meta name=\"twitter:data1\" content=\"5 minut\" \/>\n<script type=\"application\/ld+json\" class=\"yoast-schema-graph\">{\"@context\":\"https:\/\/schema.org\",\"@graph\":[{\"@type\":\"WebPage\",\"@id\":\"https:\/\/www.spnborek.ostnet.pl\/index.php\/pedagog-szkolny-psycholog-szkolny-w-sp-nowy-borek\/\",\"url\":\"https:\/\/www.spnborek.ostnet.pl\/index.php\/pedagog-szkolny-psycholog-szkolny-w-sp-nowy-borek\/\",\"name\":\"Pomoc psychologiczno-pedagogiczna - Szko\u0142a Podstawowa w Nowym Borku\",\"isPartOf\":{\"@id\":\"https:\/\/www.spnborek.ostnet.pl\/#website\"},\"primaryImageOfPage\":{\"@id\":\"https:\/\/www.spnborek.ostnet.pl\/index.php\/pedagog-szkolny-psycholog-szkolny-w-sp-nowy-borek\/#primaryimage\"},\"image\":{\"@id\":\"https:\/\/www.spnborek.ostnet.pl\/index.php\/pedagog-szkolny-psycholog-szkolny-w-sp-nowy-borek\/#primaryimage\"},\"thumbnailUrl\":\"https:\/\/www.spnborek.ostnet.pl\/wp-content\/uploads\/2020\/02\/pedag.png\",\"datePublished\":\"2020-01-30T09:25:54+00:00\",\"dateModified\":\"2024-10-26T07:59:45+00:00\",\"description\":\"Pedagog szkolny, psycholog szkolny w Szkole Podstawowej w Nowym Borku\",\"breadcrumb\":{\"@id\":\"https:\/\/www.spnborek.ostnet.pl\/index.php\/pedagog-szkolny-psycholog-szkolny-w-sp-nowy-borek\/#breadcrumb\"},\"inLanguage\":\"pl-PL\",\"potentialAction\":[{\"@type\":\"ReadAction\",\"target\":[\"https:\/\/www.spnborek.ostnet.pl\/index.php\/pedagog-szkolny-psycholog-szkolny-w-sp-nowy-borek\/\"]}]},{\"@type\":\"ImageObject\",\"inLanguage\":\"pl-PL\",\"@id\":\"https:\/\/www.spnborek.ostnet.pl\/index.php\/pedagog-szkolny-psycholog-szkolny-w-sp-nowy-borek\/#primaryimage\",\"url\":\"https:\/\/www.spnborek.ostnet.pl\/wp-content\/uploads\/2020\/02\/pedag.png\",\"contentUrl\":\"https:\/\/www.spnborek.ostnet.pl\/wp-content\/uploads\/2020\/02\/pedag.png\",\"width\":185,\"height\":122},{\"@type\":\"BreadcrumbList\",\"@id\":\"https:\/\/www.spnborek.ostnet.pl\/index.php\/pedagog-szkolny-psycholog-szkolny-w-sp-nowy-borek\/#breadcrumb\",\"itemListElement\":[{\"@type\":\"ListItem\",\"position\":1,\"name\":\"Strona g\u0142\u00f3wna\",\"item\":\"https:\/\/www.spnborek.ostnet.pl\/\"},{\"@type\":\"ListItem\",\"position\":2,\"name\":\"Pomoc psychologiczno-pedagogiczna\"}]},{\"@type\":\"WebSite\",\"@id\":\"https:\/\/www.spnborek.ostnet.pl\/#website\",\"url\":\"https:\/\/www.spnborek.ostnet.pl\/\",\"name\":\"Szko\u0142a Podstawowa w Nowym Borku\",\"description\":\"Szko\u0142a Podstawowa w Nowym Borku im. gen. bryg. Mieczys\u0142awa Boruty-Spiechowicza\",\"publisher\":{\"@id\":\"https:\/\/www.spnborek.ostnet.pl\/#organization\"},\"potentialAction\":[{\"@type\":\"SearchAction\",\"target\":{\"@type\":\"EntryPoint\",\"urlTemplate\":\"https:\/\/www.spnborek.ostnet.pl\/?s={search_term_string}\"},\"query-input\":\"required name=search_term_string\"}],\"inLanguage\":\"pl-PL\"},{\"@type\":\"Organization\",\"@id\":\"https:\/\/www.spnborek.ostnet.pl\/#organization\",\"name\":\"Szko\u0142a Podstawowa w Nowym Borku\",\"url\":\"https:\/\/www.spnborek.ostnet.pl\/\",\"logo\":{\"@type\":\"ImageObject\",\"inLanguage\":\"pl-PL\",\"@id\":\"https:\/\/www.spnborek.ostnet.pl\/#\/schema\/logo\/image\/\",\"url\":\"https:\/\/www.spnborek.ostnet.pl\/wp-content\/uploads\/2020\/01\/logo-2-e1579378838968.png\",\"contentUrl\":\"https:\/\/www.spnborek.ostnet.pl\/wp-content\/uploads\/2020\/01\/logo-2-e1579378838968.png\",\"width\":80,\"height\":75,\"caption\":\"Szko\u0142a Podstawowa w Nowym Borku\"},\"image\":{\"@id\":\"https:\/\/www.spnborek.ostnet.pl\/#\/schema\/logo\/image\/\"},\"sameAs\":[\"https:\/\/www.facebook.com\/SzkolaPodstawowawNowymBorku\/\"]}]}<\/script>\n<!-- \/ Yoast SEO plugin. -->","yoast_head_json":{"title":"Pomoc psychologiczno-pedagogiczna - Szko\u0142a Podstawowa w Nowym Borku","description":"Pedagog szkolny, psycholog szkolny w Szkole Podstawowej w Nowym Borku","robots":{"index":"index","follow":"follow","max-snippet":"max-snippet:-1","max-image-preview":"max-image-preview:large","max-video-preview":"max-video-preview:-1"},"canonical":"https:\/\/www.spnborek.ostnet.pl\/index.php\/pedagog-szkolny-psycholog-szkolny-w-sp-nowy-borek\/","og_locale":"pl_PL","og_type":"article","og_title":"Pomoc psychologiczno-pedagogiczna - Szko\u0142a Podstawowa w Nowym Borku","og_description":"Pedagog szkolny, psycholog szkolny w Szkole Podstawowej w Nowym Borku","og_url":"https:\/\/www.spnborek.ostnet.pl\/index.php\/pedagog-szkolny-psycholog-szkolny-w-sp-nowy-borek\/","og_site_name":"Szko\u0142a Podstawowa w Nowym Borku","article_publisher":"https:\/\/www.facebook.com\/SzkolaPodstawowawNowymBorku\/","article_modified_time":"2024-10-26T07:59:45+00:00","og_image":[{"url":"https:\/\/www.spnborek.ostnet.pl\/wp-content\/uploads\/2020\/02\/pedag.png"}],"twitter_card":"summary_large_image","twitter_misc":{"Szacowany czas czytania":"5 minut"},"schema":{"@context":"https:\/\/schema.org","@graph":[{"@type":"WebPage","@id":"https:\/\/www.spnborek.ostnet.pl\/index.php\/pedagog-szkolny-psycholog-szkolny-w-sp-nowy-borek\/","url":"https:\/\/www.spnborek.ostnet.pl\/index.php\/pedagog-szkolny-psycholog-szkolny-w-sp-nowy-borek\/","name":"Pomoc psychologiczno-pedagogiczna - Szko\u0142a Podstawowa w Nowym Borku","isPartOf":{"@id":"https:\/\/www.spnborek.ostnet.pl\/#website"},"primaryImageOfPage":{"@id":"https:\/\/www.spnborek.ostnet.pl\/index.php\/pedagog-szkolny-psycholog-szkolny-w-sp-nowy-borek\/#primaryimage"},"image":{"@id":"https:\/\/www.spnborek.ostnet.pl\/index.php\/pedagog-szkolny-psycholog-szkolny-w-sp-nowy-borek\/#primaryimage"},"thumbnailUrl":"https:\/\/www.spnborek.ostnet.pl\/wp-content\/uploads\/2020\/02\/pedag.png","datePublished":"2020-01-30T09:25:54+00:00","dateModified":"2024-10-26T07:59:45+00:00","description":"Pedagog szkolny, psycholog szkolny w Szkole Podstawowej w Nowym Borku","breadcrumb":{"@id":"https:\/\/www.spnborek.ostnet.pl\/index.php\/pedagog-szkolny-psycholog-szkolny-w-sp-nowy-borek\/#breadcrumb"},"inLanguage":"pl-PL","potentialAction":[{"@type":"ReadAction","target":["https:\/\/www.spnborek.ostnet.pl\/index.php\/pedagog-szkolny-psycholog-szkolny-w-sp-nowy-borek\/"]}]},{"@type":"ImageObject","inLanguage":"pl-PL","@id":"https:\/\/www.spnborek.ostnet.pl\/index.php\/pedagog-szkolny-psycholog-szkolny-w-sp-nowy-borek\/#primaryimage","url":"https:\/\/www.spnborek.ostnet.pl\/wp-content\/uploads\/2020\/02\/pedag.png","contentUrl":"https:\/\/www.spnborek.ostnet.pl\/wp-content\/uploads\/2020\/02\/pedag.png","width":185,"height":122},{"@type":"BreadcrumbList","@id":"https:\/\/www.spnborek.ostnet.pl\/index.php\/pedagog-szkolny-psycholog-szkolny-w-sp-nowy-borek\/#breadcrumb","itemListElement":[{"@type":"ListItem","position":1,"name":"Strona g\u0142\u00f3wna","item":"https:\/\/www.spnborek.ostnet.pl\/"},{"@type":"ListItem","position":2,"name":"Pomoc psychologiczno-pedagogiczna"}]},{"@type":"WebSite","@id":"https:\/\/www.spnborek.ostnet.pl\/#website","url":"https:\/\/www.spnborek.ostnet.pl\/","name":"Szko\u0142a Podstawowa w Nowym Borku","description":"Szko\u0142a Podstawowa w Nowym Borku im. gen. bryg. Mieczys\u0142awa Boruty-Spiechowicza","publisher":{"@id":"https:\/\/www.spnborek.ostnet.pl\/#organization"},"potentialAction":[{"@type":"SearchAction","target":{"@type":"EntryPoint","urlTemplate":"https:\/\/www.spnborek.ostnet.pl\/?s={search_term_string}"},"query-input":"required name=search_term_string"}],"inLanguage":"pl-PL"},{"@type":"Organization","@id":"https:\/\/www.spnborek.ostnet.pl\/#organization","name":"Szko\u0142a Podstawowa w Nowym Borku","url":"https:\/\/www.spnborek.ostnet.pl\/","logo":{"@type":"ImageObject","inLanguage":"pl-PL","@id":"https:\/\/www.spnborek.ostnet.pl\/#\/schema\/logo\/image\/","url":"https:\/\/www.spnborek.ostnet.pl\/wp-content\/uploads\/2020\/01\/logo-2-e1579378838968.png","contentUrl":"https:\/\/www.spnborek.ostnet.pl\/wp-content\/uploads\/2020\/01\/logo-2-e1579378838968.png","width":80,"height":75,"caption":"Szko\u0142a Podstawowa w Nowym Borku"},"image":{"@id":"https:\/\/www.spnborek.ostnet.pl\/#\/schema\/logo\/image\/"},"sameAs":["https:\/\/www.facebook.com\/SzkolaPodstawowawNowymBorku\/"]}]}},"_links":{"self":[{"href":"https:\/\/www.spnborek.ostnet.pl\/index.php\/wp-json\/wp\/v2\/pages\/363","targetHints":{"allow":["GET"]}}],"collection":[{"href":"https:\/\/www.spnborek.ostnet.pl\/index.php\/wp-json\/wp\/v2\/pages"}],"about":[{"href":"https:\/\/www.spnborek.ostnet.pl\/index.php\/wp-json\/wp\/v2\/types\/page"}],"author":[{"embeddable":true,"href":"https:\/\/www.spnborek.ostnet.pl\/index.php\/wp-json\/wp\/v2\/users\/1"}],"replies":[{"embeddable":true,"href":"https:\/\/www.spnborek.ostnet.pl\/index.php\/wp-json\/wp\/v2\/comments?post=363"}],"version-history":[{"count":83,"href":"https:\/\/www.spnborek.ostnet.pl\/index.php\/wp-json\/wp\/v2\/pages\/363\/revisions"}],"predecessor-version":[{"id":2835,"href":"https:\/\/www.spnborek.ostnet.pl\/index.php\/wp-json\/wp\/v2\/pages\/363\/revisions\/2835"}],"wp:attachment":[{"href":"https:\/\/www.spnborek.ostnet.pl\/index.php\/wp-json\/wp\/v2\/media?parent=363"}],"curies":[{"name":"wp","href":"https:\/\/api.w.org\/{rel}","templated":true}]}}