{"id":34,"date":"2020-01-17T22:13:25","date_gmt":"2020-01-17T21:13:25","guid":{"rendered":"https:\/\/www.spnborek.ostnet.pl\/?page_id=34"},"modified":"2020-02-13T10:25:26","modified_gmt":"2020-02-13T09:25:26","slug":"34-2","status":"publish","type":"page","link":"https:\/\/www.spnborek.ostnet.pl\/index.php\/34-2\/","title":{"rendered":"Patron Szko\u0142y"},"content":{"rendered":"<p style=\"text-align: justify;\"><img loading=\"lazy\" decoding=\"async\" class=\"alignleft size-medium wp-image-508\" src=\"https:\/\/www.spnborek.ostnet.pl\/wp-content\/uploads\/2020\/02\/20200212_143820-225x300.jpg\" alt=\"\" width=\"225\" height=\"300\" srcset=\"https:\/\/www.spnborek.ostnet.pl\/wp-content\/uploads\/2020\/02\/20200212_143820-225x300.jpg 225w, https:\/\/www.spnborek.ostnet.pl\/wp-content\/uploads\/2020\/02\/20200212_143820-768x1024.jpg 768w, https:\/\/www.spnborek.ostnet.pl\/wp-content\/uploads\/2020\/02\/20200212_143820-289x385.jpg 289w, https:\/\/www.spnborek.ostnet.pl\/wp-content\/uploads\/2020\/02\/20200212_143820-153x204.jpg 153w, https:\/\/www.spnborek.ostnet.pl\/wp-content\/uploads\/2020\/02\/20200212_143820.jpg 900w\" sizes=\"auto, (max-width: 225px) 100vw, 225px\" \/>W roku szkolnym 2003\/2004 rozpocz\u0119\u0142a si\u0119 kampania maj\u0105ca na celu wy\u0142onienie patrona naszej szko\u0142y. W\u015br\u00f3d wielu powod\u00f3w, dla kt\u00f3rych podj\u0119to realizacj\u0119 tego zadania jest niew\u0105tpliwie najwa\u017cniejszy z nich &#8211; jubileusz pi\u0119\u0107dziesi\u0119ciolecia istnienia naszej szko\u0142y, kt\u00f3ry przypada na 2005 rok. Decyzj\u0105 Rady Rodzic\u00f3w, Rady Pedagogicznej i uczni\u00f3w naszej szko\u0142y postanowiono, \u017ce patronem naszej szko\u0142y zostanie gen. Mieczys\u0142aw Boruta-Spiechowicz. Jednym z wa\u017cniejszych podj\u0119tych przez nas dzia\u0142a\u0144 by\u0142o nawi\u0105zanie wsp\u00f3\u0142pracy z 21 Brygad\u0105 Strzelc\u00f3w Podhala\u0144skich w Rzeszowie, kt\u00f3ra r\u00f3wnie\u017c nosi imi\u0119 gen. Spiechowicza. Wielokrotnie go\u015bcili\u015bmy przedstawicieli wojska w naszej szkole, np. w czasie Noworocznego Koncertu Kol\u0119d i Pastora\u0142ek dla mieszka\u0144c\u00f3w Nowego Borku wyst\u0105pi\u0142a orkiestra wojskowa oraz pan kapitan Artur Surmacz, kt\u00f3ry zaprezentowa\u0142 sylwetk\u0119 Boruty-Spiechowicza. Urodzi\u0142 si\u0119 20 lutego 1894 roku w Rzeszowie. Uko\u0144czy\u0142 gimnazjum Kreczmara w Warszawie. Od wczesnej m\u0142odo\u015bci zwi\u0105za\u0142 si\u0119 z polskim ruchem skautowym, najpierw by\u0142 cz\u0142onkiem dru\u017cyny imienia Romualda Traugutta, a potem instruktorem skautowym w Warszawie. W 1913 roku wyjecha\u0142 do Belgii, gdzie rozpocz\u0105\u0142 studia w Akademii Handlowej. Tam wst\u0105pi\u0142 do Zwi\u0105zku Strzeleckiego i uko\u0144czy\u0142 kurs podoficerski. Z chwil\u0105 wybuchu pierwszej wojny \u015bwiatowej, po wielu przeszkodach dosta\u0142 si\u0119 do Krakowa, gdzie rozpocz\u0105\u0142 dzia\u0142alno\u015b\u0107 w Dru\u017cynach Strzeleckich, a nast\u0119pnie w 1 kompanii I Batalionu 2 Pu\u0142ku Piechoty Legion\u00f3w Polskich. W tym okresie Mieczys\u0142aw Boruta-Spiechowicz przeby\u0142 wszystkie kampanie wojenne, bij\u0105c si\u0119 kolejno z wojskami wszystkich trzech zabor\u00f3w. Kolejnym etapem s\u0142u\u017cby bojowej Spiechowicza by\u0142a Polska Organizacja Wojskowa, a potem udzia\u0142 w obronie Lwowa. Nast\u0119pnie zosta\u0142 skierowany do Armii Polskiej we Francji, organizowanej przez gen. J\u00f3zefa Hallera. W 1919 roku awansowa\u0142 do stopnia podpu\u0142kownika. W 1939 roku obj\u0105\u0142 dow\u00f3dztwo grupy operacyjnej \u201eBielsko\u201d. Bra\u0142 udzia\u0142 w obronie Krakowa, a p\u00f3\u017aniej organizowa\u0142 obron\u0119 nad Sanem i Tanwi\u0105. Od 1946 roku prowadzi\u0142 w\u0142asne gospodarstwo rolne w wojew\u00f3dztwie szczeci\u0144skim. Natomiast od roku 1964 zamieszka\u0142 w Zakopanem. W dniu 3 maja 1976 roku ofiarowa\u0142 Naj\u015bwi\u0119tszej Marii Pannie Kr\u00f3lowej Polski na apelu \u017co\u0142nierzy II Rzeczypospolitej jako wota swoje najwy\u017csze odznaczenia, w tym Order Virtuti Militari. Zmar\u0142 13 X 1985 roku w Zakopanem i tam zosta\u0142 pochowany w grobie kwatery Legionowej. Gen. Mieczys\u0142aw Boruta-Spiechowicz odznaczony by\u0142 m. in. Orderem Virtuti Militari, Orderem Polonia Restituta, Krzy\u017cem Niepodleg\u0142o\u015bci z Mieczami, siedmiokrotnie Krzy\u017cem Walecznych. By\u0142 on symbolem trwa\u0142o\u015bci idei niepodleg\u0142ego pa\u0144stwa polskiego. \u017bo\u0142nierz trzech wojen, siedmiu wi\u0119zie\u0144, 2 oboz\u00f3w jenieckich i 5 zamach\u00f3w na jego \u017cycie. Wypowied\u017a gen. Boruty-Spiechowicza zamieszczona na \u0142amach tygodnika \u201eSolidarno\u015b\u0107\u201d nr 27\/1998\u201d. Nie dajmy si\u0119 zastraszy\u0107, bo strach jest z\u0142ym doradc\u0105, a Polska potrzebuje rad dobrych. B\u0105d\u017acie solidarni w dobrym, m\u0105drym i szlachetnym. Solidarni w z\u0142ym s\u0105 naszym przeciwie\u0144stwem. To oni doprowadzili Polsk\u0119 najpierw do moralnego, a potem do materialnego upadku. B\u0105d\u017acie odwa\u017cni w poszukiwaniu prawdy. Jak nigdy dot\u0105d potrzebna nam jest jedno\u015b\u0107. Prawda jest jedna, a k\u0142amstw tysi\u0105ce. Szukajcie jej, bo tylko ona was nie zawiedzie, bo tylko prawda wyzwoli was z niedoli. B\u0105d\u017acie \u017co\u0142nierzami prawdy, a jestem przekonany, \u017ce na pewno zwyci\u0119\u017cycie.\u201d<\/p>\n","protected":false},"excerpt":{"rendered":"<p>W roku szkolnym 2003\/2004 rozpocz\u0119\u0142a si\u0119 kampania maj\u0105ca na celu wy\u0142onienie patrona naszej szko\u0142y. W\u015br\u00f3d wielu powod\u00f3w, dla kt\u00f3rych podj\u0119to realizacj\u0119 tego zadania jest niew\u0105tpliwie najwa\u017cniejszy z nich &#8211; jubileusz pi\u0119\u0107dziesi\u0119ciolecia istnienia naszej szko\u0142y, kt\u00f3ry przypada na 2005 rok. Decyzj\u0105 Rady Rodzic\u00f3w, Rady Pedagogicznej i uczni\u00f3w naszej szko\u0142y postanowiono, \u017ce patronem naszej szko\u0142y zostanie gen. [&hellip;]<\/p>\n","protected":false},"author":1,"featured_media":0,"parent":0,"menu_order":0,"comment_status":"closed","ping_status":"closed","template":"","meta":{"ngg_post_thumbnail":0,"footnotes":""},"class_list":["post-34","page","type-page","status-publish","hentry"],"yoast_head":"<!-- This site is optimized with the Yoast SEO plugin v22.5 - https:\/\/yoast.com\/wordpress\/plugins\/seo\/ -->\n<title>Patron Szko\u0142y - Szko\u0142a Podstawowa w Nowym Borku<\/title>\n<meta name=\"robots\" content=\"index, follow, max-snippet:-1, max-image-preview:large, max-video-preview:-1\" \/>\n<link rel=\"canonical\" href=\"https:\/\/www.spnborek.ostnet.pl\/index.php\/34-2\/\" \/>\n<meta property=\"og:locale\" content=\"pl_PL\" \/>\n<meta property=\"og:type\" content=\"article\" \/>\n<meta property=\"og:title\" content=\"Patron Szko\u0142y - Szko\u0142a Podstawowa w Nowym Borku\" \/>\n<meta property=\"og:description\" content=\"W roku szkolnym 2003\/2004 rozpocz\u0119\u0142a si\u0119 kampania maj\u0105ca na celu wy\u0142onienie patrona naszej szko\u0142y. W\u015br\u00f3d wielu powod\u00f3w, dla kt\u00f3rych podj\u0119to realizacj\u0119 tego zadania jest niew\u0105tpliwie najwa\u017cniejszy z nich &#8211; jubileusz pi\u0119\u0107dziesi\u0119ciolecia istnienia naszej szko\u0142y, kt\u00f3ry przypada na 2005 rok. Decyzj\u0105 Rady Rodzic\u00f3w, Rady Pedagogicznej i uczni\u00f3w naszej szko\u0142y postanowiono, \u017ce patronem naszej szko\u0142y zostanie gen. [&hellip;]\" \/>\n<meta property=\"og:url\" content=\"https:\/\/www.spnborek.ostnet.pl\/index.php\/34-2\/\" \/>\n<meta property=\"og:site_name\" content=\"Szko\u0142a Podstawowa w Nowym Borku\" \/>\n<meta property=\"article:publisher\" content=\"https:\/\/www.facebook.com\/SzkolaPodstawowawNowymBorku\/\" \/>\n<meta property=\"article:modified_time\" content=\"2020-02-13T09:25:26+00:00\" \/>\n<meta property=\"og:image\" content=\"https:\/\/www.spnborek.ostnet.pl\/wp-content\/uploads\/2020\/02\/20200212_143820-225x300.jpg\" \/>\n<meta name=\"twitter:card\" content=\"summary_large_image\" \/>\n<meta name=\"twitter:label1\" content=\"Szacowany czas czytania\" \/>\n\t<meta name=\"twitter:data1\" content=\"3 minuty\" \/>\n<script type=\"application\/ld+json\" class=\"yoast-schema-graph\">{\"@context\":\"https:\/\/schema.org\",\"@graph\":[{\"@type\":\"WebPage\",\"@id\":\"https:\/\/www.spnborek.ostnet.pl\/index.php\/34-2\/\",\"url\":\"https:\/\/www.spnborek.ostnet.pl\/index.php\/34-2\/\",\"name\":\"Patron Szko\u0142y - Szko\u0142a Podstawowa w Nowym Borku\",\"isPartOf\":{\"@id\":\"https:\/\/www.spnborek.ostnet.pl\/#website\"},\"primaryImageOfPage\":{\"@id\":\"https:\/\/www.spnborek.ostnet.pl\/index.php\/34-2\/#primaryimage\"},\"image\":{\"@id\":\"https:\/\/www.spnborek.ostnet.pl\/index.php\/34-2\/#primaryimage\"},\"thumbnailUrl\":\"https:\/\/www.spnborek.ostnet.pl\/wp-content\/uploads\/2020\/02\/20200212_143820-225x300.jpg\",\"datePublished\":\"2020-01-17T21:13:25+00:00\",\"dateModified\":\"2020-02-13T09:25:26+00:00\",\"breadcrumb\":{\"@id\":\"https:\/\/www.spnborek.ostnet.pl\/index.php\/34-2\/#breadcrumb\"},\"inLanguage\":\"pl-PL\",\"potentialAction\":[{\"@type\":\"ReadAction\",\"target\":[\"https:\/\/www.spnborek.ostnet.pl\/index.php\/34-2\/\"]}]},{\"@type\":\"ImageObject\",\"inLanguage\":\"pl-PL\",\"@id\":\"https:\/\/www.spnborek.ostnet.pl\/index.php\/34-2\/#primaryimage\",\"url\":\"https:\/\/www.spnborek.ostnet.pl\/wp-content\/uploads\/2020\/02\/20200212_143820.jpg\",\"contentUrl\":\"https:\/\/www.spnborek.ostnet.pl\/wp-content\/uploads\/2020\/02\/20200212_143820.jpg\",\"width\":900,\"height\":1200},{\"@type\":\"BreadcrumbList\",\"@id\":\"https:\/\/www.spnborek.ostnet.pl\/index.php\/34-2\/#breadcrumb\",\"itemListElement\":[{\"@type\":\"ListItem\",\"position\":1,\"name\":\"Strona g\u0142\u00f3wna\",\"item\":\"https:\/\/www.spnborek.ostnet.pl\/\"},{\"@type\":\"ListItem\",\"position\":2,\"name\":\"Patron Szko\u0142y\"}]},{\"@type\":\"WebSite\",\"@id\":\"https:\/\/www.spnborek.ostnet.pl\/#website\",\"url\":\"https:\/\/www.spnborek.ostnet.pl\/\",\"name\":\"Szko\u0142a Podstawowa w Nowym Borku\",\"description\":\"Szko\u0142a Podstawowa w Nowym Borku im. gen. bryg. Mieczys\u0142awa Boruty-Spiechowicza\",\"publisher\":{\"@id\":\"https:\/\/www.spnborek.ostnet.pl\/#organization\"},\"potentialAction\":[{\"@type\":\"SearchAction\",\"target\":{\"@type\":\"EntryPoint\",\"urlTemplate\":\"https:\/\/www.spnborek.ostnet.pl\/?s={search_term_string}\"},\"query-input\":\"required name=search_term_string\"}],\"inLanguage\":\"pl-PL\"},{\"@type\":\"Organization\",\"@id\":\"https:\/\/www.spnborek.ostnet.pl\/#organization\",\"name\":\"Szko\u0142a Podstawowa w Nowym Borku\",\"url\":\"https:\/\/www.spnborek.ostnet.pl\/\",\"logo\":{\"@type\":\"ImageObject\",\"inLanguage\":\"pl-PL\",\"@id\":\"https:\/\/www.spnborek.ostnet.pl\/#\/schema\/logo\/image\/\",\"url\":\"https:\/\/www.spnborek.ostnet.pl\/wp-content\/uploads\/2020\/01\/logo-2-e1579378838968.png\",\"contentUrl\":\"https:\/\/www.spnborek.ostnet.pl\/wp-content\/uploads\/2020\/01\/logo-2-e1579378838968.png\",\"width\":80,\"height\":75,\"caption\":\"Szko\u0142a Podstawowa w Nowym Borku\"},\"image\":{\"@id\":\"https:\/\/www.spnborek.ostnet.pl\/#\/schema\/logo\/image\/\"},\"sameAs\":[\"https:\/\/www.facebook.com\/SzkolaPodstawowawNowymBorku\/\"]}]}<\/script>\n<!-- \/ Yoast SEO plugin. -->","yoast_head_json":{"title":"Patron Szko\u0142y - Szko\u0142a Podstawowa w Nowym Borku","robots":{"index":"index","follow":"follow","max-snippet":"max-snippet:-1","max-image-preview":"max-image-preview:large","max-video-preview":"max-video-preview:-1"},"canonical":"https:\/\/www.spnborek.ostnet.pl\/index.php\/34-2\/","og_locale":"pl_PL","og_type":"article","og_title":"Patron Szko\u0142y - Szko\u0142a Podstawowa w Nowym Borku","og_description":"W roku szkolnym 2003\/2004 rozpocz\u0119\u0142a si\u0119 kampania maj\u0105ca na celu wy\u0142onienie patrona naszej szko\u0142y. W\u015br\u00f3d wielu powod\u00f3w, dla kt\u00f3rych podj\u0119to realizacj\u0119 tego zadania jest niew\u0105tpliwie najwa\u017cniejszy z nich &#8211; jubileusz pi\u0119\u0107dziesi\u0119ciolecia istnienia naszej szko\u0142y, kt\u00f3ry przypada na 2005 rok. Decyzj\u0105 Rady Rodzic\u00f3w, Rady Pedagogicznej i uczni\u00f3w naszej szko\u0142y postanowiono, \u017ce patronem naszej szko\u0142y zostanie gen. [&hellip;]","og_url":"https:\/\/www.spnborek.ostnet.pl\/index.php\/34-2\/","og_site_name":"Szko\u0142a Podstawowa w Nowym Borku","article_publisher":"https:\/\/www.facebook.com\/SzkolaPodstawowawNowymBorku\/","article_modified_time":"2020-02-13T09:25:26+00:00","og_image":[{"url":"https:\/\/www.spnborek.ostnet.pl\/wp-content\/uploads\/2020\/02\/20200212_143820-225x300.jpg"}],"twitter_card":"summary_large_image","twitter_misc":{"Szacowany czas czytania":"3 minuty"},"schema":{"@context":"https:\/\/schema.org","@graph":[{"@type":"WebPage","@id":"https:\/\/www.spnborek.ostnet.pl\/index.php\/34-2\/","url":"https:\/\/www.spnborek.ostnet.pl\/index.php\/34-2\/","name":"Patron Szko\u0142y - Szko\u0142a Podstawowa w Nowym Borku","isPartOf":{"@id":"https:\/\/www.spnborek.ostnet.pl\/#website"},"primaryImageOfPage":{"@id":"https:\/\/www.spnborek.ostnet.pl\/index.php\/34-2\/#primaryimage"},"image":{"@id":"https:\/\/www.spnborek.ostnet.pl\/index.php\/34-2\/#primaryimage"},"thumbnailUrl":"https:\/\/www.spnborek.ostnet.pl\/wp-content\/uploads\/2020\/02\/20200212_143820-225x300.jpg","datePublished":"2020-01-17T21:13:25+00:00","dateModified":"2020-02-13T09:25:26+00:00","breadcrumb":{"@id":"https:\/\/www.spnborek.ostnet.pl\/index.php\/34-2\/#breadcrumb"},"inLanguage":"pl-PL","potentialAction":[{"@type":"ReadAction","target":["https:\/\/www.spnborek.ostnet.pl\/index.php\/34-2\/"]}]},{"@type":"ImageObject","inLanguage":"pl-PL","@id":"https:\/\/www.spnborek.ostnet.pl\/index.php\/34-2\/#primaryimage","url":"https:\/\/www.spnborek.ostnet.pl\/wp-content\/uploads\/2020\/02\/20200212_143820.jpg","contentUrl":"https:\/\/www.spnborek.ostnet.pl\/wp-content\/uploads\/2020\/02\/20200212_143820.jpg","width":900,"height":1200},{"@type":"BreadcrumbList","@id":"https:\/\/www.spnborek.ostnet.pl\/index.php\/34-2\/#breadcrumb","itemListElement":[{"@type":"ListItem","position":1,"name":"Strona g\u0142\u00f3wna","item":"https:\/\/www.spnborek.ostnet.pl\/"},{"@type":"ListItem","position":2,"name":"Patron Szko\u0142y"}]},{"@type":"WebSite","@id":"https:\/\/www.spnborek.ostnet.pl\/#website","url":"https:\/\/www.spnborek.ostnet.pl\/","name":"Szko\u0142a Podstawowa w Nowym Borku","description":"Szko\u0142a Podstawowa w Nowym Borku im. gen. bryg. Mieczys\u0142awa Boruty-Spiechowicza","publisher":{"@id":"https:\/\/www.spnborek.ostnet.pl\/#organization"},"potentialAction":[{"@type":"SearchAction","target":{"@type":"EntryPoint","urlTemplate":"https:\/\/www.spnborek.ostnet.pl\/?s={search_term_string}"},"query-input":"required name=search_term_string"}],"inLanguage":"pl-PL"},{"@type":"Organization","@id":"https:\/\/www.spnborek.ostnet.pl\/#organization","name":"Szko\u0142a Podstawowa w Nowym Borku","url":"https:\/\/www.spnborek.ostnet.pl\/","logo":{"@type":"ImageObject","inLanguage":"pl-PL","@id":"https:\/\/www.spnborek.ostnet.pl\/#\/schema\/logo\/image\/","url":"https:\/\/www.spnborek.ostnet.pl\/wp-content\/uploads\/2020\/01\/logo-2-e1579378838968.png","contentUrl":"https:\/\/www.spnborek.ostnet.pl\/wp-content\/uploads\/2020\/01\/logo-2-e1579378838968.png","width":80,"height":75,"caption":"Szko\u0142a Podstawowa w Nowym Borku"},"image":{"@id":"https:\/\/www.spnborek.ostnet.pl\/#\/schema\/logo\/image\/"},"sameAs":["https:\/\/www.facebook.com\/SzkolaPodstawowawNowymBorku\/"]}]}},"_links":{"self":[{"href":"https:\/\/www.spnborek.ostnet.pl\/index.php\/wp-json\/wp\/v2\/pages\/34","targetHints":{"allow":["GET"]}}],"collection":[{"href":"https:\/\/www.spnborek.ostnet.pl\/index.php\/wp-json\/wp\/v2\/pages"}],"about":[{"href":"https:\/\/www.spnborek.ostnet.pl\/index.php\/wp-json\/wp\/v2\/types\/page"}],"author":[{"embeddable":true,"href":"https:\/\/www.spnborek.ostnet.pl\/index.php\/wp-json\/wp\/v2\/users\/1"}],"replies":[{"embeddable":true,"href":"https:\/\/www.spnborek.ostnet.pl\/index.php\/wp-json\/wp\/v2\/comments?post=34"}],"version-history":[{"count":3,"href":"https:\/\/www.spnborek.ostnet.pl\/index.php\/wp-json\/wp\/v2\/pages\/34\/revisions"}],"predecessor-version":[{"id":509,"href":"https:\/\/www.spnborek.ostnet.pl\/index.php\/wp-json\/wp\/v2\/pages\/34\/revisions\/509"}],"wp:attachment":[{"href":"https:\/\/www.spnborek.ostnet.pl\/index.php\/wp-json\/wp\/v2\/media?parent=34"}],"curies":[{"name":"wp","href":"https:\/\/api.w.org\/{rel}","templated":true}]}}