{"id":317,"date":"2020-01-30T08:28:26","date_gmt":"2020-01-30T07:28:26","guid":{"rendered":"https:\/\/www.spnborek.ostnet.pl\/?page_id=317"},"modified":"2023-10-10T19:14:55","modified_gmt":"2023-10-10T17:14:55","slug":"swietlica","status":"publish","type":"page","link":"https:\/\/www.spnborek.ostnet.pl\/index.php\/swietlica\/","title":{"rendered":"\u015awietlica"},"content":{"rendered":"<p>Og\u00f3lnopolski Projekt Edukacyjny &#8211; Lu\u017ane lekcje z naukowcami<br \/>\nW roku szkolnym 2023\/2024 \u015bwietlica bierze dzia\u0142 w Og\u00f3lnopolskim Projekcie Edukacyjnym \u2013 \u201eLu\u017ane lekcje z naukowcami- poznajemy i eksperymentujemy\u201d. Program prowadzony jest przez Szko\u0142\u0119 Podstawow\u0105 im. Jana Paw\u0142a II w R\u00f3\u017cankach.<\/p>\n<p>G\u0142\u00f3wnym za\u0142o\u017ceniem projektu jest rozbudzenie zainteresowania otaczaj\u0105cym \u015bwiatem poprzez wykorzystanie dzieci\u0119cej otwarto\u015bci i ciekawo\u015bci w zastosowaniu eksperyment\u00f3w i do\u015bwiadcze\u0144. Ma sprzyja\u0107 rozwijaniu kreatywno\u015bci oraz samodzielnego my\u015blenia u uczni\u00f3w, zadawania pyta\u0144 oraz rozwijania umiej\u0119tno\u015bci szukania informacji. Istotnym celem jest pobudzanie wyobra\u017ani i kszta\u0142towanie umiej\u0119tno\u015bci obserwacji i wyci\u0105gania wniosk\u00f3w, a tak\u017ce integracja wychowank\u00f3w. Projekt opiera si\u0119 on na poznaniu znanych naukowc\u00f3w oraz wykonaniu eksperyment\u00f3w.<br \/>\nW ka\u017cdym miesi\u0105cu projektu uczniowie poznaj\u0105 jednego naukowca oraz wykonaj\u0105 jeden eksperyment.<br \/>\n\u2022 Pa\u017adziernik- Maria Sk\u0142odowska- Curie, \u2022 Wulkan<br \/>\n\u2022 Listopad- Cai Lun, \u2022 Ba\u0144ka w ba\u0144ce<br \/>\n\u2022 Grudzie\u0144- Miko\u0142aj Kopernik, \u2022 Lawa lampa<br \/>\n\u2022 Stycze\u0144 &#8211; Albert Einstein \u2022 Deszczowa chmurka<br \/>\n\u2022 Luty- Thomas Edison, \u2022 Malowanie na mleku<br \/>\n\u2022 Marzec- Alfred Nobel, \u2022 W\u0119druj\u0105ca woda<br \/>\n\u2022 Kwiecie\u0144- Aleksander Bell, \u2022 Kryszta\u0142ki soli<br \/>\n\u2022 Maj- Charles Babbage, \u2022 Gazowy balon<br \/>\n\u2022 Czerwiec- Isaac Newton dla ch\u0119tnych<\/p>\n<p style=\"text-align: center;\"><strong><span style=\"color: #ff0000;\">Godziny pracy \u015bwietlicy szkolnej: 7.00 &#8211; 16.30<\/span><\/strong><\/p>\n<p style=\"text-align: center;\"><span style=\"color: #0000ff;\"><strong>Kryteria przyjmowania dzieci do \u015bwietlicy w Szkole Podstawowej im. gen. bryg. Mieczys\u0142awa Boruty \u2013 Spiechowicza w Nowym Borku na rok szkolny 2023\/2024<\/strong><\/span><\/p>\n<p>&nbsp;<\/p>\n<ol>\n<li>Warunkiem przyj\u0119cia dziecka do \u015bwietlicy szkolnej jest z\u0142o\u017cenie w wyznaczonym przez szko\u0142\u0119 terminie prawid\u0142owo i kompletnie wype\u0142nionej karty zg\u0142oszenia dziecka do \u015bwietlicy (karta zg\u0142oszenia).<\/li>\n<li>Kart\u0119 zg\u0142oszenia dziecka nale\u017cy pobra\u0107 ze strony internetowej lub przy wej\u015bciu bocznym do budynku szko\u0142y.<\/li>\n<li>Kompletnie i czytelnie wype\u0142nion\u0105 Kart\u0119 zg\u0142oszenia dziecka do \u015bwietlicy nale\u017cy z\u0142o\u017cy\u0107 w szkole u wychowawcy lub dyrektora&nbsp; do dnia 8 wrze\u015bnia 2023 r.<\/li>\n<li>Do \u015bwietlicy szkolnej przyjmowani s\u0105 uczniowie z klas I \u2013 III, a w uzasadnionych przypadkach, w miar\u0119 wolnych miejsc pozostali uczniowie szko\u0142y.<\/li>\n<li>W pierwszej kolejno\u015bci do \u015bwietlicy szkolnej przyjmowane s\u0105 dzieci:\n<ol>\n<li><strong>obojga rodzic\u00f3w pracuj\u0105cych zawodowo<\/strong><\/li>\n<li>uczniowie dowo\u017ceni do szko\u0142y przez gmin\u0119<\/li>\n<li>uczniowie rodzic\u00f3w samotnie wychowuj\u0105cych dzieci, pracuj\u0105cych zawodowo<\/li>\n<\/ol>\n<\/li>\n<li>Do karty zg\u0142oszeniowej dziecka \u2013 je\u015bli dyrektor szko\u0142y o to poprosi &#8211; rodzice do\u0142\u0105czaj\u0105 za\u015bwiadczenie z zak\u0142adu pracy potwierdzaj\u0105ce zatrudnienie.<\/li>\n<li>Kwalifikacji i przyjmowania dzieci do \u015bwietlicy dokonuje komisja w sk\u0142ad kt\u00f3rej wchodz\u0105: dyrektor szko\u0142y, wychowawca \u015bwietlicy i nauczyciel z klas I \u2013 III.<\/li>\n<li>Wnioski i pro\u015bby z\u0142o\u017cone indywidualnie o przyj\u0119cie dziecka do \u015bwietlicy \u2013 r\u00f3wnie\u017c w trakcie roku szkolnego \u2013 rozpatruje dyrektor szko\u0142y w porozumieniu z wychowawc\u0105 \u015bwietlicy.<\/li>\n<li style=\"text-align: center;\">Lista dzieci przyj\u0119tych do \u015bwietlicy szkolnej zostaje og\u0142oszona do dnia 11 wrze\u015bnia na tablicy og\u0142osze\u0144 w szkole.<\/li>\n<\/ol>\n<p style=\"text-align: center;\"><a href=\"https:\/\/www.spnborek.ostnet.pl\/wp-content\/uploads\/2023\/09\/wniosek_swietlca_2023_24.docx\">wniosek_swietlca_2023_24<\/a><\/p>\n<p style=\"text-align: center;\"><a href=\"https:\/\/www.spnborek.ostnet.pl\/wp-content\/uploads\/2023\/09\/wniosek-o-dowoz.docx\">wniosek o dow\u00f3z<\/a><\/p>\n","protected":false},"excerpt":{"rendered":"<p>Og\u00f3lnopolski Projekt Edukacyjny &#8211; Lu\u017ane lekcje z naukowcami W roku szkolnym 2023\/2024 \u015bwietlica bierze dzia\u0142 w Og\u00f3lnopolskim Projekcie Edukacyjnym \u2013 \u201eLu\u017ane lekcje z naukowcami- poznajemy i eksperymentujemy\u201d. Program prowadzony jest przez Szko\u0142\u0119 Podstawow\u0105 im. Jana Paw\u0142a II w R\u00f3\u017cankach. G\u0142\u00f3wnym za\u0142o\u017ceniem projektu jest rozbudzenie zainteresowania otaczaj\u0105cym \u015bwiatem poprzez wykorzystanie dzieci\u0119cej otwarto\u015bci i ciekawo\u015bci w zastosowaniu [&hellip;]<\/p>\n","protected":false},"author":1,"featured_media":0,"parent":0,"menu_order":0,"comment_status":"closed","ping_status":"closed","template":"","meta":{"ngg_post_thumbnail":0,"footnotes":""},"class_list":["post-317","page","type-page","status-publish","hentry"],"yoast_head":"<!-- This site is optimized with the Yoast SEO plugin v22.5 - https:\/\/yoast.com\/wordpress\/plugins\/seo\/ -->\n<title>\u015awietlica - Szko\u0142a Podstawowa w Nowym Borku<\/title>\n<meta name=\"robots\" content=\"index, follow, max-snippet:-1, max-image-preview:large, max-video-preview:-1\" \/>\n<link rel=\"canonical\" href=\"https:\/\/www.spnborek.ostnet.pl\/index.php\/swietlica\/\" \/>\n<meta property=\"og:locale\" content=\"pl_PL\" \/>\n<meta property=\"og:type\" content=\"article\" \/>\n<meta property=\"og:title\" content=\"\u015awietlica - Szko\u0142a Podstawowa w Nowym Borku\" \/>\n<meta property=\"og:description\" content=\"Og\u00f3lnopolski Projekt Edukacyjny &#8211; Lu\u017ane lekcje z naukowcami W roku szkolnym 2023\/2024 \u015bwietlica bierze dzia\u0142 w Og\u00f3lnopolskim Projekcie Edukacyjnym \u2013 \u201eLu\u017ane lekcje z naukowcami- poznajemy i eksperymentujemy\u201d. Program prowadzony jest przez Szko\u0142\u0119 Podstawow\u0105 im. Jana Paw\u0142a II w R\u00f3\u017cankach. G\u0142\u00f3wnym za\u0142o\u017ceniem projektu jest rozbudzenie zainteresowania otaczaj\u0105cym \u015bwiatem poprzez wykorzystanie dzieci\u0119cej otwarto\u015bci i ciekawo\u015bci w zastosowaniu [&hellip;]\" \/>\n<meta property=\"og:url\" content=\"https:\/\/www.spnborek.ostnet.pl\/index.php\/swietlica\/\" \/>\n<meta property=\"og:site_name\" content=\"Szko\u0142a Podstawowa w Nowym Borku\" \/>\n<meta property=\"article:publisher\" content=\"https:\/\/www.facebook.com\/SzkolaPodstawowawNowymBorku\/\" \/>\n<meta property=\"article:modified_time\" content=\"2023-10-10T17:14:55+00:00\" \/>\n<meta name=\"twitter:card\" content=\"summary_large_image\" \/>\n<meta name=\"twitter:label1\" content=\"Szacowany czas czytania\" \/>\n\t<meta name=\"twitter:data1\" content=\"3 minuty\" \/>\n<script type=\"application\/ld+json\" class=\"yoast-schema-graph\">{\"@context\":\"https:\/\/schema.org\",\"@graph\":[{\"@type\":\"WebPage\",\"@id\":\"https:\/\/www.spnborek.ostnet.pl\/index.php\/swietlica\/\",\"url\":\"https:\/\/www.spnborek.ostnet.pl\/index.php\/swietlica\/\",\"name\":\"\u015awietlica - Szko\u0142a Podstawowa w Nowym Borku\",\"isPartOf\":{\"@id\":\"https:\/\/www.spnborek.ostnet.pl\/#website\"},\"datePublished\":\"2020-01-30T07:28:26+00:00\",\"dateModified\":\"2023-10-10T17:14:55+00:00\",\"breadcrumb\":{\"@id\":\"https:\/\/www.spnborek.ostnet.pl\/index.php\/swietlica\/#breadcrumb\"},\"inLanguage\":\"pl-PL\",\"potentialAction\":[{\"@type\":\"ReadAction\",\"target\":[\"https:\/\/www.spnborek.ostnet.pl\/index.php\/swietlica\/\"]}]},{\"@type\":\"BreadcrumbList\",\"@id\":\"https:\/\/www.spnborek.ostnet.pl\/index.php\/swietlica\/#breadcrumb\",\"itemListElement\":[{\"@type\":\"ListItem\",\"position\":1,\"name\":\"Strona g\u0142\u00f3wna\",\"item\":\"https:\/\/www.spnborek.ostnet.pl\/\"},{\"@type\":\"ListItem\",\"position\":2,\"name\":\"\u015awietlica\"}]},{\"@type\":\"WebSite\",\"@id\":\"https:\/\/www.spnborek.ostnet.pl\/#website\",\"url\":\"https:\/\/www.spnborek.ostnet.pl\/\",\"name\":\"Szko\u0142a Podstawowa w Nowym Borku\",\"description\":\"Szko\u0142a Podstawowa w Nowym Borku im. gen. bryg. Mieczys\u0142awa Boruty-Spiechowicza\",\"publisher\":{\"@id\":\"https:\/\/www.spnborek.ostnet.pl\/#organization\"},\"potentialAction\":[{\"@type\":\"SearchAction\",\"target\":{\"@type\":\"EntryPoint\",\"urlTemplate\":\"https:\/\/www.spnborek.ostnet.pl\/?s={search_term_string}\"},\"query-input\":\"required name=search_term_string\"}],\"inLanguage\":\"pl-PL\"},{\"@type\":\"Organization\",\"@id\":\"https:\/\/www.spnborek.ostnet.pl\/#organization\",\"name\":\"Szko\u0142a Podstawowa w Nowym Borku\",\"url\":\"https:\/\/www.spnborek.ostnet.pl\/\",\"logo\":{\"@type\":\"ImageObject\",\"inLanguage\":\"pl-PL\",\"@id\":\"https:\/\/www.spnborek.ostnet.pl\/#\/schema\/logo\/image\/\",\"url\":\"https:\/\/www.spnborek.ostnet.pl\/wp-content\/uploads\/2020\/01\/logo-2-e1579378838968.png\",\"contentUrl\":\"https:\/\/www.spnborek.ostnet.pl\/wp-content\/uploads\/2020\/01\/logo-2-e1579378838968.png\",\"width\":80,\"height\":75,\"caption\":\"Szko\u0142a Podstawowa w Nowym Borku\"},\"image\":{\"@id\":\"https:\/\/www.spnborek.ostnet.pl\/#\/schema\/logo\/image\/\"},\"sameAs\":[\"https:\/\/www.facebook.com\/SzkolaPodstawowawNowymBorku\/\"]}]}<\/script>\n<!-- \/ Yoast SEO plugin. -->","yoast_head_json":{"title":"\u015awietlica - Szko\u0142a Podstawowa w Nowym Borku","robots":{"index":"index","follow":"follow","max-snippet":"max-snippet:-1","max-image-preview":"max-image-preview:large","max-video-preview":"max-video-preview:-1"},"canonical":"https:\/\/www.spnborek.ostnet.pl\/index.php\/swietlica\/","og_locale":"pl_PL","og_type":"article","og_title":"\u015awietlica - Szko\u0142a Podstawowa w Nowym Borku","og_description":"Og\u00f3lnopolski Projekt Edukacyjny &#8211; Lu\u017ane lekcje z naukowcami W roku szkolnym 2023\/2024 \u015bwietlica bierze dzia\u0142 w Og\u00f3lnopolskim Projekcie Edukacyjnym \u2013 \u201eLu\u017ane lekcje z naukowcami- poznajemy i eksperymentujemy\u201d. Program prowadzony jest przez Szko\u0142\u0119 Podstawow\u0105 im. Jana Paw\u0142a II w R\u00f3\u017cankach. G\u0142\u00f3wnym za\u0142o\u017ceniem projektu jest rozbudzenie zainteresowania otaczaj\u0105cym \u015bwiatem poprzez wykorzystanie dzieci\u0119cej otwarto\u015bci i ciekawo\u015bci w zastosowaniu [&hellip;]","og_url":"https:\/\/www.spnborek.ostnet.pl\/index.php\/swietlica\/","og_site_name":"Szko\u0142a Podstawowa w Nowym Borku","article_publisher":"https:\/\/www.facebook.com\/SzkolaPodstawowawNowymBorku\/","article_modified_time":"2023-10-10T17:14:55+00:00","twitter_card":"summary_large_image","twitter_misc":{"Szacowany czas czytania":"3 minuty"},"schema":{"@context":"https:\/\/schema.org","@graph":[{"@type":"WebPage","@id":"https:\/\/www.spnborek.ostnet.pl\/index.php\/swietlica\/","url":"https:\/\/www.spnborek.ostnet.pl\/index.php\/swietlica\/","name":"\u015awietlica - Szko\u0142a Podstawowa w Nowym Borku","isPartOf":{"@id":"https:\/\/www.spnborek.ostnet.pl\/#website"},"datePublished":"2020-01-30T07:28:26+00:00","dateModified":"2023-10-10T17:14:55+00:00","breadcrumb":{"@id":"https:\/\/www.spnborek.ostnet.pl\/index.php\/swietlica\/#breadcrumb"},"inLanguage":"pl-PL","potentialAction":[{"@type":"ReadAction","target":["https:\/\/www.spnborek.ostnet.pl\/index.php\/swietlica\/"]}]},{"@type":"BreadcrumbList","@id":"https:\/\/www.spnborek.ostnet.pl\/index.php\/swietlica\/#breadcrumb","itemListElement":[{"@type":"ListItem","position":1,"name":"Strona g\u0142\u00f3wna","item":"https:\/\/www.spnborek.ostnet.pl\/"},{"@type":"ListItem","position":2,"name":"\u015awietlica"}]},{"@type":"WebSite","@id":"https:\/\/www.spnborek.ostnet.pl\/#website","url":"https:\/\/www.spnborek.ostnet.pl\/","name":"Szko\u0142a Podstawowa w Nowym Borku","description":"Szko\u0142a Podstawowa w Nowym Borku im. gen. bryg. Mieczys\u0142awa Boruty-Spiechowicza","publisher":{"@id":"https:\/\/www.spnborek.ostnet.pl\/#organization"},"potentialAction":[{"@type":"SearchAction","target":{"@type":"EntryPoint","urlTemplate":"https:\/\/www.spnborek.ostnet.pl\/?s={search_term_string}"},"query-input":"required name=search_term_string"}],"inLanguage":"pl-PL"},{"@type":"Organization","@id":"https:\/\/www.spnborek.ostnet.pl\/#organization","name":"Szko\u0142a Podstawowa w Nowym Borku","url":"https:\/\/www.spnborek.ostnet.pl\/","logo":{"@type":"ImageObject","inLanguage":"pl-PL","@id":"https:\/\/www.spnborek.ostnet.pl\/#\/schema\/logo\/image\/","url":"https:\/\/www.spnborek.ostnet.pl\/wp-content\/uploads\/2020\/01\/logo-2-e1579378838968.png","contentUrl":"https:\/\/www.spnborek.ostnet.pl\/wp-content\/uploads\/2020\/01\/logo-2-e1579378838968.png","width":80,"height":75,"caption":"Szko\u0142a Podstawowa w Nowym Borku"},"image":{"@id":"https:\/\/www.spnborek.ostnet.pl\/#\/schema\/logo\/image\/"},"sameAs":["https:\/\/www.facebook.com\/SzkolaPodstawowawNowymBorku\/"]}]}},"_links":{"self":[{"href":"https:\/\/www.spnborek.ostnet.pl\/index.php\/wp-json\/wp\/v2\/pages\/317","targetHints":{"allow":["GET"]}}],"collection":[{"href":"https:\/\/www.spnborek.ostnet.pl\/index.php\/wp-json\/wp\/v2\/pages"}],"about":[{"href":"https:\/\/www.spnborek.ostnet.pl\/index.php\/wp-json\/wp\/v2\/types\/page"}],"author":[{"embeddable":true,"href":"https:\/\/www.spnborek.ostnet.pl\/index.php\/wp-json\/wp\/v2\/users\/1"}],"replies":[{"embeddable":true,"href":"https:\/\/www.spnborek.ostnet.pl\/index.php\/wp-json\/wp\/v2\/comments?post=317"}],"version-history":[{"count":19,"href":"https:\/\/www.spnborek.ostnet.pl\/index.php\/wp-json\/wp\/v2\/pages\/317\/revisions"}],"predecessor-version":[{"id":2418,"href":"https:\/\/www.spnborek.ostnet.pl\/index.php\/wp-json\/wp\/v2\/pages\/317\/revisions\/2418"}],"wp:attachment":[{"href":"https:\/\/www.spnborek.ostnet.pl\/index.php\/wp-json\/wp\/v2\/media?parent=317"}],"curies":[{"name":"wp","href":"https:\/\/api.w.org\/{rel}","templated":true}]}}