{"id":280,"date":"2020-01-29T13:20:21","date_gmt":"2020-01-29T12:20:21","guid":{"rendered":"https:\/\/www.spnborek.ostnet.pl\/?page_id=280"},"modified":"2022-02-18T10:46:26","modified_gmt":"2022-02-18T09:46:26","slug":"rodo","status":"publish","type":"page","link":"https:\/\/www.spnborek.ostnet.pl\/index.php\/rodo\/","title":{"rendered":"RODO"},"content":{"rendered":"<p>\u201eSzko\u0142a Podstawowa w Nowym Borku przetwarza Pa\u0144stwa dane osobowe. Wi\u0119cej szczeg\u00f3\u0142\u00f3w jest dost\u0119pne na stronie internetowej www.spnborek.ostnet.pl w zak\u0142adce Ochrona danych osobowych.<\/p>\n<p>KLAUZULA INFORMACYJNA O PRZETWARZANIU DANYCH OSOBOWYCH<br \/>\nW zwi\u0105zku z realizacj\u0105 wymog\u00f3w Rozporz\u0105dzenia Parlamentu Europejskiego i Rady (UE) 2016\/679 z dnia 27 kwietnia 2016 r. w sprawie ochrony os\u00f3b fizycznych w zwi\u0105zku z przetwarzaniem danych osobowych i w sprawie swobodnego przep\u0142ywu takich danych oraz uchylenia dyrektywy 95\/46\/WE (og\u00f3lne rozporz\u0105dzenie o ochronie danych \u201eRODO\u201d), informujemy o zasadach przetwarzania Pani\/Pana danych osobowych oraz o przys\u0142uguj\u0105cych Pani\/Panu prawach z tym zwi\u0105zanych.<br \/>\nPoni\u017csze zasady stosuje si\u0119 pocz\u0105wszy od 25 maja 2018 roku.<br \/>\n1. Administratorem Pani\/Pana danych jest Szko\u0142a Podstawowa w Nowym Borku (dalej: Szko\u0142a), w kt\u00f3rego imieniu dzia\u0142a Dyrektor, Nowy Borek 331, 36-030 B\u0142a\u017cowa<br \/>\n2. Je\u015bli ma Pani\/Pan pytania dotycz\u0105ce sposobu i zakresu przetwarzania Pani\/Pana danych osobowych w zakresie dzia\u0142ania Szko\u0142y, a tak\u017ce przys\u0142uguj\u0105cych Pani\/Panu uprawnie\u0144, mo\u017ce si\u0119 Pani\/Pan skontaktowa\u0107 z jej Inspektorem Ochrony Danych Osobowych za pomoc\u0105 adresu: merit.inspektor.rodo@gmail.com<\/p>\n<p>3. Administrator danych osobowych \u2013Szko\u0142a Podstawowa w Nowym Borku, w kt\u00f3rego imieniu dzia\u0142a Dyrektor- przetwarza Pani\/Pana dane osobowe na podstawie obowi\u0105zuj\u0105cych przepis\u00f3w prawa, zawartych um\u00f3w oraz na podstawie udzielonej zgody.<br \/>\n4. Pani\/Pana dane osobowe przetwarzane s\u0105 w celu\/celach:<br \/>\n4.1. wype\u0142nienia obowi\u0105zk\u00f3w prawnych ci\u0105\u017c\u0105cych na Szkole;<br \/>\n4.2. realizacji um\u00f3w zawartych z kontrahentami Szko\u0142y;<br \/>\n4.3. w pozosta\u0142ych przypadkach Pani\/Pana dane osobowe przetwarzane s\u0105 wy\u0142\u0105cznie na podstawie wcze\u015bniej udzielonej zgody w zakresie i celu okre\u015blonym w tre\u015bci zgody.<br \/>\n5. W zwi\u0105zku z przetwarzaniem danych w celach, o kt\u00f3rych mowa w pkt 4 odbiorcami Pani\/Pana danych osobowych mog\u0105 by\u0107:<br \/>\n5.1. organy w\u0142adzy publicznej oraz podmioty wykonuj\u0105ce zadania publiczne lub dzia\u0142aj\u0105ce na zlecenie organ\u00f3w w\u0142adzy publicznej, w zakresie i w celach, kt\u00f3re wynikaj\u0105 z przepis\u00f3w powszechnie obowi\u0105zuj\u0105cego prawa;<br \/>\n5.2. inne podmioty, kt\u00f3re na podstawie stosownych um\u00f3w podpisanych ze Szko\u0142\u0105 przetwarzaj\u0105 dane osobowe dla kt\u00f3rych Administratorem jest Szko\u0142a Podstawowa w Nowym Borku, w kt\u00f3rego imieniu dzia\u0142a Dyrektor Szko\u0142y.<br \/>\n6. Pani\/Pana dane osobowe b\u0119d\u0105 przechowywane przez okres niezb\u0119dny do realizacji cel\u00f3w okre\u015blonych<br \/>\nw pkt 4, a po tym czasie przez okres oraz w zakresie wymaganym przez przepisy powszechnie obowi\u0105zuj\u0105cego prawa, tj. przepisy ustawy z dnia 14 lipca 1983 r. o narodowym zasobie archiwalnym<br \/>\ni archiwach oraz aktach wykonawczych do tej ustawy.<br \/>\n7. W zwi\u0105zku z przetwarzaniem Pani\/Pana danych osobowych przys\u0142uguj\u0105 Pani\/Panu nast\u0119puj\u0105ce uprawnienia:<br \/>\n7.1. prawo dost\u0119pu do danych osobowych, w tym prawo do uzyskania kopii tych danych;<br \/>\n7.2. prawo do \u017c\u0105dania sprostowania (poprawiania) danych osobowych \u2013 w przypadku, gdy dane s\u0105 nieprawid\u0142owe lub niekompletne;<br \/>\n7.3. prawo do \u017c\u0105dania usuni\u0119cia danych osobowych (tzw. prawo do bycia zapomnianym), w przypadku, gdy:<br \/>\n7.3.1. dane nie s\u0105 ju\u017c niezb\u0119dne do cel\u00f3w, dla kt\u00f3rych by\u0142y zebrane lub w inny spos\u00f3b przetwarzane,<br \/>\n7.3.2. osoba, kt\u00f3rej dane dotycz\u0105, wnios\u0142a sprzeciw wobec przetwarzania danych osobowych,<br \/>\n7.3.3. osoba, kt\u00f3rej dane dotycz\u0105 wycofa\u0142a zgod\u0119 na przetwarzanie danych osobowych, kt\u00f3ra jest podstaw\u0105 przetwarzania danych i nie ma innej podstawy prawnej przetwarzania danych,<br \/>\n7.3.4. dane osobowe przetwarzane s\u0105 niezgodnie z prawem,<br \/>\n7.3.5. dane osobowe musz\u0105 by\u0107 usuni\u0119te w celu wywi\u0105zania si\u0119 z obowi\u0105zku wynikaj\u0105cego z przepis\u00f3w prawa;<br \/>\n7.4. prawo do \u017c\u0105dania ograniczenia przetwarzania danych osobowych \u2013 w przypadku, gdy:<br \/>\n7.4.1. osoba, kt\u00f3rej dane dotycz\u0105 kwestionuje prawid\u0142owo\u015b\u0107 danych osobowych,<br \/>\n7.4.2. przetwarzanie danych jest niezgodne z prawem, a osoba, kt\u00f3rej dane dotycz\u0105, sprzeciwia si\u0119 usuni\u0119ciu danych, \u017c\u0105daj\u0105c w zamian ich ograniczenia,<br \/>\n7.4.3. Administrator nie potrzebuje ju\u017c danych dla swoich cel\u00f3w, ale osoba, kt\u00f3rej dane dotycz\u0105, potrzebuje ich do ustalenia, obrony lub dochodzenia roszcze\u0144,<br \/>\n7.4.4. osoba, kt\u00f3rej dane dotycz\u0105, wnios\u0142a sprzeciw wobec przetwarzania danych, do czasu ustalenia czy prawnie uzasadnione podstawy po stronie administratora s\u0105 nadrz\u0119dne wobec podstawy sprzeciwu;<br \/>\n7.5. prawo do przenoszenia danych \u2013 w przypadku, gdy \u0142\u0105cznie spe\u0142nione s\u0105 nast\u0119puj\u0105ce przes\u0142anki:<br \/>\n7.5.1. przetwarzanie danych odbywa si\u0119 na podstawie umowy zawartej z osob\u0105, kt\u00f3rej dane dotycz\u0105 lub na podstawie zgody wyra\u017conej przez t\u0105 osob\u0119,<br \/>\n7.5.2. przetwarzanie odbywa si\u0119 w spos\u00f3b zautomatyzowany;<br \/>\n7.6. prawo sprzeciwu wobec przetwarzania danych \u2013 w przypadku, gdy \u0142\u0105cznie spe\u0142nione s\u0105 nast\u0119puj\u0105ce przes\u0142anki:<br \/>\n7.6.1. zaistniej\u0105 przyczyny zwi\u0105zane z Pani\/Pana szczeg\u00f3ln\u0105 sytuacj\u0105, w przypadku przetwarzania danych na podstawie zadania realizowanego w interesie publicznym lub w ramach sprawowania w\u0142adzy publicznej przez Administratora,<br \/>\n7.6.2. przetwarzanie jest niezb\u0119dne do cel\u00f3w wynikaj\u0105cych z prawnie uzasadnionych interes\u00f3w realizowanych przez stron\u0119 trzeci\u0105, z wyj\u0105tkiem sytuacji, w kt\u00f3rych nadrz\u0119dny charakter wobec tych interes\u00f3w maj\u0105 interesy lub podstawowe prawa i wolno\u015bci osoby, kt\u00f3rej dane dotycz\u0105, wymagaj\u0105ce ochrony danych osobowych, w szczeg\u00f3lno\u015bci, gdy osoba, kt\u00f3rej dane dotycz\u0105 jest dzieckiem.<br \/>\n8. W przypadku, gdy przetwarzanie danych osobowych odbywa si\u0119 na podstawie zgody osoby na przetwarzanie danych osobowych (art. 6 ust. 1 lit a RODO), przys\u0142uguje Pani\/Panu prawo do cofni\u0119cia tej zgody<br \/>\nw dowolnym momencie. Cofni\u0119cie to nie ma wp\u0142ywu na zgodno\u015b\u0107 przetwarzania, kt\u00f3rego dokonano<br \/>\nna podstawie zgody przed jej cofni\u0119ciem, z obowi\u0105zuj\u0105cym prawem.<br \/>\n9. W przypadku powzi\u0119cia informacji o niezgodnym z prawem przetwarzaniu w Szkole Pani\/Pana danych osobowych, przys\u0142uguje Pani\/Panu prawo wniesienia skargi do organu nadzorczego w\u0142a\u015bciwego w sprawach ochrony danych osobowych.<br \/>\n10. W sytuacji, gdy przetwarzanie danych osobowych odbywa si\u0119 na podstawie zgody osoby, kt\u00f3rej dane dotycz\u0105, podanie przez Pani\u0105\/Pana danych osobowych Administratorowi ma charakter dobrowolny.<br \/>\n11. Podanie przez Pani\u0105\/Pana danych osobowych jest obowi\u0105zkowe, w sytuacji, gdy przes\u0142ank\u0119 przetwarzania danych osobowych stanowi przepis prawa lub zawarta mi\u0119dzy stronami umowa. Skutkiem braku podania danych b\u0119dzie brak mo\u017cliwo\u015bci za\u0142atwienia sprawy zgodnie ze z\u0142o\u017conym wnioskiem \/ \u017c\u0105daniem.<br \/>\n12. Pani\/Pana dane nie b\u0119d\u0105 przetwarzane w spos\u00f3b zautomatyzowany i nie b\u0119d\u0105 profilowane.<\/p>\n","protected":false},"excerpt":{"rendered":"<p>\u201eSzko\u0142a Podstawowa w Nowym Borku przetwarza Pa\u0144stwa dane osobowe. Wi\u0119cej szczeg\u00f3\u0142\u00f3w jest dost\u0119pne na stronie internetowej www.spnborek.ostnet.pl w zak\u0142adce Ochrona danych osobowych. KLAUZULA INFORMACYJNA O PRZETWARZANIU DANYCH OSOBOWYCH W zwi\u0105zku z realizacj\u0105 wymog\u00f3w Rozporz\u0105dzenia Parlamentu Europejskiego i Rady (UE) 2016\/679 z dnia 27 kwietnia 2016 r. w sprawie ochrony os\u00f3b fizycznych w zwi\u0105zku z przetwarzaniem [&hellip;]<\/p>\n","protected":false},"author":1,"featured_media":0,"parent":0,"menu_order":0,"comment_status":"closed","ping_status":"closed","template":"","meta":{"ngg_post_thumbnail":0,"footnotes":""},"class_list":["post-280","page","type-page","status-publish","hentry"],"yoast_head":"<!-- This site is optimized with the Yoast SEO plugin v22.5 - https:\/\/yoast.com\/wordpress\/plugins\/seo\/ -->\n<title>RODO - Szko\u0142a Podstawowa w Nowym Borku<\/title>\n<meta name=\"robots\" content=\"index, follow, max-snippet:-1, max-image-preview:large, max-video-preview:-1\" \/>\n<link rel=\"canonical\" href=\"https:\/\/www.spnborek.ostnet.pl\/index.php\/rodo\/\" \/>\n<meta property=\"og:locale\" content=\"pl_PL\" \/>\n<meta property=\"og:type\" content=\"article\" \/>\n<meta property=\"og:title\" content=\"RODO - Szko\u0142a Podstawowa w Nowym Borku\" \/>\n<meta property=\"og:description\" content=\"\u201eSzko\u0142a Podstawowa w Nowym Borku przetwarza Pa\u0144stwa dane osobowe. Wi\u0119cej szczeg\u00f3\u0142\u00f3w jest dost\u0119pne na stronie internetowej www.spnborek.ostnet.pl w zak\u0142adce Ochrona danych osobowych. KLAUZULA INFORMACYJNA O PRZETWARZANIU DANYCH OSOBOWYCH W zwi\u0105zku z realizacj\u0105 wymog\u00f3w Rozporz\u0105dzenia Parlamentu Europejskiego i Rady (UE) 2016\/679 z dnia 27 kwietnia 2016 r. w sprawie ochrony os\u00f3b fizycznych w zwi\u0105zku z przetwarzaniem [&hellip;]\" \/>\n<meta property=\"og:url\" content=\"https:\/\/www.spnborek.ostnet.pl\/index.php\/rodo\/\" \/>\n<meta property=\"og:site_name\" content=\"Szko\u0142a Podstawowa w Nowym Borku\" \/>\n<meta property=\"article:publisher\" content=\"https:\/\/www.facebook.com\/SzkolaPodstawowawNowymBorku\/\" \/>\n<meta property=\"article:modified_time\" content=\"2022-02-18T09:46:26+00:00\" \/>\n<meta name=\"twitter:card\" content=\"summary_large_image\" \/>\n<meta name=\"twitter:label1\" content=\"Szacowany czas czytania\" \/>\n\t<meta name=\"twitter:data1\" content=\"5 minut\" \/>\n<script type=\"application\/ld+json\" class=\"yoast-schema-graph\">{\"@context\":\"https:\/\/schema.org\",\"@graph\":[{\"@type\":\"WebPage\",\"@id\":\"https:\/\/www.spnborek.ostnet.pl\/index.php\/rodo\/\",\"url\":\"https:\/\/www.spnborek.ostnet.pl\/index.php\/rodo\/\",\"name\":\"RODO - Szko\u0142a Podstawowa w Nowym Borku\",\"isPartOf\":{\"@id\":\"https:\/\/www.spnborek.ostnet.pl\/#website\"},\"datePublished\":\"2020-01-29T12:20:21+00:00\",\"dateModified\":\"2022-02-18T09:46:26+00:00\",\"breadcrumb\":{\"@id\":\"https:\/\/www.spnborek.ostnet.pl\/index.php\/rodo\/#breadcrumb\"},\"inLanguage\":\"pl-PL\",\"potentialAction\":[{\"@type\":\"ReadAction\",\"target\":[\"https:\/\/www.spnborek.ostnet.pl\/index.php\/rodo\/\"]}]},{\"@type\":\"BreadcrumbList\",\"@id\":\"https:\/\/www.spnborek.ostnet.pl\/index.php\/rodo\/#breadcrumb\",\"itemListElement\":[{\"@type\":\"ListItem\",\"position\":1,\"name\":\"Strona g\u0142\u00f3wna\",\"item\":\"https:\/\/www.spnborek.ostnet.pl\/\"},{\"@type\":\"ListItem\",\"position\":2,\"name\":\"RODO\"}]},{\"@type\":\"WebSite\",\"@id\":\"https:\/\/www.spnborek.ostnet.pl\/#website\",\"url\":\"https:\/\/www.spnborek.ostnet.pl\/\",\"name\":\"Szko\u0142a Podstawowa w Nowym Borku\",\"description\":\"Szko\u0142a Podstawowa w Nowym Borku im. gen. bryg. Mieczys\u0142awa Boruty-Spiechowicza\",\"publisher\":{\"@id\":\"https:\/\/www.spnborek.ostnet.pl\/#organization\"},\"potentialAction\":[{\"@type\":\"SearchAction\",\"target\":{\"@type\":\"EntryPoint\",\"urlTemplate\":\"https:\/\/www.spnborek.ostnet.pl\/?s={search_term_string}\"},\"query-input\":\"required name=search_term_string\"}],\"inLanguage\":\"pl-PL\"},{\"@type\":\"Organization\",\"@id\":\"https:\/\/www.spnborek.ostnet.pl\/#organization\",\"name\":\"Szko\u0142a Podstawowa w Nowym Borku\",\"url\":\"https:\/\/www.spnborek.ostnet.pl\/\",\"logo\":{\"@type\":\"ImageObject\",\"inLanguage\":\"pl-PL\",\"@id\":\"https:\/\/www.spnborek.ostnet.pl\/#\/schema\/logo\/image\/\",\"url\":\"https:\/\/www.spnborek.ostnet.pl\/wp-content\/uploads\/2020\/01\/logo-2-e1579378838968.png\",\"contentUrl\":\"https:\/\/www.spnborek.ostnet.pl\/wp-content\/uploads\/2020\/01\/logo-2-e1579378838968.png\",\"width\":80,\"height\":75,\"caption\":\"Szko\u0142a Podstawowa w Nowym Borku\"},\"image\":{\"@id\":\"https:\/\/www.spnborek.ostnet.pl\/#\/schema\/logo\/image\/\"},\"sameAs\":[\"https:\/\/www.facebook.com\/SzkolaPodstawowawNowymBorku\/\"]}]}<\/script>\n<!-- \/ Yoast SEO plugin. -->","yoast_head_json":{"title":"RODO - Szko\u0142a Podstawowa w Nowym Borku","robots":{"index":"index","follow":"follow","max-snippet":"max-snippet:-1","max-image-preview":"max-image-preview:large","max-video-preview":"max-video-preview:-1"},"canonical":"https:\/\/www.spnborek.ostnet.pl\/index.php\/rodo\/","og_locale":"pl_PL","og_type":"article","og_title":"RODO - Szko\u0142a Podstawowa w Nowym Borku","og_description":"\u201eSzko\u0142a Podstawowa w Nowym Borku przetwarza Pa\u0144stwa dane osobowe. Wi\u0119cej szczeg\u00f3\u0142\u00f3w jest dost\u0119pne na stronie internetowej www.spnborek.ostnet.pl w zak\u0142adce Ochrona danych osobowych. KLAUZULA INFORMACYJNA O PRZETWARZANIU DANYCH OSOBOWYCH W zwi\u0105zku z realizacj\u0105 wymog\u00f3w Rozporz\u0105dzenia Parlamentu Europejskiego i Rady (UE) 2016\/679 z dnia 27 kwietnia 2016 r. w sprawie ochrony os\u00f3b fizycznych w zwi\u0105zku z przetwarzaniem [&hellip;]","og_url":"https:\/\/www.spnborek.ostnet.pl\/index.php\/rodo\/","og_site_name":"Szko\u0142a Podstawowa w Nowym Borku","article_publisher":"https:\/\/www.facebook.com\/SzkolaPodstawowawNowymBorku\/","article_modified_time":"2022-02-18T09:46:26+00:00","twitter_card":"summary_large_image","twitter_misc":{"Szacowany czas czytania":"5 minut"},"schema":{"@context":"https:\/\/schema.org","@graph":[{"@type":"WebPage","@id":"https:\/\/www.spnborek.ostnet.pl\/index.php\/rodo\/","url":"https:\/\/www.spnborek.ostnet.pl\/index.php\/rodo\/","name":"RODO - Szko\u0142a Podstawowa w Nowym Borku","isPartOf":{"@id":"https:\/\/www.spnborek.ostnet.pl\/#website"},"datePublished":"2020-01-29T12:20:21+00:00","dateModified":"2022-02-18T09:46:26+00:00","breadcrumb":{"@id":"https:\/\/www.spnborek.ostnet.pl\/index.php\/rodo\/#breadcrumb"},"inLanguage":"pl-PL","potentialAction":[{"@type":"ReadAction","target":["https:\/\/www.spnborek.ostnet.pl\/index.php\/rodo\/"]}]},{"@type":"BreadcrumbList","@id":"https:\/\/www.spnborek.ostnet.pl\/index.php\/rodo\/#breadcrumb","itemListElement":[{"@type":"ListItem","position":1,"name":"Strona g\u0142\u00f3wna","item":"https:\/\/www.spnborek.ostnet.pl\/"},{"@type":"ListItem","position":2,"name":"RODO"}]},{"@type":"WebSite","@id":"https:\/\/www.spnborek.ostnet.pl\/#website","url":"https:\/\/www.spnborek.ostnet.pl\/","name":"Szko\u0142a Podstawowa w Nowym Borku","description":"Szko\u0142a Podstawowa w Nowym Borku im. gen. bryg. Mieczys\u0142awa Boruty-Spiechowicza","publisher":{"@id":"https:\/\/www.spnborek.ostnet.pl\/#organization"},"potentialAction":[{"@type":"SearchAction","target":{"@type":"EntryPoint","urlTemplate":"https:\/\/www.spnborek.ostnet.pl\/?s={search_term_string}"},"query-input":"required name=search_term_string"}],"inLanguage":"pl-PL"},{"@type":"Organization","@id":"https:\/\/www.spnborek.ostnet.pl\/#organization","name":"Szko\u0142a Podstawowa w Nowym Borku","url":"https:\/\/www.spnborek.ostnet.pl\/","logo":{"@type":"ImageObject","inLanguage":"pl-PL","@id":"https:\/\/www.spnborek.ostnet.pl\/#\/schema\/logo\/image\/","url":"https:\/\/www.spnborek.ostnet.pl\/wp-content\/uploads\/2020\/01\/logo-2-e1579378838968.png","contentUrl":"https:\/\/www.spnborek.ostnet.pl\/wp-content\/uploads\/2020\/01\/logo-2-e1579378838968.png","width":80,"height":75,"caption":"Szko\u0142a Podstawowa w Nowym Borku"},"image":{"@id":"https:\/\/www.spnborek.ostnet.pl\/#\/schema\/logo\/image\/"},"sameAs":["https:\/\/www.facebook.com\/SzkolaPodstawowawNowymBorku\/"]}]}},"_links":{"self":[{"href":"https:\/\/www.spnborek.ostnet.pl\/index.php\/wp-json\/wp\/v2\/pages\/280","targetHints":{"allow":["GET"]}}],"collection":[{"href":"https:\/\/www.spnborek.ostnet.pl\/index.php\/wp-json\/wp\/v2\/pages"}],"about":[{"href":"https:\/\/www.spnborek.ostnet.pl\/index.php\/wp-json\/wp\/v2\/types\/page"}],"author":[{"embeddable":true,"href":"https:\/\/www.spnborek.ostnet.pl\/index.php\/wp-json\/wp\/v2\/users\/1"}],"replies":[{"embeddable":true,"href":"https:\/\/www.spnborek.ostnet.pl\/index.php\/wp-json\/wp\/v2\/comments?post=280"}],"version-history":[{"count":2,"href":"https:\/\/www.spnborek.ostnet.pl\/index.php\/wp-json\/wp\/v2\/pages\/280\/revisions"}],"predecessor-version":[{"id":1826,"href":"https:\/\/www.spnborek.ostnet.pl\/index.php\/wp-json\/wp\/v2\/pages\/280\/revisions\/1826"}],"wp:attachment":[{"href":"https:\/\/www.spnborek.ostnet.pl\/index.php\/wp-json\/wp\/v2\/media?parent=280"}],"curies":[{"name":"wp","href":"https:\/\/api.w.org\/{rel}","templated":true}]}}