{"id":2720,"date":"2024-09-16T10:55:58","date_gmt":"2024-09-16T08:55:58","guid":{"rendered":"https:\/\/www.spnborek.ostnet.pl\/?page_id=2720"},"modified":"2026-03-02T10:32:51","modified_gmt":"2026-03-02T09:32:51","slug":"wymagania-edukacyjne","status":"publish","type":"page","link":"https:\/\/www.spnborek.ostnet.pl\/index.php\/wymagania-edukacyjne\/","title":{"rendered":"Wymagania edukacyjne, rok szkolny 2025\/2026"},"content":{"rendered":"<p style=\"text-align: center;\"><strong><span style=\"color: #000080;\">Wymagania edukacyjne z poszczeg\u00f3lnych <\/span><\/strong><span style=\"color: #000080;\"><b>przedmiot\u00f3w<\/b><\/span><\/p>\n<p style=\"text-align: center;\"><a href=\"https:\/\/www.spnborek.ostnet.pl\/wp-content\/uploads\/2024\/09\/Ocenianie-wewnatrzszkolne-wyciag-ze-Statutu-Szkoly.pdf\">Ocenianie wewn\u0105trzszkolne &#8211; wyci\u0105g ze Statutu Szko\u0142y<\/a><\/p>\n<hr>\n<p>Edukacja wczesnoszkolna&nbsp;<\/p>\n<hr>\n<p>J\u0119zyk polski&nbsp; &nbsp; &nbsp; &nbsp; &nbsp; &nbsp;Wymagania edukacyjne: <a href=\"https:\/\/www.spnborek.ostnet.pl\/wp-content\/uploads\/2026\/02\/klasa-IV.docx\">klasa IV<\/a> <a href=\"https:\/\/www.spnborek.ostnet.pl\/wp-content\/uploads\/2026\/03\/klasy-V_VII.docx\">klasy V_VII<\/a> <a href=\"https:\/\/www.spnborek.ostnet.pl\/wp-content\/uploads\/2026\/02\/klasa-VIII-3.docx\">klasa VIII<\/a><\/p>\n<hr>\n<p>J\u0119zyk angielski&nbsp; &nbsp; &nbsp; Wymagania edukacyjne: <a href=\"https:\/\/www.spnborek.ostnet.pl\/wp-content\/uploads\/2026\/02\/klasa-I.docx\">klasa I<\/a> <a href=\"https:\/\/www.spnborek.ostnet.pl\/wp-content\/uploads\/2026\/02\/klasa-IV-1.docx\">klasa IV<\/a>&nbsp;<a href=\"https:\/\/www.spnborek.ostnet.pl\/wp-content\/uploads\/2026\/02\/klasa-VII-2.docx\">klasa VII<\/a>&nbsp;<a href=\"https:\/\/www.spnborek.ostnet.pl\/wp-content\/uploads\/2026\/02\/klasa-VIII-2.docx\">klasa VIII<\/a><\/p>\n<hr>\n<p>J\u0119zyk niemiecki <a href=\"https:\/\/www.spnborek.ostnet.pl\/wp-content\/uploads\/2026\/02\/klasa-VII-3.docx\">klasa VII<\/a> <a href=\"https:\/\/www.spnborek.ostnet.pl\/wp-content\/uploads\/2026\/02\/klasa-VIII-4.docx\">klasa VIII<\/a><\/p>\n<hr>\n<p>Muzyka<\/p>\n<hr>\n<p>Plastyka<\/p>\n<hr>\n<p><strong>Historia<\/strong> &nbsp;&nbsp; &nbsp;&nbsp; &nbsp;&nbsp; &nbsp;&nbsp; &nbsp;&nbsp; &nbsp;&nbsp; &nbsp;<a href=\"https:\/\/www.spnborek.ostnet.pl\/wp-content\/uploads\/2026\/02\/Kryteria-ocenia-z-przedmiotu_historia.docx\">Kryteria oceniania<\/a>&nbsp; &nbsp; &nbsp; &nbsp; &nbsp; &nbsp; &nbsp; &nbsp; &nbsp; &nbsp; &nbsp; &nbsp; Wymagania edukacyjne: <a href=\"https:\/\/www.spnborek.ostnet.pl\/wp-content\/uploads\/2026\/02\/Wymagania-edukacyjne_klasa-4.docx\">klasa IV<\/a> &nbsp;<a href=\"https:\/\/www.spnborek.ostnet.pl\/wp-content\/uploads\/2026\/02\/klasa-V.docx\">klasa V<\/a> <a href=\"https:\/\/www.spnborek.ostnet.pl\/wp-content\/uploads\/2026\/02\/klasa-VI.docx\">klasa VI<\/a> <a href=\"https:\/\/www.spnborek.ostnet.pl\/wp-content\/uploads\/2026\/02\/klasa-VII.docx\">klasa VII<\/a> <a href=\"https:\/\/www.spnborek.ostnet.pl\/wp-content\/uploads\/2026\/02\/klasa-VIII.docx\">klasa VIII<\/a><\/p>\n<hr>\n<p><strong>Wiedza o spo\u0142ecze\u0144stwie&nbsp; &nbsp; <\/strong><a href=\"https:\/\/www.spnborek.ostnet.pl\/wp-content\/uploads\/2026\/02\/Kryteria-oceniania.docx\">Kryteria oceniania<\/a><\/p>\n<hr>\n<p><strong>Przyroda&nbsp;<\/strong><a href=\"https:\/\/www.spnborek.ostnet.pl\/wp-content\/uploads\/2026\/02\/Kryteria-oceniania-4.docx\">Kryteria oceniania<\/a>&nbsp; &nbsp; <a href=\"https:\/\/www.spnborek.ostnet.pl\/wp-content\/uploads\/2026\/02\/Wymagania-edukacyjne-1.docx\">Wymagania edukacyjne<\/a><\/p>\n<hr>\n<p><strong>Geografia<\/strong> <a href=\"https:\/\/www.spnborek.ostnet.pl\/wp-content\/uploads\/2026\/02\/Kryteria-oceniania-1.docx\">Kryteria oceniania<\/a><\/p>\n<hr>\n<p><strong>Biologia&nbsp; &nbsp; &nbsp; &nbsp; &nbsp; &nbsp; &nbsp; &nbsp; &nbsp; &nbsp; &nbsp; &nbsp; &nbsp;<\/strong> &nbsp;Wymagania edukacyjne: <a href=\"https:\/\/www.spnborek.ostnet.pl\/wp-content\/uploads\/2026\/02\/klasa-V-1.docx\">klasa V<\/a> <a href=\"https:\/\/www.spnborek.ostnet.pl\/wp-content\/uploads\/2026\/02\/klasa-VI-1.docx\">klasa VI<\/a> <a href=\"https:\/\/www.spnborek.ostnet.pl\/wp-content\/uploads\/2026\/02\/klasa-VII-1.docx\">klasa VII<\/a> <a href=\"https:\/\/www.spnborek.ostnet.pl\/wp-content\/uploads\/2026\/02\/klasa-VIII.doc\">klasa VIII<\/a><\/p>\n<hr>\n<p>Chemia&nbsp; &nbsp; &nbsp; &nbsp; &nbsp; &nbsp; &nbsp; &nbsp; &nbsp; &nbsp; &nbsp; &nbsp; &nbsp; &nbsp; &nbsp;Wymagania edukacyjne: <a href=\"https:\/\/www.spnborek.ostnet.pl\/wp-content\/uploads\/2026\/02\/klasa-VIII-1.docx\">klasa VIII<\/a><\/p>\n<hr>\n<p><strong>Fizyka<\/strong> <a href=\"https:\/\/www.spnborek.ostnet.pl\/wp-content\/uploads\/2026\/02\/Wymagania-edukacyjne-i-kryteria-oceniania.docx\">Wymagania edukacyjne i kryteria oceniania<\/a><\/p>\n<hr>\n<p><strong>Matematyka&nbsp; <\/strong><a href=\"https:\/\/www.spnborek.ostnet.pl\/wp-content\/uploads\/2026\/02\/Kryteria-oceniania-i-wymagania-edukacyjne-dla-klas-IV_VIII.docx\">Kryteria oceniania i wymagania edukacyjne dla klas IV_VIII<\/a><\/p>\n<hr>\n<p>Informatyka<\/p>\n<hr>\n<p><strong>Technika<\/strong>&nbsp; &nbsp; &nbsp; <a href=\"https:\/\/www.spnborek.ostnet.pl\/wp-content\/uploads\/2026\/02\/Wymagania-edukacyjne-IV_VI.docx\">Wymagania edukacyjne IV_VI<\/a><\/p>\n<hr>\n<p>Wychowanie fizyczne<\/p>\n<hr>\n<p><strong>Edukacja dla bezpiecze\u0144stwa<\/strong>&nbsp; <a href=\"https:\/\/www.spnborek.ostnet.pl\/wp-content\/uploads\/2026\/02\/Wymagania-edukacyjne.pdf\">Wymagania edukacyjne<\/a><\/p>\n<hr>\n<p>Religia<\/p>\n<hr>\n<p style=\"text-align: center;\">&nbsp;<\/p>\n","protected":false},"excerpt":{"rendered":"<p>Wymagania edukacyjne z poszczeg\u00f3lnych przedmiot\u00f3w Ocenianie wewn\u0105trzszkolne &#8211; wyci\u0105g ze Statutu Szko\u0142y Edukacja wczesnoszkolna&nbsp; J\u0119zyk polski&nbsp; &nbsp; &nbsp; &nbsp; &nbsp; &nbsp;Wymagania edukacyjne: klasa IV klasy V_VII klasa VIII J\u0119zyk angielski&nbsp; &nbsp; &nbsp; Wymagania edukacyjne: klasa I klasa IV&nbsp;klasa VII&nbsp;klasa VIII J\u0119zyk niemiecki klasa VII klasa VIII Muzyka Plastyka Historia &nbsp;&nbsp; &nbsp;&nbsp; &nbsp;&nbsp; &nbsp;&nbsp; &nbsp;&nbsp; &nbsp;&nbsp; [&hellip;]<\/p>\n","protected":false},"author":1,"featured_media":0,"parent":0,"menu_order":0,"comment_status":"closed","ping_status":"closed","template":"","meta":{"ngg_post_thumbnail":0,"footnotes":""},"class_list":["post-2720","page","type-page","status-publish","hentry"],"yoast_head":"<!-- This site is optimized with the Yoast SEO plugin v22.5 - https:\/\/yoast.com\/wordpress\/plugins\/seo\/ -->\n<title>Wymagania edukacyjne, rok szkolny 2025\/2026 - Szko\u0142a Podstawowa w Nowym Borku<\/title>\n<meta name=\"robots\" content=\"index, follow, max-snippet:-1, max-image-preview:large, max-video-preview:-1\" \/>\n<link rel=\"canonical\" href=\"https:\/\/www.spnborek.ostnet.pl\/index.php\/wymagania-edukacyjne\/\" \/>\n<meta property=\"og:locale\" content=\"pl_PL\" \/>\n<meta property=\"og:type\" content=\"article\" \/>\n<meta property=\"og:title\" content=\"Wymagania edukacyjne, rok szkolny 2025\/2026 - Szko\u0142a Podstawowa w Nowym Borku\" \/>\n<meta property=\"og:description\" content=\"Wymagania edukacyjne z poszczeg\u00f3lnych przedmiot\u00f3w Ocenianie wewn\u0105trzszkolne &#8211; wyci\u0105g ze Statutu Szko\u0142y Edukacja wczesnoszkolna&nbsp; J\u0119zyk polski&nbsp; &nbsp; &nbsp; &nbsp; &nbsp; &nbsp;Wymagania edukacyjne: klasa IV klasy V_VII klasa VIII J\u0119zyk angielski&nbsp; &nbsp; &nbsp; Wymagania edukacyjne: klasa I klasa IV&nbsp;klasa VII&nbsp;klasa VIII J\u0119zyk niemiecki klasa VII klasa VIII Muzyka Plastyka Historia &nbsp;&nbsp; &nbsp;&nbsp; &nbsp;&nbsp; &nbsp;&nbsp; &nbsp;&nbsp; &nbsp;&nbsp; [&hellip;]\" \/>\n<meta property=\"og:url\" content=\"https:\/\/www.spnborek.ostnet.pl\/index.php\/wymagania-edukacyjne\/\" \/>\n<meta property=\"og:site_name\" content=\"Szko\u0142a Podstawowa w Nowym Borku\" \/>\n<meta property=\"article:publisher\" content=\"https:\/\/www.facebook.com\/SzkolaPodstawowawNowymBorku\/\" \/>\n<meta property=\"article:modified_time\" content=\"2026-03-02T09:32:51+00:00\" \/>\n<meta name=\"twitter:card\" content=\"summary_large_image\" \/>\n<meta name=\"twitter:label1\" content=\"Szacowany czas czytania\" \/>\n\t<meta name=\"twitter:data1\" content=\"1 minuta\" \/>\n<script type=\"application\/ld+json\" class=\"yoast-schema-graph\">{\"@context\":\"https:\/\/schema.org\",\"@graph\":[{\"@type\":\"WebPage\",\"@id\":\"https:\/\/www.spnborek.ostnet.pl\/index.php\/wymagania-edukacyjne\/\",\"url\":\"https:\/\/www.spnborek.ostnet.pl\/index.php\/wymagania-edukacyjne\/\",\"name\":\"Wymagania edukacyjne, rok szkolny 2025\/2026 - Szko\u0142a Podstawowa w Nowym Borku\",\"isPartOf\":{\"@id\":\"https:\/\/www.spnborek.ostnet.pl\/#website\"},\"datePublished\":\"2024-09-16T08:55:58+00:00\",\"dateModified\":\"2026-03-02T09:32:51+00:00\",\"breadcrumb\":{\"@id\":\"https:\/\/www.spnborek.ostnet.pl\/index.php\/wymagania-edukacyjne\/#breadcrumb\"},\"inLanguage\":\"pl-PL\",\"potentialAction\":[{\"@type\":\"ReadAction\",\"target\":[\"https:\/\/www.spnborek.ostnet.pl\/index.php\/wymagania-edukacyjne\/\"]}]},{\"@type\":\"BreadcrumbList\",\"@id\":\"https:\/\/www.spnborek.ostnet.pl\/index.php\/wymagania-edukacyjne\/#breadcrumb\",\"itemListElement\":[{\"@type\":\"ListItem\",\"position\":1,\"name\":\"Strona g\u0142\u00f3wna\",\"item\":\"https:\/\/www.spnborek.ostnet.pl\/\"},{\"@type\":\"ListItem\",\"position\":2,\"name\":\"Wymagania edukacyjne, rok szkolny 2025\/2026\"}]},{\"@type\":\"WebSite\",\"@id\":\"https:\/\/www.spnborek.ostnet.pl\/#website\",\"url\":\"https:\/\/www.spnborek.ostnet.pl\/\",\"name\":\"Szko\u0142a Podstawowa w Nowym Borku\",\"description\":\"Szko\u0142a Podstawowa w Nowym Borku im. gen. bryg. Mieczys\u0142awa Boruty-Spiechowicza\",\"publisher\":{\"@id\":\"https:\/\/www.spnborek.ostnet.pl\/#organization\"},\"potentialAction\":[{\"@type\":\"SearchAction\",\"target\":{\"@type\":\"EntryPoint\",\"urlTemplate\":\"https:\/\/www.spnborek.ostnet.pl\/?s={search_term_string}\"},\"query-input\":\"required name=search_term_string\"}],\"inLanguage\":\"pl-PL\"},{\"@type\":\"Organization\",\"@id\":\"https:\/\/www.spnborek.ostnet.pl\/#organization\",\"name\":\"Szko\u0142a Podstawowa w Nowym Borku\",\"url\":\"https:\/\/www.spnborek.ostnet.pl\/\",\"logo\":{\"@type\":\"ImageObject\",\"inLanguage\":\"pl-PL\",\"@id\":\"https:\/\/www.spnborek.ostnet.pl\/#\/schema\/logo\/image\/\",\"url\":\"https:\/\/www.spnborek.ostnet.pl\/wp-content\/uploads\/2020\/01\/logo-2-e1579378838968.png\",\"contentUrl\":\"https:\/\/www.spnborek.ostnet.pl\/wp-content\/uploads\/2020\/01\/logo-2-e1579378838968.png\",\"width\":80,\"height\":75,\"caption\":\"Szko\u0142a Podstawowa w Nowym Borku\"},\"image\":{\"@id\":\"https:\/\/www.spnborek.ostnet.pl\/#\/schema\/logo\/image\/\"},\"sameAs\":[\"https:\/\/www.facebook.com\/SzkolaPodstawowawNowymBorku\/\"]}]}<\/script>\n<!-- \/ Yoast SEO plugin. -->","yoast_head_json":{"title":"Wymagania edukacyjne, rok szkolny 2025\/2026 - Szko\u0142a Podstawowa w Nowym Borku","robots":{"index":"index","follow":"follow","max-snippet":"max-snippet:-1","max-image-preview":"max-image-preview:large","max-video-preview":"max-video-preview:-1"},"canonical":"https:\/\/www.spnborek.ostnet.pl\/index.php\/wymagania-edukacyjne\/","og_locale":"pl_PL","og_type":"article","og_title":"Wymagania edukacyjne, rok szkolny 2025\/2026 - Szko\u0142a Podstawowa w Nowym Borku","og_description":"Wymagania edukacyjne z poszczeg\u00f3lnych przedmiot\u00f3w Ocenianie wewn\u0105trzszkolne &#8211; wyci\u0105g ze Statutu Szko\u0142y Edukacja wczesnoszkolna&nbsp; J\u0119zyk polski&nbsp; &nbsp; &nbsp; &nbsp; &nbsp; &nbsp;Wymagania edukacyjne: klasa IV klasy V_VII klasa VIII J\u0119zyk angielski&nbsp; &nbsp; &nbsp; Wymagania edukacyjne: klasa I klasa IV&nbsp;klasa VII&nbsp;klasa VIII J\u0119zyk niemiecki klasa VII klasa VIII Muzyka Plastyka Historia &nbsp;&nbsp; &nbsp;&nbsp; &nbsp;&nbsp; &nbsp;&nbsp; &nbsp;&nbsp; &nbsp;&nbsp; [&hellip;]","og_url":"https:\/\/www.spnborek.ostnet.pl\/index.php\/wymagania-edukacyjne\/","og_site_name":"Szko\u0142a Podstawowa w Nowym Borku","article_publisher":"https:\/\/www.facebook.com\/SzkolaPodstawowawNowymBorku\/","article_modified_time":"2026-03-02T09:32:51+00:00","twitter_card":"summary_large_image","twitter_misc":{"Szacowany czas czytania":"1 minuta"},"schema":{"@context":"https:\/\/schema.org","@graph":[{"@type":"WebPage","@id":"https:\/\/www.spnborek.ostnet.pl\/index.php\/wymagania-edukacyjne\/","url":"https:\/\/www.spnborek.ostnet.pl\/index.php\/wymagania-edukacyjne\/","name":"Wymagania edukacyjne, rok szkolny 2025\/2026 - Szko\u0142a Podstawowa w Nowym Borku","isPartOf":{"@id":"https:\/\/www.spnborek.ostnet.pl\/#website"},"datePublished":"2024-09-16T08:55:58+00:00","dateModified":"2026-03-02T09:32:51+00:00","breadcrumb":{"@id":"https:\/\/www.spnborek.ostnet.pl\/index.php\/wymagania-edukacyjne\/#breadcrumb"},"inLanguage":"pl-PL","potentialAction":[{"@type":"ReadAction","target":["https:\/\/www.spnborek.ostnet.pl\/index.php\/wymagania-edukacyjne\/"]}]},{"@type":"BreadcrumbList","@id":"https:\/\/www.spnborek.ostnet.pl\/index.php\/wymagania-edukacyjne\/#breadcrumb","itemListElement":[{"@type":"ListItem","position":1,"name":"Strona g\u0142\u00f3wna","item":"https:\/\/www.spnborek.ostnet.pl\/"},{"@type":"ListItem","position":2,"name":"Wymagania edukacyjne, rok szkolny 2025\/2026"}]},{"@type":"WebSite","@id":"https:\/\/www.spnborek.ostnet.pl\/#website","url":"https:\/\/www.spnborek.ostnet.pl\/","name":"Szko\u0142a Podstawowa w Nowym Borku","description":"Szko\u0142a Podstawowa w Nowym Borku im. gen. bryg. Mieczys\u0142awa Boruty-Spiechowicza","publisher":{"@id":"https:\/\/www.spnborek.ostnet.pl\/#organization"},"potentialAction":[{"@type":"SearchAction","target":{"@type":"EntryPoint","urlTemplate":"https:\/\/www.spnborek.ostnet.pl\/?s={search_term_string}"},"query-input":"required name=search_term_string"}],"inLanguage":"pl-PL"},{"@type":"Organization","@id":"https:\/\/www.spnborek.ostnet.pl\/#organization","name":"Szko\u0142a Podstawowa w Nowym Borku","url":"https:\/\/www.spnborek.ostnet.pl\/","logo":{"@type":"ImageObject","inLanguage":"pl-PL","@id":"https:\/\/www.spnborek.ostnet.pl\/#\/schema\/logo\/image\/","url":"https:\/\/www.spnborek.ostnet.pl\/wp-content\/uploads\/2020\/01\/logo-2-e1579378838968.png","contentUrl":"https:\/\/www.spnborek.ostnet.pl\/wp-content\/uploads\/2020\/01\/logo-2-e1579378838968.png","width":80,"height":75,"caption":"Szko\u0142a Podstawowa w Nowym Borku"},"image":{"@id":"https:\/\/www.spnborek.ostnet.pl\/#\/schema\/logo\/image\/"},"sameAs":["https:\/\/www.facebook.com\/SzkolaPodstawowawNowymBorku\/"]}]}},"_links":{"self":[{"href":"https:\/\/www.spnborek.ostnet.pl\/index.php\/wp-json\/wp\/v2\/pages\/2720","targetHints":{"allow":["GET"]}}],"collection":[{"href":"https:\/\/www.spnborek.ostnet.pl\/index.php\/wp-json\/wp\/v2\/pages"}],"about":[{"href":"https:\/\/www.spnborek.ostnet.pl\/index.php\/wp-json\/wp\/v2\/types\/page"}],"author":[{"embeddable":true,"href":"https:\/\/www.spnborek.ostnet.pl\/index.php\/wp-json\/wp\/v2\/users\/1"}],"replies":[{"embeddable":true,"href":"https:\/\/www.spnborek.ostnet.pl\/index.php\/wp-json\/wp\/v2\/comments?post=2720"}],"version-history":[{"count":66,"href":"https:\/\/www.spnborek.ostnet.pl\/index.php\/wp-json\/wp\/v2\/pages\/2720\/revisions"}],"predecessor-version":[{"id":3159,"href":"https:\/\/www.spnborek.ostnet.pl\/index.php\/wp-json\/wp\/v2\/pages\/2720\/revisions\/3159"}],"wp:attachment":[{"href":"https:\/\/www.spnborek.ostnet.pl\/index.php\/wp-json\/wp\/v2\/media?parent=2720"}],"curies":[{"name":"wp","href":"https:\/\/api.w.org\/{rel}","templated":true}]}}