{"id":264,"date":"2020-01-29T13:13:58","date_gmt":"2020-01-29T12:13:58","guid":{"rendered":"https:\/\/www.spnborek.ostnet.pl\/?page_id=264"},"modified":"2020-01-30T11:39:36","modified_gmt":"2020-01-30T10:39:36","slug":"tik","status":"publish","type":"page","link":"https:\/\/www.spnborek.ostnet.pl\/index.php\/tik\/","title":{"rendered":"TIK"},"content":{"rendered":"<p style=\"text-align: justify;\">W ramach realizowanego projektu &#8222;Poprawa jako\u015bci kszta\u0142cenia w gminie B\u0142a\u017cowa&#8221; uczniowie naszej szko\u0142y uczestnicz\u0105 w warsztatach budowania robot\u00f3w &#8211; LEGO Mindstorms EV3. Dzi\u0119ki tym zaj\u0119ciom uczniowie nabywaj\u0105 umiej\u0119tno\u015b\u0107 kreatywnego \u015bwiadomego i bezpiecznego wykorzystania technologii w realizacji w\u0142asnych pomys\u0142\u00f3w i rozwi\u0105zywaniu problem\u00f3w.<\/p>\n<div class=\"su-youtube su-u-responsive-media-yes\"><iframe loading=\"lazy\" width=\"600\" height=\"400\" src=\"https:\/\/www.youtube.com\/embed\/VwGJsRe42IQ?\" frameborder=\"0\" allowfullscreen allow=\"autoplay; encrypted-media; picture-in-picture\" title=\"Zaj\u0119cia z robotyki\"><\/iframe><\/div>\n<!-- default-view.php -->\n<div\n\tclass=\"ngg-galleryoverview default-view \n\t\t\"\n\tid=\"ngg-gallery-a23e1306742b85022fde4cf8e883ec0a-1\">\n\n\t\t<!-- Thumbnails -->\n\t\t\t\t<div id=\"ngg-image-0\" class=\"ngg-gallery-thumbnail-box \n\t\t\t\t\t\t\t\t\t\t\t\" \n\t\t\t>\n\t\t\t\t\t\t<div class=\"ngg-gallery-thumbnail\">\n\t\t\t<a href=\"https:\/\/www.spnborek.ostnet.pl\/wp-content\/gallery\/zajecia-z-robotyki\/iMG_20190427_105003.jpg\"\n\t\t\t\ttitle=\"\"\n\t\t\t\tdata-src=\"https:\/\/www.spnborek.ostnet.pl\/wp-content\/gallery\/zajecia-z-robotyki\/iMG_20190427_105003.jpg\"\n\t\t\t\tdata-thumbnail=\"https:\/\/www.spnborek.ostnet.pl\/wp-content\/gallery\/zajecia-z-robotyki\/thumbs\/thumbs_iMG_20190427_105003.jpg\"\n\t\t\t\tdata-image-id=\"20\"\n\t\t\t\tdata-title=\"iMG_20190427_105003\"\n\t\t\t\tdata-description=\"\"\n\t\t\t\tdata-image-slug=\"img_20190427_105003\"\n\t\t\t\tclass=\"ngg-simplelightbox\" rel=\"a23e1306742b85022fde4cf8e883ec0a\">\n\t\t\t\t<img\n\t\t\t\t\ttitle=\"iMG_20190427_105003\"\n\t\t\t\t\talt=\"iMG_20190427_105003\"\n\t\t\t\t\tsrc=\"https:\/\/www.spnborek.ostnet.pl\/wp-content\/gallery\/zajecia-z-robotyki\/thumbs\/thumbs_iMG_20190427_105003.jpg\"\n\t\t\t\t\twidth=\"240\"\n\t\t\t\t\theight=\"160\"\n\t\t\t\t\tstyle=\"max-width:100%;\"\n\t\t\t\t\/>\n\t\t\t<\/a>\n\t\t<\/div>\n\t\t\t\t\t\t\t<\/div> \n\t\t\t\n\t\t\t\t<div id=\"ngg-image-1\" class=\"ngg-gallery-thumbnail-box \n\t\t\t\t\t\t\t\t\t\t\t\" \n\t\t\t>\n\t\t\t\t\t\t<div class=\"ngg-gallery-thumbnail\">\n\t\t\t<a href=\"https:\/\/www.spnborek.ostnet.pl\/wp-content\/gallery\/zajecia-z-robotyki\/IMG_20190427_105019.jpg\"\n\t\t\t\ttitle=\"\"\n\t\t\t\tdata-src=\"https:\/\/www.spnborek.ostnet.pl\/wp-content\/gallery\/zajecia-z-robotyki\/IMG_20190427_105019.jpg\"\n\t\t\t\tdata-thumbnail=\"https:\/\/www.spnborek.ostnet.pl\/wp-content\/gallery\/zajecia-z-robotyki\/thumbs\/thumbs_IMG_20190427_105019.jpg\"\n\t\t\t\tdata-image-id=\"21\"\n\t\t\t\tdata-title=\"IMG_20190427_105019\"\n\t\t\t\tdata-description=\"\"\n\t\t\t\tdata-image-slug=\"img_20190427_105019\"\n\t\t\t\tclass=\"ngg-simplelightbox\" rel=\"a23e1306742b85022fde4cf8e883ec0a\">\n\t\t\t\t<img\n\t\t\t\t\ttitle=\"IMG_20190427_105019\"\n\t\t\t\t\talt=\"IMG_20190427_105019\"\n\t\t\t\t\tsrc=\"https:\/\/www.spnborek.ostnet.pl\/wp-content\/gallery\/zajecia-z-robotyki\/thumbs\/thumbs_IMG_20190427_105019.jpg\"\n\t\t\t\t\twidth=\"240\"\n\t\t\t\t\theight=\"160\"\n\t\t\t\t\tstyle=\"max-width:100%;\"\n\t\t\t\t\/>\n\t\t\t<\/a>\n\t\t<\/div>\n\t\t\t\t\t\t\t<\/div> \n\t\t\t\n\t\t\t\t<div id=\"ngg-image-2\" class=\"ngg-gallery-thumbnail-box \n\t\t\t\t\t\t\t\t\t\t\t\" \n\t\t\t>\n\t\t\t\t\t\t<div class=\"ngg-gallery-thumbnail\">\n\t\t\t<a href=\"https:\/\/www.spnborek.ostnet.pl\/wp-content\/gallery\/zajecia-z-robotyki\/IMG_20190427_105026.jpg\"\n\t\t\t\ttitle=\"\"\n\t\t\t\tdata-src=\"https:\/\/www.spnborek.ostnet.pl\/wp-content\/gallery\/zajecia-z-robotyki\/IMG_20190427_105026.jpg\"\n\t\t\t\tdata-thumbnail=\"https:\/\/www.spnborek.ostnet.pl\/wp-content\/gallery\/zajecia-z-robotyki\/thumbs\/thumbs_IMG_20190427_105026.jpg\"\n\t\t\t\tdata-image-id=\"22\"\n\t\t\t\tdata-title=\"IMG_20190427_105026\"\n\t\t\t\tdata-description=\"\"\n\t\t\t\tdata-image-slug=\"img_20190427_105026\"\n\t\t\t\tclass=\"ngg-simplelightbox\" rel=\"a23e1306742b85022fde4cf8e883ec0a\">\n\t\t\t\t<img\n\t\t\t\t\ttitle=\"IMG_20190427_105026\"\n\t\t\t\t\talt=\"IMG_20190427_105026\"\n\t\t\t\t\tsrc=\"https:\/\/www.spnborek.ostnet.pl\/wp-content\/gallery\/zajecia-z-robotyki\/thumbs\/thumbs_IMG_20190427_105026.jpg\"\n\t\t\t\t\twidth=\"240\"\n\t\t\t\t\theight=\"160\"\n\t\t\t\t\tstyle=\"max-width:100%;\"\n\t\t\t\t\/>\n\t\t\t<\/a>\n\t\t<\/div>\n\t\t\t\t\t\t\t<\/div> \n\t\t\t\n\t\t\t\t<div id=\"ngg-image-3\" class=\"ngg-gallery-thumbnail-box \n\t\t\t\t\t\t\t\t\t\t\t\" \n\t\t\t>\n\t\t\t\t\t\t<div class=\"ngg-gallery-thumbnail\">\n\t\t\t<a href=\"https:\/\/www.spnborek.ostnet.pl\/wp-content\/gallery\/zajecia-z-robotyki\/IMG_20190518_103930.jpg\"\n\t\t\t\ttitle=\"\"\n\t\t\t\tdata-src=\"https:\/\/www.spnborek.ostnet.pl\/wp-content\/gallery\/zajecia-z-robotyki\/IMG_20190518_103930.jpg\"\n\t\t\t\tdata-thumbnail=\"https:\/\/www.spnborek.ostnet.pl\/wp-content\/gallery\/zajecia-z-robotyki\/thumbs\/thumbs_IMG_20190518_103930.jpg\"\n\t\t\t\tdata-image-id=\"23\"\n\t\t\t\tdata-title=\"IMG_20190518_103930\"\n\t\t\t\tdata-description=\"\"\n\t\t\t\tdata-image-slug=\"img_20190518_103930\"\n\t\t\t\tclass=\"ngg-simplelightbox\" rel=\"a23e1306742b85022fde4cf8e883ec0a\">\n\t\t\t\t<img\n\t\t\t\t\ttitle=\"IMG_20190518_103930\"\n\t\t\t\t\talt=\"IMG_20190518_103930\"\n\t\t\t\t\tsrc=\"https:\/\/www.spnborek.ostnet.pl\/wp-content\/gallery\/zajecia-z-robotyki\/thumbs\/thumbs_IMG_20190518_103930.jpg\"\n\t\t\t\t\twidth=\"240\"\n\t\t\t\t\theight=\"160\"\n\t\t\t\t\tstyle=\"max-width:100%;\"\n\t\t\t\t\/>\n\t\t\t<\/a>\n\t\t<\/div>\n\t\t\t\t\t\t\t<\/div> \n\t\t\t\n\t\t\t\t<div id=\"ngg-image-4\" class=\"ngg-gallery-thumbnail-box \n\t\t\t\t\t\t\t\t\t\t\t\" \n\t\t\t>\n\t\t\t\t\t\t<div class=\"ngg-gallery-thumbnail\">\n\t\t\t<a href=\"https:\/\/www.spnborek.ostnet.pl\/wp-content\/gallery\/zajecia-z-robotyki\/IMG_20190518_103939.jpg\"\n\t\t\t\ttitle=\"\"\n\t\t\t\tdata-src=\"https:\/\/www.spnborek.ostnet.pl\/wp-content\/gallery\/zajecia-z-robotyki\/IMG_20190518_103939.jpg\"\n\t\t\t\tdata-thumbnail=\"https:\/\/www.spnborek.ostnet.pl\/wp-content\/gallery\/zajecia-z-robotyki\/thumbs\/thumbs_IMG_20190518_103939.jpg\"\n\t\t\t\tdata-image-id=\"24\"\n\t\t\t\tdata-title=\"IMG_20190518_103939\"\n\t\t\t\tdata-description=\"\"\n\t\t\t\tdata-image-slug=\"img_20190518_103939\"\n\t\t\t\tclass=\"ngg-simplelightbox\" rel=\"a23e1306742b85022fde4cf8e883ec0a\">\n\t\t\t\t<img\n\t\t\t\t\ttitle=\"IMG_20190518_103939\"\n\t\t\t\t\talt=\"IMG_20190518_103939\"\n\t\t\t\t\tsrc=\"https:\/\/www.spnborek.ostnet.pl\/wp-content\/gallery\/zajecia-z-robotyki\/thumbs\/thumbs_IMG_20190518_103939.jpg\"\n\t\t\t\t\twidth=\"240\"\n\t\t\t\t\theight=\"160\"\n\t\t\t\t\tstyle=\"max-width:100%;\"\n\t\t\t\t\/>\n\t\t\t<\/a>\n\t\t<\/div>\n\t\t\t\t\t\t\t<\/div> \n\t\t\t\n\t\t\t\t<div id=\"ngg-image-5\" class=\"ngg-gallery-thumbnail-box \n\t\t\t\t\t\t\t\t\t\t\t\" \n\t\t\t>\n\t\t\t\t\t\t<div class=\"ngg-gallery-thumbnail\">\n\t\t\t<a href=\"https:\/\/www.spnborek.ostnet.pl\/wp-content\/gallery\/zajecia-z-robotyki\/IMG_20190518_103950.jpg\"\n\t\t\t\ttitle=\"\"\n\t\t\t\tdata-src=\"https:\/\/www.spnborek.ostnet.pl\/wp-content\/gallery\/zajecia-z-robotyki\/IMG_20190518_103950.jpg\"\n\t\t\t\tdata-thumbnail=\"https:\/\/www.spnborek.ostnet.pl\/wp-content\/gallery\/zajecia-z-robotyki\/thumbs\/thumbs_IMG_20190518_103950.jpg\"\n\t\t\t\tdata-image-id=\"25\"\n\t\t\t\tdata-title=\"IMG_20190518_103950\"\n\t\t\t\tdata-description=\"\"\n\t\t\t\tdata-image-slug=\"img_20190518_103950\"\n\t\t\t\tclass=\"ngg-simplelightbox\" rel=\"a23e1306742b85022fde4cf8e883ec0a\">\n\t\t\t\t<img\n\t\t\t\t\ttitle=\"IMG_20190518_103950\"\n\t\t\t\t\talt=\"IMG_20190518_103950\"\n\t\t\t\t\tsrc=\"https:\/\/www.spnborek.ostnet.pl\/wp-content\/gallery\/zajecia-z-robotyki\/thumbs\/thumbs_IMG_20190518_103950.jpg\"\n\t\t\t\t\twidth=\"240\"\n\t\t\t\t\theight=\"160\"\n\t\t\t\t\tstyle=\"max-width:100%;\"\n\t\t\t\t\/>\n\t\t\t<\/a>\n\t\t<\/div>\n\t\t\t\t\t\t\t<\/div> \n\t\t\t\n\t\n\t<br style=\"clear: both\" \/>\n\n\t\n\t\t<!-- Pagination -->\n\t\t<div class='ngg-clear'><\/div>\t<\/div>\n\n","protected":false},"excerpt":{"rendered":"<p>W ramach realizowanego projektu &#8222;Poprawa jako\u015bci kszta\u0142cenia w gminie B\u0142a\u017cowa&#8221; uczniowie naszej szko\u0142y uczestnicz\u0105 w warsztatach budowania robot\u00f3w &#8211; LEGO Mindstorms EV3. Dzi\u0119ki tym zaj\u0119ciom uczniowie nabywaj\u0105 umiej\u0119tno\u015b\u0107 kreatywnego \u015bwiadomego i bezpiecznego wykorzystania technologii w realizacji w\u0142asnych pomys\u0142\u00f3w i rozwi\u0105zywaniu problem\u00f3w.<\/p>\n","protected":false},"author":1,"featured_media":0,"parent":0,"menu_order":0,"comment_status":"closed","ping_status":"closed","template":"","meta":{"ngg_post_thumbnail":0,"footnotes":""},"class_list":["post-264","page","type-page","status-publish","hentry"],"yoast_head":"<!-- This site is optimized with the Yoast SEO plugin v22.5 - https:\/\/yoast.com\/wordpress\/plugins\/seo\/ -->\n<title>TIK - Szko\u0142a Podstawowa w Nowym Borku<\/title>\n<meta name=\"robots\" content=\"index, follow, max-snippet:-1, max-image-preview:large, max-video-preview:-1\" \/>\n<link rel=\"canonical\" href=\"https:\/\/www.spnborek.ostnet.pl\/index.php\/tik\/\" \/>\n<meta property=\"og:locale\" content=\"pl_PL\" \/>\n<meta property=\"og:type\" content=\"article\" \/>\n<meta property=\"og:title\" content=\"TIK - Szko\u0142a Podstawowa w Nowym Borku\" \/>\n<meta property=\"og:description\" content=\"W ramach realizowanego projektu &#8222;Poprawa jako\u015bci kszta\u0142cenia w gminie B\u0142a\u017cowa&#8221; uczniowie naszej szko\u0142y uczestnicz\u0105 w warsztatach budowania robot\u00f3w &#8211; LEGO Mindstorms EV3. Dzi\u0119ki tym zaj\u0119ciom uczniowie nabywaj\u0105 umiej\u0119tno\u015b\u0107 kreatywnego \u015bwiadomego i bezpiecznego wykorzystania technologii w realizacji w\u0142asnych pomys\u0142\u00f3w i rozwi\u0105zywaniu problem\u00f3w.\" \/>\n<meta property=\"og:url\" content=\"https:\/\/www.spnborek.ostnet.pl\/index.php\/tik\/\" \/>\n<meta property=\"og:site_name\" content=\"Szko\u0142a Podstawowa w Nowym Borku\" \/>\n<meta property=\"article:publisher\" content=\"https:\/\/www.facebook.com\/SzkolaPodstawowawNowymBorku\/\" \/>\n<meta property=\"article:modified_time\" content=\"2020-01-30T10:39:36+00:00\" \/>\n<meta name=\"twitter:card\" content=\"summary_large_image\" \/>\n<script type=\"application\/ld+json\" class=\"yoast-schema-graph\">{\"@context\":\"https:\/\/schema.org\",\"@graph\":[{\"@type\":\"WebPage\",\"@id\":\"https:\/\/www.spnborek.ostnet.pl\/index.php\/tik\/\",\"url\":\"https:\/\/www.spnborek.ostnet.pl\/index.php\/tik\/\",\"name\":\"TIK - Szko\u0142a Podstawowa w Nowym Borku\",\"isPartOf\":{\"@id\":\"https:\/\/www.spnborek.ostnet.pl\/#website\"},\"datePublished\":\"2020-01-29T12:13:58+00:00\",\"dateModified\":\"2020-01-30T10:39:36+00:00\",\"breadcrumb\":{\"@id\":\"https:\/\/www.spnborek.ostnet.pl\/index.php\/tik\/#breadcrumb\"},\"inLanguage\":\"pl-PL\",\"potentialAction\":[{\"@type\":\"ReadAction\",\"target\":[\"https:\/\/www.spnborek.ostnet.pl\/index.php\/tik\/\"]}]},{\"@type\":\"BreadcrumbList\",\"@id\":\"https:\/\/www.spnborek.ostnet.pl\/index.php\/tik\/#breadcrumb\",\"itemListElement\":[{\"@type\":\"ListItem\",\"position\":1,\"name\":\"Strona g\u0142\u00f3wna\",\"item\":\"https:\/\/www.spnborek.ostnet.pl\/\"},{\"@type\":\"ListItem\",\"position\":2,\"name\":\"TIK\"}]},{\"@type\":\"WebSite\",\"@id\":\"https:\/\/www.spnborek.ostnet.pl\/#website\",\"url\":\"https:\/\/www.spnborek.ostnet.pl\/\",\"name\":\"Szko\u0142a Podstawowa w Nowym Borku\",\"description\":\"Szko\u0142a Podstawowa w Nowym Borku im. gen. bryg. Mieczys\u0142awa Boruty-Spiechowicza\",\"publisher\":{\"@id\":\"https:\/\/www.spnborek.ostnet.pl\/#organization\"},\"potentialAction\":[{\"@type\":\"SearchAction\",\"target\":{\"@type\":\"EntryPoint\",\"urlTemplate\":\"https:\/\/www.spnborek.ostnet.pl\/?s={search_term_string}\"},\"query-input\":\"required name=search_term_string\"}],\"inLanguage\":\"pl-PL\"},{\"@type\":\"Organization\",\"@id\":\"https:\/\/www.spnborek.ostnet.pl\/#organization\",\"name\":\"Szko\u0142a Podstawowa w Nowym Borku\",\"url\":\"https:\/\/www.spnborek.ostnet.pl\/\",\"logo\":{\"@type\":\"ImageObject\",\"inLanguage\":\"pl-PL\",\"@id\":\"https:\/\/www.spnborek.ostnet.pl\/#\/schema\/logo\/image\/\",\"url\":\"https:\/\/www.spnborek.ostnet.pl\/wp-content\/uploads\/2020\/01\/logo-2-e1579378838968.png\",\"contentUrl\":\"https:\/\/www.spnborek.ostnet.pl\/wp-content\/uploads\/2020\/01\/logo-2-e1579378838968.png\",\"width\":80,\"height\":75,\"caption\":\"Szko\u0142a Podstawowa w Nowym Borku\"},\"image\":{\"@id\":\"https:\/\/www.spnborek.ostnet.pl\/#\/schema\/logo\/image\/\"},\"sameAs\":[\"https:\/\/www.facebook.com\/SzkolaPodstawowawNowymBorku\/\"]}]}<\/script>\n<!-- \/ Yoast SEO plugin. -->","yoast_head_json":{"title":"TIK - Szko\u0142a Podstawowa w Nowym Borku","robots":{"index":"index","follow":"follow","max-snippet":"max-snippet:-1","max-image-preview":"max-image-preview:large","max-video-preview":"max-video-preview:-1"},"canonical":"https:\/\/www.spnborek.ostnet.pl\/index.php\/tik\/","og_locale":"pl_PL","og_type":"article","og_title":"TIK - Szko\u0142a Podstawowa w Nowym Borku","og_description":"W ramach realizowanego projektu &#8222;Poprawa jako\u015bci kszta\u0142cenia w gminie B\u0142a\u017cowa&#8221; uczniowie naszej szko\u0142y uczestnicz\u0105 w warsztatach budowania robot\u00f3w &#8211; LEGO Mindstorms EV3. Dzi\u0119ki tym zaj\u0119ciom uczniowie nabywaj\u0105 umiej\u0119tno\u015b\u0107 kreatywnego \u015bwiadomego i bezpiecznego wykorzystania technologii w realizacji w\u0142asnych pomys\u0142\u00f3w i rozwi\u0105zywaniu problem\u00f3w.","og_url":"https:\/\/www.spnborek.ostnet.pl\/index.php\/tik\/","og_site_name":"Szko\u0142a Podstawowa w Nowym Borku","article_publisher":"https:\/\/www.facebook.com\/SzkolaPodstawowawNowymBorku\/","article_modified_time":"2020-01-30T10:39:36+00:00","twitter_card":"summary_large_image","schema":{"@context":"https:\/\/schema.org","@graph":[{"@type":"WebPage","@id":"https:\/\/www.spnborek.ostnet.pl\/index.php\/tik\/","url":"https:\/\/www.spnborek.ostnet.pl\/index.php\/tik\/","name":"TIK - Szko\u0142a Podstawowa w Nowym Borku","isPartOf":{"@id":"https:\/\/www.spnborek.ostnet.pl\/#website"},"datePublished":"2020-01-29T12:13:58+00:00","dateModified":"2020-01-30T10:39:36+00:00","breadcrumb":{"@id":"https:\/\/www.spnborek.ostnet.pl\/index.php\/tik\/#breadcrumb"},"inLanguage":"pl-PL","potentialAction":[{"@type":"ReadAction","target":["https:\/\/www.spnborek.ostnet.pl\/index.php\/tik\/"]}]},{"@type":"BreadcrumbList","@id":"https:\/\/www.spnborek.ostnet.pl\/index.php\/tik\/#breadcrumb","itemListElement":[{"@type":"ListItem","position":1,"name":"Strona g\u0142\u00f3wna","item":"https:\/\/www.spnborek.ostnet.pl\/"},{"@type":"ListItem","position":2,"name":"TIK"}]},{"@type":"WebSite","@id":"https:\/\/www.spnborek.ostnet.pl\/#website","url":"https:\/\/www.spnborek.ostnet.pl\/","name":"Szko\u0142a Podstawowa w Nowym Borku","description":"Szko\u0142a Podstawowa w Nowym Borku im. gen. bryg. Mieczys\u0142awa Boruty-Spiechowicza","publisher":{"@id":"https:\/\/www.spnborek.ostnet.pl\/#organization"},"potentialAction":[{"@type":"SearchAction","target":{"@type":"EntryPoint","urlTemplate":"https:\/\/www.spnborek.ostnet.pl\/?s={search_term_string}"},"query-input":"required name=search_term_string"}],"inLanguage":"pl-PL"},{"@type":"Organization","@id":"https:\/\/www.spnborek.ostnet.pl\/#organization","name":"Szko\u0142a Podstawowa w Nowym Borku","url":"https:\/\/www.spnborek.ostnet.pl\/","logo":{"@type":"ImageObject","inLanguage":"pl-PL","@id":"https:\/\/www.spnborek.ostnet.pl\/#\/schema\/logo\/image\/","url":"https:\/\/www.spnborek.ostnet.pl\/wp-content\/uploads\/2020\/01\/logo-2-e1579378838968.png","contentUrl":"https:\/\/www.spnborek.ostnet.pl\/wp-content\/uploads\/2020\/01\/logo-2-e1579378838968.png","width":80,"height":75,"caption":"Szko\u0142a Podstawowa w Nowym Borku"},"image":{"@id":"https:\/\/www.spnborek.ostnet.pl\/#\/schema\/logo\/image\/"},"sameAs":["https:\/\/www.facebook.com\/SzkolaPodstawowawNowymBorku\/"]}]}},"_links":{"self":[{"href":"https:\/\/www.spnborek.ostnet.pl\/index.php\/wp-json\/wp\/v2\/pages\/264","targetHints":{"allow":["GET"]}}],"collection":[{"href":"https:\/\/www.spnborek.ostnet.pl\/index.php\/wp-json\/wp\/v2\/pages"}],"about":[{"href":"https:\/\/www.spnborek.ostnet.pl\/index.php\/wp-json\/wp\/v2\/types\/page"}],"author":[{"embeddable":true,"href":"https:\/\/www.spnborek.ostnet.pl\/index.php\/wp-json\/wp\/v2\/users\/1"}],"replies":[{"embeddable":true,"href":"https:\/\/www.spnborek.ostnet.pl\/index.php\/wp-json\/wp\/v2\/comments?post=264"}],"version-history":[{"count":10,"href":"https:\/\/www.spnborek.ostnet.pl\/index.php\/wp-json\/wp\/v2\/pages\/264\/revisions"}],"predecessor-version":[{"id":383,"href":"https:\/\/www.spnborek.ostnet.pl\/index.php\/wp-json\/wp\/v2\/pages\/264\/revisions\/383"}],"wp:attachment":[{"href":"https:\/\/www.spnborek.ostnet.pl\/index.php\/wp-json\/wp\/v2\/media?parent=264"}],"curies":[{"name":"wp","href":"https:\/\/api.w.org\/{rel}","templated":true}]}}