{"id":1890,"date":"2022-05-23T09:32:00","date_gmt":"2022-05-23T07:32:00","guid":{"rendered":"https:\/\/www.spnborek.ostnet.pl\/?page_id=1890"},"modified":"2022-05-23T09:32:00","modified_gmt":"2022-05-23T07:32:00","slug":"wycieczki","status":"publish","type":"page","link":"https:\/\/www.spnborek.ostnet.pl\/index.php\/wycieczki\/","title":{"rendered":"Wycieczki"},"content":{"rendered":"<p><a href=\"https:\/\/www.spnborek.ostnet.pl\/wp-content\/uploads\/2022\/05\/Regulamin-wycieczki-szkolnej.doc\">Regulamin wycieczki szkolnej<\/a><\/p>\n<p><a href=\"https:\/\/www.spnborek.ostnet.pl\/wp-content\/uploads\/2022\/05\/o\u015bwiadczenie-rodzic\u00f3w_konkurs.doc\">o\u015bwiadczenie rodzic\u00f3w_konkurs<\/a><\/p>\n<p><a href=\"https:\/\/www.spnborek.ostnet.pl\/wp-content\/uploads\/2022\/05\/o\u015bwiadczenie-rodzic\u00f3w_wycieczka.doc\">o\u015bwiadczenie rodzic\u00f3w_wycieczka<\/a><\/p>\n<p>&nbsp;<\/p>\n","protected":false},"excerpt":{"rendered":"<p>Regulamin wycieczki szkolnej o\u015bwiadczenie rodzic\u00f3w_konkurs o\u015bwiadczenie rodzic\u00f3w_wycieczka &nbsp;<\/p>\n","protected":false},"author":1,"featured_media":0,"parent":0,"menu_order":0,"comment_status":"closed","ping_status":"closed","template":"","meta":{"ngg_post_thumbnail":0,"footnotes":""},"class_list":["post-1890","page","type-page","status-publish","hentry"],"yoast_head":"<!-- This site is optimized with the Yoast SEO plugin v22.5 - https:\/\/yoast.com\/wordpress\/plugins\/seo\/ -->\n<title>Wycieczki - Szko\u0142a Podstawowa w Nowym Borku<\/title>\n<meta name=\"robots\" content=\"index, follow, max-snippet:-1, max-image-preview:large, max-video-preview:-1\" \/>\n<link rel=\"canonical\" href=\"https:\/\/www.spnborek.ostnet.pl\/index.php\/wycieczki\/\" \/>\n<meta property=\"og:locale\" content=\"pl_PL\" \/>\n<meta property=\"og:type\" content=\"article\" \/>\n<meta property=\"og:title\" content=\"Wycieczki - Szko\u0142a Podstawowa w Nowym Borku\" \/>\n<meta property=\"og:description\" content=\"Regulamin wycieczki szkolnej o\u015bwiadczenie rodzic\u00f3w_konkurs o\u015bwiadczenie rodzic\u00f3w_wycieczka &nbsp;\" \/>\n<meta property=\"og:url\" content=\"https:\/\/www.spnborek.ostnet.pl\/index.php\/wycieczki\/\" \/>\n<meta property=\"og:site_name\" content=\"Szko\u0142a Podstawowa w Nowym Borku\" \/>\n<meta property=\"article:publisher\" content=\"https:\/\/www.facebook.com\/SzkolaPodstawowawNowymBorku\/\" \/>\n<meta name=\"twitter:card\" content=\"summary_large_image\" \/>\n<script type=\"application\/ld+json\" class=\"yoast-schema-graph\">{\"@context\":\"https:\/\/schema.org\",\"@graph\":[{\"@type\":\"WebPage\",\"@id\":\"https:\/\/www.spnborek.ostnet.pl\/index.php\/wycieczki\/\",\"url\":\"https:\/\/www.spnborek.ostnet.pl\/index.php\/wycieczki\/\",\"name\":\"Wycieczki - Szko\u0142a Podstawowa w Nowym Borku\",\"isPartOf\":{\"@id\":\"https:\/\/www.spnborek.ostnet.pl\/#website\"},\"datePublished\":\"2022-05-23T07:32:00+00:00\",\"dateModified\":\"2022-05-23T07:32:00+00:00\",\"breadcrumb\":{\"@id\":\"https:\/\/www.spnborek.ostnet.pl\/index.php\/wycieczki\/#breadcrumb\"},\"inLanguage\":\"pl-PL\",\"potentialAction\":[{\"@type\":\"ReadAction\",\"target\":[\"https:\/\/www.spnborek.ostnet.pl\/index.php\/wycieczki\/\"]}]},{\"@type\":\"BreadcrumbList\",\"@id\":\"https:\/\/www.spnborek.ostnet.pl\/index.php\/wycieczki\/#breadcrumb\",\"itemListElement\":[{\"@type\":\"ListItem\",\"position\":1,\"name\":\"Strona g\u0142\u00f3wna\",\"item\":\"https:\/\/www.spnborek.ostnet.pl\/\"},{\"@type\":\"ListItem\",\"position\":2,\"name\":\"Wycieczki\"}]},{\"@type\":\"WebSite\",\"@id\":\"https:\/\/www.spnborek.ostnet.pl\/#website\",\"url\":\"https:\/\/www.spnborek.ostnet.pl\/\",\"name\":\"Szko\u0142a Podstawowa w Nowym Borku\",\"description\":\"Szko\u0142a Podstawowa w Nowym Borku im. gen. bryg. Mieczys\u0142awa Boruty-Spiechowicza\",\"publisher\":{\"@id\":\"https:\/\/www.spnborek.ostnet.pl\/#organization\"},\"potentialAction\":[{\"@type\":\"SearchAction\",\"target\":{\"@type\":\"EntryPoint\",\"urlTemplate\":\"https:\/\/www.spnborek.ostnet.pl\/?s={search_term_string}\"},\"query-input\":\"required name=search_term_string\"}],\"inLanguage\":\"pl-PL\"},{\"@type\":\"Organization\",\"@id\":\"https:\/\/www.spnborek.ostnet.pl\/#organization\",\"name\":\"Szko\u0142a Podstawowa w Nowym Borku\",\"url\":\"https:\/\/www.spnborek.ostnet.pl\/\",\"logo\":{\"@type\":\"ImageObject\",\"inLanguage\":\"pl-PL\",\"@id\":\"https:\/\/www.spnborek.ostnet.pl\/#\/schema\/logo\/image\/\",\"url\":\"https:\/\/www.spnborek.ostnet.pl\/wp-content\/uploads\/2020\/01\/logo-2-e1579378838968.png\",\"contentUrl\":\"https:\/\/www.spnborek.ostnet.pl\/wp-content\/uploads\/2020\/01\/logo-2-e1579378838968.png\",\"width\":80,\"height\":75,\"caption\":\"Szko\u0142a Podstawowa w Nowym Borku\"},\"image\":{\"@id\":\"https:\/\/www.spnborek.ostnet.pl\/#\/schema\/logo\/image\/\"},\"sameAs\":[\"https:\/\/www.facebook.com\/SzkolaPodstawowawNowymBorku\/\"]}]}<\/script>\n<!-- \/ Yoast SEO plugin. -->","yoast_head_json":{"title":"Wycieczki - Szko\u0142a Podstawowa w Nowym Borku","robots":{"index":"index","follow":"follow","max-snippet":"max-snippet:-1","max-image-preview":"max-image-preview:large","max-video-preview":"max-video-preview:-1"},"canonical":"https:\/\/www.spnborek.ostnet.pl\/index.php\/wycieczki\/","og_locale":"pl_PL","og_type":"article","og_title":"Wycieczki - Szko\u0142a Podstawowa w Nowym Borku","og_description":"Regulamin wycieczki szkolnej o\u015bwiadczenie rodzic\u00f3w_konkurs o\u015bwiadczenie rodzic\u00f3w_wycieczka &nbsp;","og_url":"https:\/\/www.spnborek.ostnet.pl\/index.php\/wycieczki\/","og_site_name":"Szko\u0142a Podstawowa w Nowym Borku","article_publisher":"https:\/\/www.facebook.com\/SzkolaPodstawowawNowymBorku\/","twitter_card":"summary_large_image","schema":{"@context":"https:\/\/schema.org","@graph":[{"@type":"WebPage","@id":"https:\/\/www.spnborek.ostnet.pl\/index.php\/wycieczki\/","url":"https:\/\/www.spnborek.ostnet.pl\/index.php\/wycieczki\/","name":"Wycieczki - Szko\u0142a Podstawowa w Nowym Borku","isPartOf":{"@id":"https:\/\/www.spnborek.ostnet.pl\/#website"},"datePublished":"2022-05-23T07:32:00+00:00","dateModified":"2022-05-23T07:32:00+00:00","breadcrumb":{"@id":"https:\/\/www.spnborek.ostnet.pl\/index.php\/wycieczki\/#breadcrumb"},"inLanguage":"pl-PL","potentialAction":[{"@type":"ReadAction","target":["https:\/\/www.spnborek.ostnet.pl\/index.php\/wycieczki\/"]}]},{"@type":"BreadcrumbList","@id":"https:\/\/www.spnborek.ostnet.pl\/index.php\/wycieczki\/#breadcrumb","itemListElement":[{"@type":"ListItem","position":1,"name":"Strona g\u0142\u00f3wna","item":"https:\/\/www.spnborek.ostnet.pl\/"},{"@type":"ListItem","position":2,"name":"Wycieczki"}]},{"@type":"WebSite","@id":"https:\/\/www.spnborek.ostnet.pl\/#website","url":"https:\/\/www.spnborek.ostnet.pl\/","name":"Szko\u0142a Podstawowa w Nowym Borku","description":"Szko\u0142a Podstawowa w Nowym Borku im. gen. bryg. Mieczys\u0142awa Boruty-Spiechowicza","publisher":{"@id":"https:\/\/www.spnborek.ostnet.pl\/#organization"},"potentialAction":[{"@type":"SearchAction","target":{"@type":"EntryPoint","urlTemplate":"https:\/\/www.spnborek.ostnet.pl\/?s={search_term_string}"},"query-input":"required name=search_term_string"}],"inLanguage":"pl-PL"},{"@type":"Organization","@id":"https:\/\/www.spnborek.ostnet.pl\/#organization","name":"Szko\u0142a Podstawowa w Nowym Borku","url":"https:\/\/www.spnborek.ostnet.pl\/","logo":{"@type":"ImageObject","inLanguage":"pl-PL","@id":"https:\/\/www.spnborek.ostnet.pl\/#\/schema\/logo\/image\/","url":"https:\/\/www.spnborek.ostnet.pl\/wp-content\/uploads\/2020\/01\/logo-2-e1579378838968.png","contentUrl":"https:\/\/www.spnborek.ostnet.pl\/wp-content\/uploads\/2020\/01\/logo-2-e1579378838968.png","width":80,"height":75,"caption":"Szko\u0142a Podstawowa w Nowym Borku"},"image":{"@id":"https:\/\/www.spnborek.ostnet.pl\/#\/schema\/logo\/image\/"},"sameAs":["https:\/\/www.facebook.com\/SzkolaPodstawowawNowymBorku\/"]}]}},"_links":{"self":[{"href":"https:\/\/www.spnborek.ostnet.pl\/index.php\/wp-json\/wp\/v2\/pages\/1890","targetHints":{"allow":["GET"]}}],"collection":[{"href":"https:\/\/www.spnborek.ostnet.pl\/index.php\/wp-json\/wp\/v2\/pages"}],"about":[{"href":"https:\/\/www.spnborek.ostnet.pl\/index.php\/wp-json\/wp\/v2\/types\/page"}],"author":[{"embeddable":true,"href":"https:\/\/www.spnborek.ostnet.pl\/index.php\/wp-json\/wp\/v2\/users\/1"}],"replies":[{"embeddable":true,"href":"https:\/\/www.spnborek.ostnet.pl\/index.php\/wp-json\/wp\/v2\/comments?post=1890"}],"version-history":[{"count":1,"href":"https:\/\/www.spnborek.ostnet.pl\/index.php\/wp-json\/wp\/v2\/pages\/1890\/revisions"}],"predecessor-version":[{"id":1894,"href":"https:\/\/www.spnborek.ostnet.pl\/index.php\/wp-json\/wp\/v2\/pages\/1890\/revisions\/1894"}],"wp:attachment":[{"href":"https:\/\/www.spnborek.ostnet.pl\/index.php\/wp-json\/wp\/v2\/media?parent=1890"}],"curies":[{"name":"wp","href":"https:\/\/api.w.org\/{rel}","templated":true}]}}