{"id":1573,"date":"2021-04-14T19:46:34","date_gmt":"2021-04-14T17:46:34","guid":{"rendered":"https:\/\/www.spnborek.ostnet.pl\/?page_id=1573"},"modified":"2021-05-23T13:26:01","modified_gmt":"2021-05-23T11:26:01","slug":"pedagogizacja","status":"publish","type":"page","link":"https:\/\/www.spnborek.ostnet.pl\/index.php\/pedagogizacja\/","title":{"rendered":"Pedagogizacja"},"content":{"rendered":"<p>Polecane filmy:<\/p>\n<p class=\"title style-scope ytd-video-primary-info-renderer\"><a href=\"https:\/\/www.youtube.com\/watch?v=Eao2j4IoKPg\">Rozw\u00f3j Dziecka \u2013 10 wskaz\u00f3wek psychologa<\/a><\/p>\n<p class=\"title style-scope ytd-video-primary-info-renderer\"><a href=\"https:\/\/www.youtube.com\/watch?v=3UMLbjkEzAE&amp;t=864s\">Bezpiecze\u0144stwo dzieci \u2013 10 porad policjanta<\/a><\/p>\n<p class=\"title style-scope ytd-video-primary-info-renderer\"><a href=\"https:\/\/www.wspierajmarzenia.pl\/crl_uczy_rodzicow\/\">Wychowanie dzieci \u2013 10 porad psychologa<\/a><\/p>\n<p class=\"title style-scope ytd-video-primary-info-renderer\">Polecane strony internetowe:<\/p>\n<p><a href=\"https:\/\/fdds.pl\/\">Fundacja &#8222;Dajemy dzieciom si\u0142\u0119&#8221;<\/a><\/p>\n<p><a href=\"http:\/\/www.dzieckowsieci.pl\/\">Chro\u0144 dziecko w sieci<\/a><\/p>\n<p><a href=\"https:\/\/800100100.pl\/dla-rodzicow\">800100100<\/a><\/p>\n<p><a href=\"https:\/\/edukacja.fdds.pl\/\">Platforma Dajemy Dzieciom Si\u0142\u0119&nbsp;<\/a><\/p>\n<p><a href=\"https:\/\/www.frd.org.pl\/\">Fundacja rozwoju dzieci&nbsp;<\/a><\/p>\n<p>Polecane artyku\u0142y:<\/p>\n<p><a href=\"http:\/\/Chro\u0144my najm\u0142odszych przed hejtem i mow\u0105 nienawi\u015bci\">Chro\u0144my najm\u0142odszych przed hejtem i mow\u0105 nienawi\u015bci<\/a><\/p>\n<p><a href=\"https:\/\/www.spnborek.ostnet.pl\/wp-content\/uploads\/2021\/05\/\u201eCyberprzemoc_W\u0142\u0105cz_blokad\u0119_na_n\u0119kanie\u201d_\u2013_poradnik_dla_rodzic\u00f3w.pdf\">\u201eCyberprzemoc &#8211; w\u0142\u0105cz blokad\u0119 na <\/a><a href=\"https:\/\/www.spnborek.ostnet.pl\/wp-content\/uploads\/2021\/05\/\u201eCyberprzemoc_W\u0142\u0105cz_blokad\u0119_na_n\u0119kanie\u201d_\u2013_poradnik_dla_rodzic\u00f3w.pdf\">n\u0119kanie\u201d\u2013 poradnik dla rodzic\u00f3w<\/a><\/p>\n<p>&nbsp;<\/p>\n","protected":false},"excerpt":{"rendered":"<p>Polecane filmy: Rozw\u00f3j Dziecka \u2013 10 wskaz\u00f3wek psychologa Bezpiecze\u0144stwo dzieci \u2013 10 porad policjanta Wychowanie dzieci \u2013 10 porad psychologa Polecane strony internetowe: Fundacja &#8222;Dajemy dzieciom si\u0142\u0119&#8221; Chro\u0144 dziecko w sieci 800100100 Platforma Dajemy Dzieciom Si\u0142\u0119&nbsp; Fundacja rozwoju dzieci&nbsp; Polecane artyku\u0142y: Chro\u0144my najm\u0142odszych przed hejtem i mow\u0105 nienawi\u015bci \u201eCyberprzemoc &#8211; w\u0142\u0105cz blokad\u0119 na n\u0119kanie\u201d\u2013 poradnik [&hellip;]<\/p>\n","protected":false},"author":1,"featured_media":0,"parent":0,"menu_order":0,"comment_status":"closed","ping_status":"closed","template":"","meta":{"ngg_post_thumbnail":0,"footnotes":""},"class_list":["post-1573","page","type-page","status-publish","hentry"],"yoast_head":"<!-- This site is optimized with the Yoast SEO plugin v22.5 - https:\/\/yoast.com\/wordpress\/plugins\/seo\/ -->\n<title>Pedagogizacja - Szko\u0142a Podstawowa w Nowym Borku<\/title>\n<meta name=\"robots\" content=\"index, follow, max-snippet:-1, max-image-preview:large, max-video-preview:-1\" \/>\n<link rel=\"canonical\" href=\"https:\/\/www.spnborek.ostnet.pl\/index.php\/pedagogizacja\/\" \/>\n<meta property=\"og:locale\" content=\"pl_PL\" \/>\n<meta property=\"og:type\" content=\"article\" \/>\n<meta property=\"og:title\" content=\"Pedagogizacja - Szko\u0142a Podstawowa w Nowym Borku\" \/>\n<meta property=\"og:description\" content=\"Polecane filmy: Rozw\u00f3j Dziecka \u2013 10 wskaz\u00f3wek psychologa Bezpiecze\u0144stwo dzieci \u2013 10 porad policjanta Wychowanie dzieci \u2013 10 porad psychologa Polecane strony internetowe: Fundacja &#8222;Dajemy dzieciom si\u0142\u0119&#8221; Chro\u0144 dziecko w sieci 800100100 Platforma Dajemy Dzieciom Si\u0142\u0119&nbsp; Fundacja rozwoju dzieci&nbsp; Polecane artyku\u0142y: Chro\u0144my najm\u0142odszych przed hejtem i mow\u0105 nienawi\u015bci \u201eCyberprzemoc &#8211; w\u0142\u0105cz blokad\u0119 na n\u0119kanie\u201d\u2013 poradnik [&hellip;]\" \/>\n<meta property=\"og:url\" content=\"https:\/\/www.spnborek.ostnet.pl\/index.php\/pedagogizacja\/\" \/>\n<meta property=\"og:site_name\" content=\"Szko\u0142a Podstawowa w Nowym Borku\" \/>\n<meta property=\"article:publisher\" content=\"https:\/\/www.facebook.com\/SzkolaPodstawowawNowymBorku\/\" \/>\n<meta property=\"article:modified_time\" content=\"2021-05-23T11:26:01+00:00\" \/>\n<meta name=\"twitter:card\" content=\"summary_large_image\" \/>\n<script type=\"application\/ld+json\" class=\"yoast-schema-graph\">{\"@context\":\"https:\/\/schema.org\",\"@graph\":[{\"@type\":\"WebPage\",\"@id\":\"https:\/\/www.spnborek.ostnet.pl\/index.php\/pedagogizacja\/\",\"url\":\"https:\/\/www.spnborek.ostnet.pl\/index.php\/pedagogizacja\/\",\"name\":\"Pedagogizacja - Szko\u0142a Podstawowa w Nowym Borku\",\"isPartOf\":{\"@id\":\"https:\/\/www.spnborek.ostnet.pl\/#website\"},\"datePublished\":\"2021-04-14T17:46:34+00:00\",\"dateModified\":\"2021-05-23T11:26:01+00:00\",\"breadcrumb\":{\"@id\":\"https:\/\/www.spnborek.ostnet.pl\/index.php\/pedagogizacja\/#breadcrumb\"},\"inLanguage\":\"pl-PL\",\"potentialAction\":[{\"@type\":\"ReadAction\",\"target\":[\"https:\/\/www.spnborek.ostnet.pl\/index.php\/pedagogizacja\/\"]}]},{\"@type\":\"BreadcrumbList\",\"@id\":\"https:\/\/www.spnborek.ostnet.pl\/index.php\/pedagogizacja\/#breadcrumb\",\"itemListElement\":[{\"@type\":\"ListItem\",\"position\":1,\"name\":\"Strona g\u0142\u00f3wna\",\"item\":\"https:\/\/www.spnborek.ostnet.pl\/\"},{\"@type\":\"ListItem\",\"position\":2,\"name\":\"Pedagogizacja\"}]},{\"@type\":\"WebSite\",\"@id\":\"https:\/\/www.spnborek.ostnet.pl\/#website\",\"url\":\"https:\/\/www.spnborek.ostnet.pl\/\",\"name\":\"Szko\u0142a Podstawowa w Nowym Borku\",\"description\":\"Szko\u0142a Podstawowa w Nowym Borku im. gen. bryg. Mieczys\u0142awa Boruty-Spiechowicza\",\"publisher\":{\"@id\":\"https:\/\/www.spnborek.ostnet.pl\/#organization\"},\"potentialAction\":[{\"@type\":\"SearchAction\",\"target\":{\"@type\":\"EntryPoint\",\"urlTemplate\":\"https:\/\/www.spnborek.ostnet.pl\/?s={search_term_string}\"},\"query-input\":\"required name=search_term_string\"}],\"inLanguage\":\"pl-PL\"},{\"@type\":\"Organization\",\"@id\":\"https:\/\/www.spnborek.ostnet.pl\/#organization\",\"name\":\"Szko\u0142a Podstawowa w Nowym Borku\",\"url\":\"https:\/\/www.spnborek.ostnet.pl\/\",\"logo\":{\"@type\":\"ImageObject\",\"inLanguage\":\"pl-PL\",\"@id\":\"https:\/\/www.spnborek.ostnet.pl\/#\/schema\/logo\/image\/\",\"url\":\"https:\/\/www.spnborek.ostnet.pl\/wp-content\/uploads\/2020\/01\/logo-2-e1579378838968.png\",\"contentUrl\":\"https:\/\/www.spnborek.ostnet.pl\/wp-content\/uploads\/2020\/01\/logo-2-e1579378838968.png\",\"width\":80,\"height\":75,\"caption\":\"Szko\u0142a Podstawowa w Nowym Borku\"},\"image\":{\"@id\":\"https:\/\/www.spnborek.ostnet.pl\/#\/schema\/logo\/image\/\"},\"sameAs\":[\"https:\/\/www.facebook.com\/SzkolaPodstawowawNowymBorku\/\"]}]}<\/script>\n<!-- \/ Yoast SEO plugin. -->","yoast_head_json":{"title":"Pedagogizacja - Szko\u0142a Podstawowa w Nowym Borku","robots":{"index":"index","follow":"follow","max-snippet":"max-snippet:-1","max-image-preview":"max-image-preview:large","max-video-preview":"max-video-preview:-1"},"canonical":"https:\/\/www.spnborek.ostnet.pl\/index.php\/pedagogizacja\/","og_locale":"pl_PL","og_type":"article","og_title":"Pedagogizacja - Szko\u0142a Podstawowa w Nowym Borku","og_description":"Polecane filmy: Rozw\u00f3j Dziecka \u2013 10 wskaz\u00f3wek psychologa Bezpiecze\u0144stwo dzieci \u2013 10 porad policjanta Wychowanie dzieci \u2013 10 porad psychologa Polecane strony internetowe: Fundacja &#8222;Dajemy dzieciom si\u0142\u0119&#8221; Chro\u0144 dziecko w sieci 800100100 Platforma Dajemy Dzieciom Si\u0142\u0119&nbsp; Fundacja rozwoju dzieci&nbsp; Polecane artyku\u0142y: Chro\u0144my najm\u0142odszych przed hejtem i mow\u0105 nienawi\u015bci \u201eCyberprzemoc &#8211; w\u0142\u0105cz blokad\u0119 na n\u0119kanie\u201d\u2013 poradnik [&hellip;]","og_url":"https:\/\/www.spnborek.ostnet.pl\/index.php\/pedagogizacja\/","og_site_name":"Szko\u0142a Podstawowa w Nowym Borku","article_publisher":"https:\/\/www.facebook.com\/SzkolaPodstawowawNowymBorku\/","article_modified_time":"2021-05-23T11:26:01+00:00","twitter_card":"summary_large_image","schema":{"@context":"https:\/\/schema.org","@graph":[{"@type":"WebPage","@id":"https:\/\/www.spnborek.ostnet.pl\/index.php\/pedagogizacja\/","url":"https:\/\/www.spnborek.ostnet.pl\/index.php\/pedagogizacja\/","name":"Pedagogizacja - Szko\u0142a Podstawowa w Nowym Borku","isPartOf":{"@id":"https:\/\/www.spnborek.ostnet.pl\/#website"},"datePublished":"2021-04-14T17:46:34+00:00","dateModified":"2021-05-23T11:26:01+00:00","breadcrumb":{"@id":"https:\/\/www.spnborek.ostnet.pl\/index.php\/pedagogizacja\/#breadcrumb"},"inLanguage":"pl-PL","potentialAction":[{"@type":"ReadAction","target":["https:\/\/www.spnborek.ostnet.pl\/index.php\/pedagogizacja\/"]}]},{"@type":"BreadcrumbList","@id":"https:\/\/www.spnborek.ostnet.pl\/index.php\/pedagogizacja\/#breadcrumb","itemListElement":[{"@type":"ListItem","position":1,"name":"Strona g\u0142\u00f3wna","item":"https:\/\/www.spnborek.ostnet.pl\/"},{"@type":"ListItem","position":2,"name":"Pedagogizacja"}]},{"@type":"WebSite","@id":"https:\/\/www.spnborek.ostnet.pl\/#website","url":"https:\/\/www.spnborek.ostnet.pl\/","name":"Szko\u0142a Podstawowa w Nowym Borku","description":"Szko\u0142a Podstawowa w Nowym Borku im. gen. bryg. Mieczys\u0142awa Boruty-Spiechowicza","publisher":{"@id":"https:\/\/www.spnborek.ostnet.pl\/#organization"},"potentialAction":[{"@type":"SearchAction","target":{"@type":"EntryPoint","urlTemplate":"https:\/\/www.spnborek.ostnet.pl\/?s={search_term_string}"},"query-input":"required name=search_term_string"}],"inLanguage":"pl-PL"},{"@type":"Organization","@id":"https:\/\/www.spnborek.ostnet.pl\/#organization","name":"Szko\u0142a Podstawowa w Nowym Borku","url":"https:\/\/www.spnborek.ostnet.pl\/","logo":{"@type":"ImageObject","inLanguage":"pl-PL","@id":"https:\/\/www.spnborek.ostnet.pl\/#\/schema\/logo\/image\/","url":"https:\/\/www.spnborek.ostnet.pl\/wp-content\/uploads\/2020\/01\/logo-2-e1579378838968.png","contentUrl":"https:\/\/www.spnborek.ostnet.pl\/wp-content\/uploads\/2020\/01\/logo-2-e1579378838968.png","width":80,"height":75,"caption":"Szko\u0142a Podstawowa w Nowym Borku"},"image":{"@id":"https:\/\/www.spnborek.ostnet.pl\/#\/schema\/logo\/image\/"},"sameAs":["https:\/\/www.facebook.com\/SzkolaPodstawowawNowymBorku\/"]}]}},"_links":{"self":[{"href":"https:\/\/www.spnborek.ostnet.pl\/index.php\/wp-json\/wp\/v2\/pages\/1573","targetHints":{"allow":["GET"]}}],"collection":[{"href":"https:\/\/www.spnborek.ostnet.pl\/index.php\/wp-json\/wp\/v2\/pages"}],"about":[{"href":"https:\/\/www.spnborek.ostnet.pl\/index.php\/wp-json\/wp\/v2\/types\/page"}],"author":[{"embeddable":true,"href":"https:\/\/www.spnborek.ostnet.pl\/index.php\/wp-json\/wp\/v2\/users\/1"}],"replies":[{"embeddable":true,"href":"https:\/\/www.spnborek.ostnet.pl\/index.php\/wp-json\/wp\/v2\/comments?post=1573"}],"version-history":[{"count":9,"href":"https:\/\/www.spnborek.ostnet.pl\/index.php\/wp-json\/wp\/v2\/pages\/1573\/revisions"}],"predecessor-version":[{"id":1613,"href":"https:\/\/www.spnborek.ostnet.pl\/index.php\/wp-json\/wp\/v2\/pages\/1573\/revisions\/1613"}],"wp:attachment":[{"href":"https:\/\/www.spnborek.ostnet.pl\/index.php\/wp-json\/wp\/v2\/media?parent=1573"}],"curies":[{"name":"wp","href":"https:\/\/api.w.org\/{rel}","templated":true}]}}