{"id":1508,"date":"2021-02-16T12:08:33","date_gmt":"2021-02-16T11:08:33","guid":{"rendered":"https:\/\/www.spnborek.ostnet.pl\/?page_id=1508"},"modified":"2025-03-03T06:39:04","modified_gmt":"2025-03-03T05:39:04","slug":"rekrutacja","status":"publish","type":"page","link":"https:\/\/www.spnborek.ostnet.pl\/index.php\/rekrutacja\/","title":{"rendered":"Rekrutacja"},"content":{"rendered":"<p>REKRUTACJA 2025\/2026<\/p>\n<p>Dokumenty do pobrania:&nbsp;<\/p>\n<p><a href=\"https:\/\/www.spnborek.ostnet.pl\/wp-content\/uploads\/2025\/01\/Zarzadzenie-Burmistrza-Blazowej-z-dnia-10-stycznia-2025-r.pdf\">Zarz\u0105dzenie Burmistrza B\u0142a\u017cowej z dnia 10 stycznia 2025 r.<\/a><\/p>\n<p><a href=\"https:\/\/www.spnborek.ostnet.pl\/wp-content\/uploads\/2022\/02\/Kontynuowanie-wychowania-przedszkolnego.docx\">Deklaracja kontynuowania wychowania przedszkolnego<\/a><\/p>\n<p><a href=\"https:\/\/www.spnborek.ostnet.pl\/wp-content\/uploads\/2022\/02\/PP-2022_23.doc\">Wniosek o przyj\u0119cie do oddzia\u0142u przedszkolnego<\/a>&nbsp;<\/p>\n<p><a href=\"https:\/\/www.spnborek.ostnet.pl\/wp-content\/uploads\/2025\/01\/Wniosek-o-przyjecie-do-klasy-I.docx\">Wniosek o przyj\u0119cie do klasy I<\/a><\/p>\n<p><a href=\"https:\/\/www.spnborek.ostnet.pl\/wp-content\/uploads\/2025\/01\/Wniosek-o-przyjecie-do-szkoly-klasy-II-\u2013-VIII-\u2013-dotyczy-uczniow-przychodzacych-z-innych-szkol.docx\">Wniosek o przyj\u0119cie do szko\u0142y (klasy II \u2013 VIII) \u2013 dotyczy uczni\u00f3w przychodz\u0105cych z innych szk\u00f3\u0142<\/a><\/p>\n<p>Zapisy do \u015bwietlicy szkolnej &#8211; dla uczni\u00f3w klas I &#8211; III<\/p>\n<p><a href=\"https:\/\/www.spnborek.ostnet.pl\/wp-content\/uploads\/2025\/03\/WNIOSEK-O-PRZYJECIE-DO-SWIETLICY-SZKOLNEJ.docx\">WNIOSEK O PRZYJ\u0118CIE DO \u015aWIETLICY SZKOLNEJ<\/a><\/p>\n","protected":false},"excerpt":{"rendered":"<p>REKRUTACJA 2025\/2026 Dokumenty do pobrania:&nbsp; Zarz\u0105dzenie Burmistrza B\u0142a\u017cowej z dnia 10 stycznia 2025 r. Deklaracja kontynuowania wychowania przedszkolnego Wniosek o przyj\u0119cie do oddzia\u0142u przedszkolnego&nbsp; Wniosek o przyj\u0119cie do klasy I Wniosek o przyj\u0119cie do szko\u0142y (klasy II \u2013 VIII) \u2013 dotyczy uczni\u00f3w przychodz\u0105cych z innych szk\u00f3\u0142 Zapisy do \u015bwietlicy szkolnej &#8211; dla uczni\u00f3w klas I [&hellip;]<\/p>\n","protected":false},"author":1,"featured_media":0,"parent":0,"menu_order":0,"comment_status":"closed","ping_status":"closed","template":"","meta":{"ngg_post_thumbnail":0,"footnotes":""},"class_list":["post-1508","page","type-page","status-publish","hentry"],"yoast_head":"<!-- This site is optimized with the Yoast SEO plugin v22.5 - https:\/\/yoast.com\/wordpress\/plugins\/seo\/ -->\n<title>Rekrutacja - Szko\u0142a Podstawowa w Nowym Borku<\/title>\n<meta name=\"robots\" content=\"index, follow, max-snippet:-1, max-image-preview:large, max-video-preview:-1\" \/>\n<link rel=\"canonical\" href=\"https:\/\/www.spnborek.ostnet.pl\/index.php\/rekrutacja\/\" \/>\n<meta property=\"og:locale\" content=\"pl_PL\" \/>\n<meta property=\"og:type\" content=\"article\" \/>\n<meta property=\"og:title\" content=\"Rekrutacja - Szko\u0142a Podstawowa w Nowym Borku\" \/>\n<meta property=\"og:description\" content=\"REKRUTACJA 2025\/2026 Dokumenty do pobrania:&nbsp; Zarz\u0105dzenie Burmistrza B\u0142a\u017cowej z dnia 10 stycznia 2025 r. Deklaracja kontynuowania wychowania przedszkolnego Wniosek o przyj\u0119cie do oddzia\u0142u przedszkolnego&nbsp; Wniosek o przyj\u0119cie do klasy I Wniosek o przyj\u0119cie do szko\u0142y (klasy II \u2013 VIII) \u2013 dotyczy uczni\u00f3w przychodz\u0105cych z innych szk\u00f3\u0142 Zapisy do \u015bwietlicy szkolnej &#8211; dla uczni\u00f3w klas I [&hellip;]\" \/>\n<meta property=\"og:url\" content=\"https:\/\/www.spnborek.ostnet.pl\/index.php\/rekrutacja\/\" \/>\n<meta property=\"og:site_name\" content=\"Szko\u0142a Podstawowa w Nowym Borku\" \/>\n<meta property=\"article:publisher\" content=\"https:\/\/www.facebook.com\/SzkolaPodstawowawNowymBorku\/\" \/>\n<meta property=\"article:modified_time\" content=\"2025-03-03T05:39:04+00:00\" \/>\n<meta name=\"twitter:card\" content=\"summary_large_image\" \/>\n<meta name=\"twitter:label1\" content=\"Szacowany czas czytania\" \/>\n\t<meta name=\"twitter:data1\" content=\"1 minuta\" \/>\n<script type=\"application\/ld+json\" class=\"yoast-schema-graph\">{\"@context\":\"https:\/\/schema.org\",\"@graph\":[{\"@type\":\"WebPage\",\"@id\":\"https:\/\/www.spnborek.ostnet.pl\/index.php\/rekrutacja\/\",\"url\":\"https:\/\/www.spnborek.ostnet.pl\/index.php\/rekrutacja\/\",\"name\":\"Rekrutacja - Szko\u0142a Podstawowa w Nowym Borku\",\"isPartOf\":{\"@id\":\"https:\/\/www.spnborek.ostnet.pl\/#website\"},\"datePublished\":\"2021-02-16T11:08:33+00:00\",\"dateModified\":\"2025-03-03T05:39:04+00:00\",\"breadcrumb\":{\"@id\":\"https:\/\/www.spnborek.ostnet.pl\/index.php\/rekrutacja\/#breadcrumb\"},\"inLanguage\":\"pl-PL\",\"potentialAction\":[{\"@type\":\"ReadAction\",\"target\":[\"https:\/\/www.spnborek.ostnet.pl\/index.php\/rekrutacja\/\"]}]},{\"@type\":\"BreadcrumbList\",\"@id\":\"https:\/\/www.spnborek.ostnet.pl\/index.php\/rekrutacja\/#breadcrumb\",\"itemListElement\":[{\"@type\":\"ListItem\",\"position\":1,\"name\":\"Strona g\u0142\u00f3wna\",\"item\":\"https:\/\/www.spnborek.ostnet.pl\/\"},{\"@type\":\"ListItem\",\"position\":2,\"name\":\"Rekrutacja\"}]},{\"@type\":\"WebSite\",\"@id\":\"https:\/\/www.spnborek.ostnet.pl\/#website\",\"url\":\"https:\/\/www.spnborek.ostnet.pl\/\",\"name\":\"Szko\u0142a Podstawowa w Nowym Borku\",\"description\":\"Szko\u0142a Podstawowa w Nowym Borku im. gen. bryg. Mieczys\u0142awa Boruty-Spiechowicza\",\"publisher\":{\"@id\":\"https:\/\/www.spnborek.ostnet.pl\/#organization\"},\"potentialAction\":[{\"@type\":\"SearchAction\",\"target\":{\"@type\":\"EntryPoint\",\"urlTemplate\":\"https:\/\/www.spnborek.ostnet.pl\/?s={search_term_string}\"},\"query-input\":\"required name=search_term_string\"}],\"inLanguage\":\"pl-PL\"},{\"@type\":\"Organization\",\"@id\":\"https:\/\/www.spnborek.ostnet.pl\/#organization\",\"name\":\"Szko\u0142a Podstawowa w Nowym Borku\",\"url\":\"https:\/\/www.spnborek.ostnet.pl\/\",\"logo\":{\"@type\":\"ImageObject\",\"inLanguage\":\"pl-PL\",\"@id\":\"https:\/\/www.spnborek.ostnet.pl\/#\/schema\/logo\/image\/\",\"url\":\"https:\/\/www.spnborek.ostnet.pl\/wp-content\/uploads\/2020\/01\/logo-2-e1579378838968.png\",\"contentUrl\":\"https:\/\/www.spnborek.ostnet.pl\/wp-content\/uploads\/2020\/01\/logo-2-e1579378838968.png\",\"width\":80,\"height\":75,\"caption\":\"Szko\u0142a Podstawowa w Nowym Borku\"},\"image\":{\"@id\":\"https:\/\/www.spnborek.ostnet.pl\/#\/schema\/logo\/image\/\"},\"sameAs\":[\"https:\/\/www.facebook.com\/SzkolaPodstawowawNowymBorku\/\"]}]}<\/script>\n<!-- \/ Yoast SEO plugin. -->","yoast_head_json":{"title":"Rekrutacja - Szko\u0142a Podstawowa w Nowym Borku","robots":{"index":"index","follow":"follow","max-snippet":"max-snippet:-1","max-image-preview":"max-image-preview:large","max-video-preview":"max-video-preview:-1"},"canonical":"https:\/\/www.spnborek.ostnet.pl\/index.php\/rekrutacja\/","og_locale":"pl_PL","og_type":"article","og_title":"Rekrutacja - Szko\u0142a Podstawowa w Nowym Borku","og_description":"REKRUTACJA 2025\/2026 Dokumenty do pobrania:&nbsp; Zarz\u0105dzenie Burmistrza B\u0142a\u017cowej z dnia 10 stycznia 2025 r. Deklaracja kontynuowania wychowania przedszkolnego Wniosek o przyj\u0119cie do oddzia\u0142u przedszkolnego&nbsp; Wniosek o przyj\u0119cie do klasy I Wniosek o przyj\u0119cie do szko\u0142y (klasy II \u2013 VIII) \u2013 dotyczy uczni\u00f3w przychodz\u0105cych z innych szk\u00f3\u0142 Zapisy do \u015bwietlicy szkolnej &#8211; dla uczni\u00f3w klas I [&hellip;]","og_url":"https:\/\/www.spnborek.ostnet.pl\/index.php\/rekrutacja\/","og_site_name":"Szko\u0142a Podstawowa w Nowym Borku","article_publisher":"https:\/\/www.facebook.com\/SzkolaPodstawowawNowymBorku\/","article_modified_time":"2025-03-03T05:39:04+00:00","twitter_card":"summary_large_image","twitter_misc":{"Szacowany czas czytania":"1 minuta"},"schema":{"@context":"https:\/\/schema.org","@graph":[{"@type":"WebPage","@id":"https:\/\/www.spnborek.ostnet.pl\/index.php\/rekrutacja\/","url":"https:\/\/www.spnborek.ostnet.pl\/index.php\/rekrutacja\/","name":"Rekrutacja - Szko\u0142a Podstawowa w Nowym Borku","isPartOf":{"@id":"https:\/\/www.spnborek.ostnet.pl\/#website"},"datePublished":"2021-02-16T11:08:33+00:00","dateModified":"2025-03-03T05:39:04+00:00","breadcrumb":{"@id":"https:\/\/www.spnborek.ostnet.pl\/index.php\/rekrutacja\/#breadcrumb"},"inLanguage":"pl-PL","potentialAction":[{"@type":"ReadAction","target":["https:\/\/www.spnborek.ostnet.pl\/index.php\/rekrutacja\/"]}]},{"@type":"BreadcrumbList","@id":"https:\/\/www.spnborek.ostnet.pl\/index.php\/rekrutacja\/#breadcrumb","itemListElement":[{"@type":"ListItem","position":1,"name":"Strona g\u0142\u00f3wna","item":"https:\/\/www.spnborek.ostnet.pl\/"},{"@type":"ListItem","position":2,"name":"Rekrutacja"}]},{"@type":"WebSite","@id":"https:\/\/www.spnborek.ostnet.pl\/#website","url":"https:\/\/www.spnborek.ostnet.pl\/","name":"Szko\u0142a Podstawowa w Nowym Borku","description":"Szko\u0142a Podstawowa w Nowym Borku im. gen. bryg. Mieczys\u0142awa Boruty-Spiechowicza","publisher":{"@id":"https:\/\/www.spnborek.ostnet.pl\/#organization"},"potentialAction":[{"@type":"SearchAction","target":{"@type":"EntryPoint","urlTemplate":"https:\/\/www.spnborek.ostnet.pl\/?s={search_term_string}"},"query-input":"required name=search_term_string"}],"inLanguage":"pl-PL"},{"@type":"Organization","@id":"https:\/\/www.spnborek.ostnet.pl\/#organization","name":"Szko\u0142a Podstawowa w Nowym Borku","url":"https:\/\/www.spnborek.ostnet.pl\/","logo":{"@type":"ImageObject","inLanguage":"pl-PL","@id":"https:\/\/www.spnborek.ostnet.pl\/#\/schema\/logo\/image\/","url":"https:\/\/www.spnborek.ostnet.pl\/wp-content\/uploads\/2020\/01\/logo-2-e1579378838968.png","contentUrl":"https:\/\/www.spnborek.ostnet.pl\/wp-content\/uploads\/2020\/01\/logo-2-e1579378838968.png","width":80,"height":75,"caption":"Szko\u0142a Podstawowa w Nowym Borku"},"image":{"@id":"https:\/\/www.spnborek.ostnet.pl\/#\/schema\/logo\/image\/"},"sameAs":["https:\/\/www.facebook.com\/SzkolaPodstawowawNowymBorku\/"]}]}},"_links":{"self":[{"href":"https:\/\/www.spnborek.ostnet.pl\/index.php\/wp-json\/wp\/v2\/pages\/1508","targetHints":{"allow":["GET"]}}],"collection":[{"href":"https:\/\/www.spnborek.ostnet.pl\/index.php\/wp-json\/wp\/v2\/pages"}],"about":[{"href":"https:\/\/www.spnborek.ostnet.pl\/index.php\/wp-json\/wp\/v2\/types\/page"}],"author":[{"embeddable":true,"href":"https:\/\/www.spnborek.ostnet.pl\/index.php\/wp-json\/wp\/v2\/users\/1"}],"replies":[{"embeddable":true,"href":"https:\/\/www.spnborek.ostnet.pl\/index.php\/wp-json\/wp\/v2\/comments?post=1508"}],"version-history":[{"count":14,"href":"https:\/\/www.spnborek.ostnet.pl\/index.php\/wp-json\/wp\/v2\/pages\/1508\/revisions"}],"predecessor-version":[{"id":2924,"href":"https:\/\/www.spnborek.ostnet.pl\/index.php\/wp-json\/wp\/v2\/pages\/1508\/revisions\/2924"}],"wp:attachment":[{"href":"https:\/\/www.spnborek.ostnet.pl\/index.php\/wp-json\/wp\/v2\/media?parent=1508"}],"curies":[{"name":"wp","href":"https:\/\/api.w.org\/{rel}","templated":true}]}}