{"id":1422,"date":"2020-12-03T16:30:56","date_gmt":"2020-12-03T15:30:56","guid":{"rendered":"https:\/\/www.spnborek.ostnet.pl\/?page_id=1422"},"modified":"2020-12-03T16:44:58","modified_gmt":"2020-12-03T15:44:58","slug":"monitoring-wizyjny","status":"publish","type":"page","link":"https:\/\/www.spnborek.ostnet.pl\/index.php\/monitoring-wizyjny\/","title":{"rendered":"Monitoring wizyjny"},"content":{"rendered":"<p><img loading=\"lazy\" decoding=\"async\" class=\"aligncenter size-full wp-image-1430\" src=\"https:\/\/www.spnborek.ostnet.pl\/wp-content\/uploads\/2020\/12\/plakietka.jpg\" alt=\"\" width=\"684\" height=\"382\" srcset=\"https:\/\/www.spnborek.ostnet.pl\/wp-content\/uploads\/2020\/12\/plakietka.jpg 684w, https:\/\/www.spnborek.ostnet.pl\/wp-content\/uploads\/2020\/12\/plakietka-300x168.jpg 300w, https:\/\/www.spnborek.ostnet.pl\/wp-content\/uploads\/2020\/12\/plakietka-285x159.jpg 285w\" sizes=\"auto, (max-width: 684px) 100vw, 684px\" \/><\/p>\n<p style=\"text-align: center;\"><strong>Klauzula informacyjna<\/strong><\/p>\n<p><img loading=\"lazy\" decoding=\"async\" class=\"aligncenter wp-image-1426\" src=\"https:\/\/www.spnborek.ostnet.pl\/wp-content\/uploads\/2020\/12\/klauzula.jpg\" alt=\"\" width=\"2000\" height=\"1912\" srcset=\"https:\/\/www.spnborek.ostnet.pl\/wp-content\/uploads\/2020\/12\/klauzula.jpg 932w, https:\/\/www.spnborek.ostnet.pl\/wp-content\/uploads\/2020\/12\/klauzula-300x287.jpg 300w, https:\/\/www.spnborek.ostnet.pl\/wp-content\/uploads\/2020\/12\/klauzula-768x734.jpg 768w, https:\/\/www.spnborek.ostnet.pl\/wp-content\/uploads\/2020\/12\/klauzula-49x46.jpg 49w, https:\/\/www.spnborek.ostnet.pl\/wp-content\/uploads\/2020\/12\/klauzula-403x385.jpg 403w, https:\/\/www.spnborek.ostnet.pl\/wp-content\/uploads\/2020\/12\/klauzula-213x204.jpg 213w\" sizes=\"auto, (max-width: 2000px) 100vw, 2000px\" \/><\/p>\n","protected":false},"excerpt":{"rendered":"<p>Klauzula informacyjna<\/p>\n","protected":false},"author":1,"featured_media":0,"parent":0,"menu_order":0,"comment_status":"closed","ping_status":"closed","template":"","meta":{"ngg_post_thumbnail":0,"footnotes":""},"class_list":["post-1422","page","type-page","status-publish","hentry"],"yoast_head":"<!-- This site is optimized with the Yoast SEO plugin v22.5 - https:\/\/yoast.com\/wordpress\/plugins\/seo\/ -->\n<title>Monitoring wizyjny - Szko\u0142a Podstawowa w Nowym Borku<\/title>\n<meta name=\"robots\" content=\"index, follow, max-snippet:-1, max-image-preview:large, max-video-preview:-1\" \/>\n<link rel=\"canonical\" href=\"https:\/\/www.spnborek.ostnet.pl\/index.php\/monitoring-wizyjny\/\" \/>\n<meta property=\"og:locale\" content=\"pl_PL\" \/>\n<meta property=\"og:type\" content=\"article\" \/>\n<meta property=\"og:title\" content=\"Monitoring wizyjny - Szko\u0142a Podstawowa w Nowym Borku\" \/>\n<meta property=\"og:description\" content=\"Klauzula informacyjna\" \/>\n<meta property=\"og:url\" content=\"https:\/\/www.spnborek.ostnet.pl\/index.php\/monitoring-wizyjny\/\" \/>\n<meta property=\"og:site_name\" content=\"Szko\u0142a Podstawowa w Nowym Borku\" \/>\n<meta property=\"article:publisher\" content=\"https:\/\/www.facebook.com\/SzkolaPodstawowawNowymBorku\/\" \/>\n<meta property=\"article:modified_time\" content=\"2020-12-03T15:44:58+00:00\" \/>\n<meta property=\"og:image\" content=\"https:\/\/www.spnborek.ostnet.pl\/wp-content\/uploads\/2020\/12\/plakietka.jpg\" \/>\n<meta name=\"twitter:card\" content=\"summary_large_image\" \/>\n<script type=\"application\/ld+json\" class=\"yoast-schema-graph\">{\"@context\":\"https:\/\/schema.org\",\"@graph\":[{\"@type\":\"WebPage\",\"@id\":\"https:\/\/www.spnborek.ostnet.pl\/index.php\/monitoring-wizyjny\/\",\"url\":\"https:\/\/www.spnborek.ostnet.pl\/index.php\/monitoring-wizyjny\/\",\"name\":\"Monitoring wizyjny - Szko\u0142a Podstawowa w Nowym Borku\",\"isPartOf\":{\"@id\":\"https:\/\/www.spnborek.ostnet.pl\/#website\"},\"primaryImageOfPage\":{\"@id\":\"https:\/\/www.spnborek.ostnet.pl\/index.php\/monitoring-wizyjny\/#primaryimage\"},\"image\":{\"@id\":\"https:\/\/www.spnborek.ostnet.pl\/index.php\/monitoring-wizyjny\/#primaryimage\"},\"thumbnailUrl\":\"https:\/\/www.spnborek.ostnet.pl\/wp-content\/uploads\/2020\/12\/plakietka.jpg\",\"datePublished\":\"2020-12-03T15:30:56+00:00\",\"dateModified\":\"2020-12-03T15:44:58+00:00\",\"breadcrumb\":{\"@id\":\"https:\/\/www.spnborek.ostnet.pl\/index.php\/monitoring-wizyjny\/#breadcrumb\"},\"inLanguage\":\"pl-PL\",\"potentialAction\":[{\"@type\":\"ReadAction\",\"target\":[\"https:\/\/www.spnborek.ostnet.pl\/index.php\/monitoring-wizyjny\/\"]}]},{\"@type\":\"ImageObject\",\"inLanguage\":\"pl-PL\",\"@id\":\"https:\/\/www.spnborek.ostnet.pl\/index.php\/monitoring-wizyjny\/#primaryimage\",\"url\":\"https:\/\/www.spnborek.ostnet.pl\/wp-content\/uploads\/2020\/12\/plakietka.jpg\",\"contentUrl\":\"https:\/\/www.spnborek.ostnet.pl\/wp-content\/uploads\/2020\/12\/plakietka.jpg\",\"width\":684,\"height\":382},{\"@type\":\"BreadcrumbList\",\"@id\":\"https:\/\/www.spnborek.ostnet.pl\/index.php\/monitoring-wizyjny\/#breadcrumb\",\"itemListElement\":[{\"@type\":\"ListItem\",\"position\":1,\"name\":\"Strona g\u0142\u00f3wna\",\"item\":\"https:\/\/www.spnborek.ostnet.pl\/\"},{\"@type\":\"ListItem\",\"position\":2,\"name\":\"Monitoring wizyjny\"}]},{\"@type\":\"WebSite\",\"@id\":\"https:\/\/www.spnborek.ostnet.pl\/#website\",\"url\":\"https:\/\/www.spnborek.ostnet.pl\/\",\"name\":\"Szko\u0142a Podstawowa w Nowym Borku\",\"description\":\"Szko\u0142a Podstawowa w Nowym Borku im. gen. bryg. Mieczys\u0142awa Boruty-Spiechowicza\",\"publisher\":{\"@id\":\"https:\/\/www.spnborek.ostnet.pl\/#organization\"},\"potentialAction\":[{\"@type\":\"SearchAction\",\"target\":{\"@type\":\"EntryPoint\",\"urlTemplate\":\"https:\/\/www.spnborek.ostnet.pl\/?s={search_term_string}\"},\"query-input\":\"required name=search_term_string\"}],\"inLanguage\":\"pl-PL\"},{\"@type\":\"Organization\",\"@id\":\"https:\/\/www.spnborek.ostnet.pl\/#organization\",\"name\":\"Szko\u0142a Podstawowa w Nowym Borku\",\"url\":\"https:\/\/www.spnborek.ostnet.pl\/\",\"logo\":{\"@type\":\"ImageObject\",\"inLanguage\":\"pl-PL\",\"@id\":\"https:\/\/www.spnborek.ostnet.pl\/#\/schema\/logo\/image\/\",\"url\":\"https:\/\/www.spnborek.ostnet.pl\/wp-content\/uploads\/2020\/01\/logo-2-e1579378838968.png\",\"contentUrl\":\"https:\/\/www.spnborek.ostnet.pl\/wp-content\/uploads\/2020\/01\/logo-2-e1579378838968.png\",\"width\":80,\"height\":75,\"caption\":\"Szko\u0142a Podstawowa w Nowym Borku\"},\"image\":{\"@id\":\"https:\/\/www.spnborek.ostnet.pl\/#\/schema\/logo\/image\/\"},\"sameAs\":[\"https:\/\/www.facebook.com\/SzkolaPodstawowawNowymBorku\/\"]}]}<\/script>\n<!-- \/ Yoast SEO plugin. -->","yoast_head_json":{"title":"Monitoring wizyjny - Szko\u0142a Podstawowa w Nowym Borku","robots":{"index":"index","follow":"follow","max-snippet":"max-snippet:-1","max-image-preview":"max-image-preview:large","max-video-preview":"max-video-preview:-1"},"canonical":"https:\/\/www.spnborek.ostnet.pl\/index.php\/monitoring-wizyjny\/","og_locale":"pl_PL","og_type":"article","og_title":"Monitoring wizyjny - Szko\u0142a Podstawowa w Nowym Borku","og_description":"Klauzula informacyjna","og_url":"https:\/\/www.spnborek.ostnet.pl\/index.php\/monitoring-wizyjny\/","og_site_name":"Szko\u0142a Podstawowa w Nowym Borku","article_publisher":"https:\/\/www.facebook.com\/SzkolaPodstawowawNowymBorku\/","article_modified_time":"2020-12-03T15:44:58+00:00","og_image":[{"url":"https:\/\/www.spnborek.ostnet.pl\/wp-content\/uploads\/2020\/12\/plakietka.jpg"}],"twitter_card":"summary_large_image","schema":{"@context":"https:\/\/schema.org","@graph":[{"@type":"WebPage","@id":"https:\/\/www.spnborek.ostnet.pl\/index.php\/monitoring-wizyjny\/","url":"https:\/\/www.spnborek.ostnet.pl\/index.php\/monitoring-wizyjny\/","name":"Monitoring wizyjny - Szko\u0142a Podstawowa w Nowym Borku","isPartOf":{"@id":"https:\/\/www.spnborek.ostnet.pl\/#website"},"primaryImageOfPage":{"@id":"https:\/\/www.spnborek.ostnet.pl\/index.php\/monitoring-wizyjny\/#primaryimage"},"image":{"@id":"https:\/\/www.spnborek.ostnet.pl\/index.php\/monitoring-wizyjny\/#primaryimage"},"thumbnailUrl":"https:\/\/www.spnborek.ostnet.pl\/wp-content\/uploads\/2020\/12\/plakietka.jpg","datePublished":"2020-12-03T15:30:56+00:00","dateModified":"2020-12-03T15:44:58+00:00","breadcrumb":{"@id":"https:\/\/www.spnborek.ostnet.pl\/index.php\/monitoring-wizyjny\/#breadcrumb"},"inLanguage":"pl-PL","potentialAction":[{"@type":"ReadAction","target":["https:\/\/www.spnborek.ostnet.pl\/index.php\/monitoring-wizyjny\/"]}]},{"@type":"ImageObject","inLanguage":"pl-PL","@id":"https:\/\/www.spnborek.ostnet.pl\/index.php\/monitoring-wizyjny\/#primaryimage","url":"https:\/\/www.spnborek.ostnet.pl\/wp-content\/uploads\/2020\/12\/plakietka.jpg","contentUrl":"https:\/\/www.spnborek.ostnet.pl\/wp-content\/uploads\/2020\/12\/plakietka.jpg","width":684,"height":382},{"@type":"BreadcrumbList","@id":"https:\/\/www.spnborek.ostnet.pl\/index.php\/monitoring-wizyjny\/#breadcrumb","itemListElement":[{"@type":"ListItem","position":1,"name":"Strona g\u0142\u00f3wna","item":"https:\/\/www.spnborek.ostnet.pl\/"},{"@type":"ListItem","position":2,"name":"Monitoring wizyjny"}]},{"@type":"WebSite","@id":"https:\/\/www.spnborek.ostnet.pl\/#website","url":"https:\/\/www.spnborek.ostnet.pl\/","name":"Szko\u0142a Podstawowa w Nowym Borku","description":"Szko\u0142a Podstawowa w Nowym Borku im. gen. bryg. Mieczys\u0142awa Boruty-Spiechowicza","publisher":{"@id":"https:\/\/www.spnborek.ostnet.pl\/#organization"},"potentialAction":[{"@type":"SearchAction","target":{"@type":"EntryPoint","urlTemplate":"https:\/\/www.spnborek.ostnet.pl\/?s={search_term_string}"},"query-input":"required name=search_term_string"}],"inLanguage":"pl-PL"},{"@type":"Organization","@id":"https:\/\/www.spnborek.ostnet.pl\/#organization","name":"Szko\u0142a Podstawowa w Nowym Borku","url":"https:\/\/www.spnborek.ostnet.pl\/","logo":{"@type":"ImageObject","inLanguage":"pl-PL","@id":"https:\/\/www.spnborek.ostnet.pl\/#\/schema\/logo\/image\/","url":"https:\/\/www.spnborek.ostnet.pl\/wp-content\/uploads\/2020\/01\/logo-2-e1579378838968.png","contentUrl":"https:\/\/www.spnborek.ostnet.pl\/wp-content\/uploads\/2020\/01\/logo-2-e1579378838968.png","width":80,"height":75,"caption":"Szko\u0142a Podstawowa w Nowym Borku"},"image":{"@id":"https:\/\/www.spnborek.ostnet.pl\/#\/schema\/logo\/image\/"},"sameAs":["https:\/\/www.facebook.com\/SzkolaPodstawowawNowymBorku\/"]}]}},"_links":{"self":[{"href":"https:\/\/www.spnborek.ostnet.pl\/index.php\/wp-json\/wp\/v2\/pages\/1422","targetHints":{"allow":["GET"]}}],"collection":[{"href":"https:\/\/www.spnborek.ostnet.pl\/index.php\/wp-json\/wp\/v2\/pages"}],"about":[{"href":"https:\/\/www.spnborek.ostnet.pl\/index.php\/wp-json\/wp\/v2\/types\/page"}],"author":[{"embeddable":true,"href":"https:\/\/www.spnborek.ostnet.pl\/index.php\/wp-json\/wp\/v2\/users\/1"}],"replies":[{"embeddable":true,"href":"https:\/\/www.spnborek.ostnet.pl\/index.php\/wp-json\/wp\/v2\/comments?post=1422"}],"version-history":[{"count":6,"href":"https:\/\/www.spnborek.ostnet.pl\/index.php\/wp-json\/wp\/v2\/pages\/1422\/revisions"}],"predecessor-version":[{"id":1431,"href":"https:\/\/www.spnborek.ostnet.pl\/index.php\/wp-json\/wp\/v2\/pages\/1422\/revisions\/1431"}],"wp:attachment":[{"href":"https:\/\/www.spnborek.ostnet.pl\/index.php\/wp-json\/wp\/v2\/media?parent=1422"}],"curies":[{"name":"wp","href":"https:\/\/api.w.org\/{rel}","templated":true}]}}