{"id":1000,"date":"2020-05-13T20:26:59","date_gmt":"2020-05-13T18:26:59","guid":{"rendered":"https:\/\/www.spnborek.ostnet.pl\/?page_id=1000"},"modified":"2020-05-13T20:29:28","modified_gmt":"2020-05-13T18:29:28","slug":"cyberprzemoc","status":"publish","type":"page","link":"https:\/\/www.spnborek.ostnet.pl\/index.php\/cyberprzemoc\/","title":{"rendered":"Cyberprzemoc"},"content":{"rendered":"<p style=\"font-weight: 400;\">W trosce o bezpiecze\u0144stwo naszych uczni\u00f3w w sieci polecamy rodzicom lektur\u0119:<\/p>\n<ul>\n<li><a href=\"https:\/\/www.spnborek.ostnet.pl\/wp-content\/uploads\/2020\/05\/Poradnik_cyberprzemoc_www-3.pdf\">Poradnik &#8211; cyberprzemoc<\/a><\/li>\n<li><a href=\"https:\/\/www.spnborek.ostnet.pl\/wp-content\/uploads\/2020\/05\/cyberprzemoc-informacje-dla-rodzic\u00f3w-1.pdf\">Cyberprzemoc informacje dla rodzic\u00f3w<\/a><\/li>\n<li><a href=\"https:\/\/www.spnborek.ostnet.pl\/wp-content\/uploads\/2020\/05\/Cyberprzemoc-policja.pdf\">Jak reagowa\u0107 na cyberprzemoc<\/a><\/li>\n<\/ul>\n<p>Jednocze\u015bnie przypominamy, \u017ce w okresie zawieszenia pracy szko\u0142y uczniowie s\u0105 bardziej nara\u017ceni na niebezpiecze\u0144stwa cyfrowe. Prosimy o kontrolowanie aktywno\u015bci dzieci w sieci, cz\u0119ste rozmowy o zagro\u017ceniach jakie niesie korzystanie z Internetu. W sytuacjach, kt\u00f3re budz\u0105 pa\u0144stwa niepok\u00f3j prosimy o kontakt z pedagogiem szkolnym lub innymi instytucjami dzia\u0142aj\u0105cymi&nbsp;w zakresie udzielania pomocy ofiarom cyberprzest\u0119pstw. Jednocze\u015bnie zach\u0119camy do analizy &#8222;Procedury bezpiecznego pobytu ucznia w szkole&#8221; zamieszczonych na naszej stronie internetowej oraz tre\u015bci na&nbsp;<a href=\"https:\/\/www.cyfrowobezpieczni.pl\/gdzie-szukac-pomocy\" target=\"_blank\" rel=\"noopener noreferrer\" data-saferedirecturl=\"https:\/\/www.google.com\/url?q=https:\/\/www.cyfrowobezpieczni.pl\/gdzie-szukac-pomocy&amp;source=gmail&amp;ust=1589479658149000&amp;usg=AFQjCNExBDplS57ED_ymVKecXF_c_CUFQw\">https:\/\/www.cyfrowobezpieczni.<wbr>pl<\/a><\/p>\n","protected":false},"excerpt":{"rendered":"<p>W trosce o bezpiecze\u0144stwo naszych uczni\u00f3w w sieci polecamy rodzicom lektur\u0119: Poradnik &#8211; cyberprzemoc Cyberprzemoc informacje dla rodzic\u00f3w Jak reagowa\u0107 na cyberprzemoc Jednocze\u015bnie przypominamy, \u017ce w okresie zawieszenia pracy szko\u0142y uczniowie s\u0105 bardziej nara\u017ceni na niebezpiecze\u0144stwa cyfrowe. Prosimy o kontrolowanie aktywno\u015bci dzieci w sieci, cz\u0119ste rozmowy o zagro\u017ceniach jakie niesie korzystanie z Internetu. W sytuacjach, [&hellip;]<\/p>\n","protected":false},"author":1,"featured_media":0,"parent":0,"menu_order":0,"comment_status":"closed","ping_status":"closed","template":"","meta":{"ngg_post_thumbnail":0,"footnotes":""},"class_list":["post-1000","page","type-page","status-publish","hentry"],"yoast_head":"<!-- This site is optimized with the Yoast SEO plugin v22.5 - https:\/\/yoast.com\/wordpress\/plugins\/seo\/ -->\n<title>Cyberprzemoc - Szko\u0142a Podstawowa w Nowym Borku<\/title>\n<meta name=\"robots\" content=\"index, follow, max-snippet:-1, max-image-preview:large, max-video-preview:-1\" \/>\n<link rel=\"canonical\" href=\"https:\/\/www.spnborek.ostnet.pl\/index.php\/cyberprzemoc\/\" \/>\n<meta property=\"og:locale\" content=\"pl_PL\" \/>\n<meta property=\"og:type\" content=\"article\" \/>\n<meta property=\"og:title\" content=\"Cyberprzemoc - Szko\u0142a Podstawowa w Nowym Borku\" \/>\n<meta property=\"og:description\" content=\"W trosce o bezpiecze\u0144stwo naszych uczni\u00f3w w sieci polecamy rodzicom lektur\u0119: Poradnik &#8211; cyberprzemoc Cyberprzemoc informacje dla rodzic\u00f3w Jak reagowa\u0107 na cyberprzemoc Jednocze\u015bnie przypominamy, \u017ce w okresie zawieszenia pracy szko\u0142y uczniowie s\u0105 bardziej nara\u017ceni na niebezpiecze\u0144stwa cyfrowe. Prosimy o kontrolowanie aktywno\u015bci dzieci w sieci, cz\u0119ste rozmowy o zagro\u017ceniach jakie niesie korzystanie z Internetu. W sytuacjach, [&hellip;]\" \/>\n<meta property=\"og:url\" content=\"https:\/\/www.spnborek.ostnet.pl\/index.php\/cyberprzemoc\/\" \/>\n<meta property=\"og:site_name\" content=\"Szko\u0142a Podstawowa w Nowym Borku\" \/>\n<meta property=\"article:publisher\" content=\"https:\/\/www.facebook.com\/SzkolaPodstawowawNowymBorku\/\" \/>\n<meta property=\"article:modified_time\" content=\"2020-05-13T18:29:28+00:00\" \/>\n<meta name=\"twitter:card\" content=\"summary_large_image\" \/>\n<meta name=\"twitter:label1\" content=\"Szacowany czas czytania\" \/>\n\t<meta name=\"twitter:data1\" content=\"1 minuta\" \/>\n<script type=\"application\/ld+json\" class=\"yoast-schema-graph\">{\"@context\":\"https:\/\/schema.org\",\"@graph\":[{\"@type\":\"WebPage\",\"@id\":\"https:\/\/www.spnborek.ostnet.pl\/index.php\/cyberprzemoc\/\",\"url\":\"https:\/\/www.spnborek.ostnet.pl\/index.php\/cyberprzemoc\/\",\"name\":\"Cyberprzemoc - Szko\u0142a Podstawowa w Nowym Borku\",\"isPartOf\":{\"@id\":\"https:\/\/www.spnborek.ostnet.pl\/#website\"},\"datePublished\":\"2020-05-13T18:26:59+00:00\",\"dateModified\":\"2020-05-13T18:29:28+00:00\",\"breadcrumb\":{\"@id\":\"https:\/\/www.spnborek.ostnet.pl\/index.php\/cyberprzemoc\/#breadcrumb\"},\"inLanguage\":\"pl-PL\",\"potentialAction\":[{\"@type\":\"ReadAction\",\"target\":[\"https:\/\/www.spnborek.ostnet.pl\/index.php\/cyberprzemoc\/\"]}]},{\"@type\":\"BreadcrumbList\",\"@id\":\"https:\/\/www.spnborek.ostnet.pl\/index.php\/cyberprzemoc\/#breadcrumb\",\"itemListElement\":[{\"@type\":\"ListItem\",\"position\":1,\"name\":\"Strona g\u0142\u00f3wna\",\"item\":\"https:\/\/www.spnborek.ostnet.pl\/\"},{\"@type\":\"ListItem\",\"position\":2,\"name\":\"Cyberprzemoc\"}]},{\"@type\":\"WebSite\",\"@id\":\"https:\/\/www.spnborek.ostnet.pl\/#website\",\"url\":\"https:\/\/www.spnborek.ostnet.pl\/\",\"name\":\"Szko\u0142a Podstawowa w Nowym Borku\",\"description\":\"Szko\u0142a Podstawowa w Nowym Borku im. gen. bryg. Mieczys\u0142awa Boruty-Spiechowicza\",\"publisher\":{\"@id\":\"https:\/\/www.spnborek.ostnet.pl\/#organization\"},\"potentialAction\":[{\"@type\":\"SearchAction\",\"target\":{\"@type\":\"EntryPoint\",\"urlTemplate\":\"https:\/\/www.spnborek.ostnet.pl\/?s={search_term_string}\"},\"query-input\":\"required name=search_term_string\"}],\"inLanguage\":\"pl-PL\"},{\"@type\":\"Organization\",\"@id\":\"https:\/\/www.spnborek.ostnet.pl\/#organization\",\"name\":\"Szko\u0142a Podstawowa w Nowym Borku\",\"url\":\"https:\/\/www.spnborek.ostnet.pl\/\",\"logo\":{\"@type\":\"ImageObject\",\"inLanguage\":\"pl-PL\",\"@id\":\"https:\/\/www.spnborek.ostnet.pl\/#\/schema\/logo\/image\/\",\"url\":\"https:\/\/www.spnborek.ostnet.pl\/wp-content\/uploads\/2020\/01\/logo-2-e1579378838968.png\",\"contentUrl\":\"https:\/\/www.spnborek.ostnet.pl\/wp-content\/uploads\/2020\/01\/logo-2-e1579378838968.png\",\"width\":80,\"height\":75,\"caption\":\"Szko\u0142a Podstawowa w Nowym Borku\"},\"image\":{\"@id\":\"https:\/\/www.spnborek.ostnet.pl\/#\/schema\/logo\/image\/\"},\"sameAs\":[\"https:\/\/www.facebook.com\/SzkolaPodstawowawNowymBorku\/\"]}]}<\/script>\n<!-- \/ Yoast SEO plugin. -->","yoast_head_json":{"title":"Cyberprzemoc - Szko\u0142a Podstawowa w Nowym Borku","robots":{"index":"index","follow":"follow","max-snippet":"max-snippet:-1","max-image-preview":"max-image-preview:large","max-video-preview":"max-video-preview:-1"},"canonical":"https:\/\/www.spnborek.ostnet.pl\/index.php\/cyberprzemoc\/","og_locale":"pl_PL","og_type":"article","og_title":"Cyberprzemoc - Szko\u0142a Podstawowa w Nowym Borku","og_description":"W trosce o bezpiecze\u0144stwo naszych uczni\u00f3w w sieci polecamy rodzicom lektur\u0119: Poradnik &#8211; cyberprzemoc Cyberprzemoc informacje dla rodzic\u00f3w Jak reagowa\u0107 na cyberprzemoc Jednocze\u015bnie przypominamy, \u017ce w okresie zawieszenia pracy szko\u0142y uczniowie s\u0105 bardziej nara\u017ceni na niebezpiecze\u0144stwa cyfrowe. Prosimy o kontrolowanie aktywno\u015bci dzieci w sieci, cz\u0119ste rozmowy o zagro\u017ceniach jakie niesie korzystanie z Internetu. W sytuacjach, [&hellip;]","og_url":"https:\/\/www.spnborek.ostnet.pl\/index.php\/cyberprzemoc\/","og_site_name":"Szko\u0142a Podstawowa w Nowym Borku","article_publisher":"https:\/\/www.facebook.com\/SzkolaPodstawowawNowymBorku\/","article_modified_time":"2020-05-13T18:29:28+00:00","twitter_card":"summary_large_image","twitter_misc":{"Szacowany czas czytania":"1 minuta"},"schema":{"@context":"https:\/\/schema.org","@graph":[{"@type":"WebPage","@id":"https:\/\/www.spnborek.ostnet.pl\/index.php\/cyberprzemoc\/","url":"https:\/\/www.spnborek.ostnet.pl\/index.php\/cyberprzemoc\/","name":"Cyberprzemoc - Szko\u0142a Podstawowa w Nowym Borku","isPartOf":{"@id":"https:\/\/www.spnborek.ostnet.pl\/#website"},"datePublished":"2020-05-13T18:26:59+00:00","dateModified":"2020-05-13T18:29:28+00:00","breadcrumb":{"@id":"https:\/\/www.spnborek.ostnet.pl\/index.php\/cyberprzemoc\/#breadcrumb"},"inLanguage":"pl-PL","potentialAction":[{"@type":"ReadAction","target":["https:\/\/www.spnborek.ostnet.pl\/index.php\/cyberprzemoc\/"]}]},{"@type":"BreadcrumbList","@id":"https:\/\/www.spnborek.ostnet.pl\/index.php\/cyberprzemoc\/#breadcrumb","itemListElement":[{"@type":"ListItem","position":1,"name":"Strona g\u0142\u00f3wna","item":"https:\/\/www.spnborek.ostnet.pl\/"},{"@type":"ListItem","position":2,"name":"Cyberprzemoc"}]},{"@type":"WebSite","@id":"https:\/\/www.spnborek.ostnet.pl\/#website","url":"https:\/\/www.spnborek.ostnet.pl\/","name":"Szko\u0142a Podstawowa w Nowym Borku","description":"Szko\u0142a Podstawowa w Nowym Borku im. gen. bryg. Mieczys\u0142awa Boruty-Spiechowicza","publisher":{"@id":"https:\/\/www.spnborek.ostnet.pl\/#organization"},"potentialAction":[{"@type":"SearchAction","target":{"@type":"EntryPoint","urlTemplate":"https:\/\/www.spnborek.ostnet.pl\/?s={search_term_string}"},"query-input":"required name=search_term_string"}],"inLanguage":"pl-PL"},{"@type":"Organization","@id":"https:\/\/www.spnborek.ostnet.pl\/#organization","name":"Szko\u0142a Podstawowa w Nowym Borku","url":"https:\/\/www.spnborek.ostnet.pl\/","logo":{"@type":"ImageObject","inLanguage":"pl-PL","@id":"https:\/\/www.spnborek.ostnet.pl\/#\/schema\/logo\/image\/","url":"https:\/\/www.spnborek.ostnet.pl\/wp-content\/uploads\/2020\/01\/logo-2-e1579378838968.png","contentUrl":"https:\/\/www.spnborek.ostnet.pl\/wp-content\/uploads\/2020\/01\/logo-2-e1579378838968.png","width":80,"height":75,"caption":"Szko\u0142a Podstawowa w Nowym Borku"},"image":{"@id":"https:\/\/www.spnborek.ostnet.pl\/#\/schema\/logo\/image\/"},"sameAs":["https:\/\/www.facebook.com\/SzkolaPodstawowawNowymBorku\/"]}]}},"_links":{"self":[{"href":"https:\/\/www.spnborek.ostnet.pl\/index.php\/wp-json\/wp\/v2\/pages\/1000","targetHints":{"allow":["GET"]}}],"collection":[{"href":"https:\/\/www.spnborek.ostnet.pl\/index.php\/wp-json\/wp\/v2\/pages"}],"about":[{"href":"https:\/\/www.spnborek.ostnet.pl\/index.php\/wp-json\/wp\/v2\/types\/page"}],"author":[{"embeddable":true,"href":"https:\/\/www.spnborek.ostnet.pl\/index.php\/wp-json\/wp\/v2\/users\/1"}],"replies":[{"embeddable":true,"href":"https:\/\/www.spnborek.ostnet.pl\/index.php\/wp-json\/wp\/v2\/comments?post=1000"}],"version-history":[{"count":2,"href":"https:\/\/www.spnborek.ostnet.pl\/index.php\/wp-json\/wp\/v2\/pages\/1000\/revisions"}],"predecessor-version":[{"id":1006,"href":"https:\/\/www.spnborek.ostnet.pl\/index.php\/wp-json\/wp\/v2\/pages\/1000\/revisions\/1006"}],"wp:attachment":[{"href":"https:\/\/www.spnborek.ostnet.pl\/index.php\/wp-json\/wp\/v2\/media?parent=1000"}],"curies":[{"name":"wp","href":"https:\/\/api.w.org\/{rel}","templated":true}]}}